{"id":7655,"date":"2025-03-31T14:47:47","date_gmt":"2025-03-31T14:47:47","guid":{"rendered":"https:\/\/www.grupotagar.com\/recrutamento\/"},"modified":"2025-11-18T09:27:49","modified_gmt":"2025-11-18T09:27:49","slug":"spontaneous-application","status":"publish","type":"page","link":"https:\/\/www.grupotagar.com\/en\/recruitment\/spontaneous-application\/","title":{"rendered":"Spontaneous Application"},"content":{"rendered":"<div class=\"gb-container gb-container-b53dfba3\" id=\"historia\">\n<div class=\"gb-container gb-container-d444a297\">\n\n<h1 class=\"gb-headline gb-headline-4076eaeb gb-headline-text\">Spontaneous Application<\/h1>\n\n\n\n<hr>\n\n\n\n<h3 class=\"gb-headline gb-headline-aa054db1 gb-headline-text\">Spontaneous Application<\/h3>\n\n\n\n<p><strong>Join our team!<\/strong><br>Please fill out the fields in the form below:<\/p>\n\n\n\n<div class=\"wpcf7 no-js\" id=\"wpcf7-f7665-o1\" lang=\"pt-PT\" dir=\"ltr\" data-wpcf7-id=\"7665\">\n<div class=\"screen-reader-response\"><p role=\"status\" aria-live=\"polite\" aria-atomic=\"true\"><\/p> <ul><\/ul><\/div>\n<form action=\"\/en\/wp-json\/wp\/v2\/pages\/7655#wpcf7-f7665-o1\" method=\"post\" class=\"wpcf7-form init\" aria-label=\"Formul\u00e1rio de contacto\" enctype=\"multipart\/form-data\" novalidate=\"novalidate\" data-status=\"init\">\n<fieldset class=\"hidden-fields-container\"><input type=\"hidden\" name=\"_wpcf7\" value=\"7665\" \/><input type=\"hidden\" name=\"_wpcf7_version\" value=\"6.1.5\" \/><input type=\"hidden\" name=\"_wpcf7_locale\" value=\"pt_PT\" \/><input type=\"hidden\" name=\"_wpcf7_unit_tag\" value=\"wpcf7-f7665-o1\" \/><input type=\"hidden\" name=\"_wpcf7_container_post\" value=\"0\" \/><input type=\"hidden\" name=\"_wpcf7_posted_data_hash\" value=\"\" \/><input type=\"hidden\" name=\"_wpcf7dtx_version\" value=\"5.0.5\" \/><input type=\"hidden\" name=\"_wpcf7cf_hidden_group_fields\" value=\"[]\" \/><input type=\"hidden\" name=\"_wpcf7cf_hidden_groups\" value=\"[]\" \/><input type=\"hidden\" name=\"_wpcf7cf_visible_groups\" value=\"[]\" \/><input type=\"hidden\" name=\"_wpcf7cf_repeaters\" value=\"[]\" \/><input type=\"hidden\" name=\"_wpcf7cf_steps\" value=\"{}\" \/><input type=\"hidden\" name=\"_wpcf7cf_options\" value=\"{&quot;form_id&quot;:7665,&quot;conditions&quot;:[],&quot;settings&quot;:{&quot;animation&quot;:&quot;yes&quot;,&quot;animation_intime&quot;:200,&quot;animation_outtime&quot;:200,&quot;conditions_ui&quot;:&quot;normal&quot;,&quot;notice_dismissed&quot;:false,&quot;notice_dismissed_rollback-cf7-5.8&quot;:true,&quot;notice_dismissed_rollback-cf7-5.8.6&quot;:true,&quot;notice_dismissed_rollback-cf7-5.9.2&quot;:true,&quot;notice_dismissed_rollback-cf7-5.9.5&quot;:true}}\" \/><input type=\"hidden\" name=\"_wpcf7_recaptcha_response\" value=\"\" \/>\n<\/fieldset>\n<div class=\"contactform-style1\">\n\t<div class=\"grid-100 tablet-grid-100 mobile-grid-100 first-column\">\n\t\t<p><span class=\"wpcf7-form-control-wrap\" data-name=\"your-name\"><input size=\"40\" maxlength=\"400\" class=\"wpcf7-form-control wpcf7-text wpcf7-validates-as-required\" aria-required=\"true\" aria-invalid=\"false\" placeholder=\"Name *\" value=\"\" type=\"text\" name=\"your-name\" \/><\/span>\n\t\t<\/p>\n\t<\/div>\n\t<div class=\"grid-50 tablet-grid-50 mobile-grid-100 first-column\">\n\t\t<p><span class=\"wpcf7-form-control-wrap\" data-name=\"your-email\"><input size=\"40\" maxlength=\"400\" class=\"wpcf7-form-control wpcf7-email wpcf7-validates-as-required wpcf7-text wpcf7-validates-as-email\" aria-required=\"true\" aria-invalid=\"false\" placeholder=\"E-Mail *\" value=\"\" type=\"email\" name=\"your-email\" \/><\/span>\n\t\t<\/p>\n\t<\/div>\n\t<div class=\"grid-50 tablet-grid-50 mobile-grid-100 first-column\">\n\t\t<p><span class=\"wpcf7-form-control-wrap\" data-name=\"phone-number\"><input size=\"40\" maxlength=\"400\" class=\"wpcf7-form-control wpcf7-tel wpcf7-validates-as-required wpcf7-text wpcf7-validates-as-tel\" aria-required=\"true\" aria-invalid=\"false\" placeholder=\"Phone (include country code)*\" value=\"\" type=\"tel\" name=\"phone-number\" \/><\/span>\n\t\t<\/p>\n\t<\/div>\n\t<div class=\"grid-100 tablet-grid-100 mobile-grid-100 first-column\">\n\t\t<p><span class=\"wpcf7-form-control-wrap\" data-name=\"your-city\"><input size=\"40\" maxlength=\"400\" class=\"wpcf7-form-control wpcf7-text wpcf7-validates-as-required\" aria-required=\"true\" aria-invalid=\"false\" placeholder=\"Place of residence *\" value=\"\" type=\"text\" name=\"your-city\" \/><\/span>\n\t\t<\/p>\n\t<\/div>\n\t<div class=\"grid-50 tablet-grid-100 mobile-grid-100 first-column\" style=\"text-align:left;\">\n\t\t<div style=\"font-weight:bold;font-size:16px;\">\n\t\t\t<p>Area*:\n\t\t\t<\/p>\n\t\t<\/div>\n\t\t<p><span class=\"wpcf7-form-control-wrap\" data-name=\"your-areas\"><span class=\"wpcf7-form-control wpcf7-checkbox wpcf7-validates-as-required\"><span class=\"wpcf7-list-item first\"><input type=\"checkbox\" name=\"your-areas[]\" value=\"Commercial\" \/><span class=\"wpcf7-list-item-label\">Commercial<\/span><\/span><span class=\"wpcf7-list-item\"><input type=\"checkbox\" name=\"your-areas[]\" value=\"Finance Department\" \/><span class=\"wpcf7-list-item-label\">Finance Department<\/span><\/span><span class=\"wpcf7-list-item\"><input type=\"checkbox\" name=\"your-areas[]\" value=\"Fleet Management\" \/><span class=\"wpcf7-list-item-label\">Fleet Management<\/span><\/span><span class=\"wpcf7-list-item\"><input type=\"checkbox\" name=\"your-areas[]\" value=\"IT\" \/><span class=\"wpcf7-list-item-label\">IT<\/span><\/span><span class=\"wpcf7-list-item\"><input type=\"checkbox\" name=\"your-areas[]\" value=\"Maintenance\" \/><span class=\"wpcf7-list-item-label\">Maintenance<\/span><\/span><span class=\"wpcf7-list-item\"><input type=\"checkbox\" name=\"your-areas[]\" value=\"Driver\" \/><span class=\"wpcf7-list-item-label\">Driver<\/span><\/span><span class=\"wpcf7-list-item\"><input type=\"checkbox\" name=\"your-areas[]\" value=\"Quality, Environment, and Safety\" \/><span class=\"wpcf7-list-item-label\">Quality, Environment, and Safety<\/span><\/span><span class=\"wpcf7-list-item\"><input type=\"checkbox\" name=\"your-areas[]\" value=\"Human Resources (HR)\" \/><span class=\"wpcf7-list-item-label\">Human Resources (HR)<\/span><\/span><span class=\"wpcf7-list-item last\"><input type=\"checkbox\" name=\"your-areas[]\" value=\"Traffic\" \/><span class=\"wpcf7-list-item-label\">Traffic<\/span><\/span><\/span><\/span>\n\t\t<\/p>\n\t<\/div>\n\t<div class=\"grid-50 tablet-grid-100 mobile-grid-100 first-column\" style=\"text-align:left;\">\n\t\t<div style=\"font-weight:bold;font-size:16px;\">\n\t\t\t<p>Function*:\n\t\t\t<\/p>\n\t\t<\/div>\n\t\t<p><span class=\"wpcf7-form-control-wrap\" data-name=\"your-funcao\"><span class=\"wpcf7-form-control wpcf7-checkbox wpcf7-validates-as-required\"><span class=\"wpcf7-list-item first\"><label><input type=\"checkbox\" name=\"your-funcao[]\" value=\"Administrative\" \/><span class=\"wpcf7-list-item-label\">Administrative<\/span><\/label><\/span><span class=\"wpcf7-list-item\"><label><input type=\"checkbox\" name=\"your-funcao[]\" value=\"Crane Operations\" \/><span class=\"wpcf7-list-item-label\">Crane Operations<\/span><\/label><\/span><span class=\"wpcf7-list-item\"><label><input type=\"checkbox\" name=\"your-funcao[]\" value=\"Truck Operations\" \/><span class=\"wpcf7-list-item-label\">Truck Operations<\/span><\/label><\/span><span class=\"wpcf7-list-item\"><label><input type=\"checkbox\" name=\"your-funcao[]\" value=\"Painter\" \/><span class=\"wpcf7-list-item-label\">Painter<\/span><\/label><\/span><span class=\"wpcf7-list-item last\"><label><input type=\"checkbox\" name=\"your-funcao[]\" value=\"Mechanic\" \/><span class=\"wpcf7-list-item-label\">Mechanic<\/span><\/label><\/span><\/span><\/span>\n\t\t<\/p>\n\t<\/div>\n\t<div class=\"grid-100 tablet-grid-100 mobile-grid-100 first-column\" style=\"text-align:left;\">\n\t\t<p><span class=\"wpcf7-form-control-wrap\" data-name=\"conhecimento\"><select class=\"wpcf7-form-control wpcf7-select wpcf7-validates-as-required\" aria-required=\"true\" aria-invalid=\"false\" name=\"conhecimento\"><option value=\"\">-- How did you learn about our company?* --<\/option><option value=\"Social media\">Social media<\/option><option value=\"Group website\">Group website<\/option><option value=\"Family\/Friends\">Family\/Friends<\/option><option value=\"LinkedIn\">LinkedIn<\/option><option value=\"Career websites\">Career websites<\/option><option value=\"Flyer\">Flyer<\/option><option value=\"Others\">Others<\/option><\/select><\/span>\n\t\t<\/p>\n\t<\/div>\n\t<div class=\"grid-50 tablet-grid-50 mobile-grid-100 first-column\" style=\"text-align:left;\">\n\t\t<p><b>Upload Resume (CV):<\/b><br \/>\n<i>Accepted files: .pdf or .doc (maximum 16MB)<\/i>\n\t\t<\/p>\n\t\t<p><span class=\"wpcf7-form-control-wrap\" data-name=\"cv\"><input size=\"40\" class=\"wpcf7-form-control wpcf7-file wpcf7-validates-as-required\" accept=\".pdf,.doc,.docx\" aria-required=\"true\" aria-invalid=\"false\" type=\"file\" name=\"cv\" \/><\/span>\n\t\t<\/p>\n\t<\/div>\n\t<div class=\"grid-100 tablet-grid-100 mobile-grid-100 first-column\">\n\t\t<p><span class=\"wpcf7-form-control-wrap\" data-name=\"your-message\"><textarea cols=\"40\" rows=\"10\" maxlength=\"2000\" class=\"wpcf7-form-control wpcf7-textarea wpcf7-validates-as-required\" aria-required=\"true\" aria-invalid=\"false\" placeholder=\"Comments *\" name=\"your-message\"><\/textarea><\/span>\n\t\t<\/p>\n\t<\/div>\n\t<div class=\"grid-100 tablet-grid-100 mobile-grid-100 first-column\" style=\"text-align:left;font-size:12px;line-height:2em;margin-top: 10px;\">\n\t\t<p><span class=\"wpcf7-form-control-wrap\" data-name=\"rgpd\"><span class=\"wpcf7-form-control wpcf7-acceptance\"><span class=\"wpcf7-list-item\"><label><input type=\"checkbox\" name=\"rgpd\" value=\"1\" aria-invalid=\"false\" \/><span class=\"wpcf7-list-item-label\">I authorize EuroTagar - Com\u00e9rcio de M\u00e1quinas P\/ Constru\u00e7\u00e3o Lda to collect my personal data and use it exclusively for communication purposes related to the reason for contact.<\/span><\/label><\/span><\/span><\/span>\n\t\t<\/p>\n\t<\/div>\n\t<div class=\"grid-100 tablet-grid-100 mobile-grid-100 first-column\">\n\t\t<p><input class=\"wpcf7-form-control wpcf7-submit has-spinner\" type=\"submit\" value=\"Send Now &gt;\" \/>\n\t\t<\/p>\n\t<\/div>\n<\/div><div class=\"wpcf7-response-output\" aria-hidden=\"true\"><\/div>\n<\/form>\n<\/div>\n\n\n<\/div>\n<\/div>","protected":false},"excerpt":{"rendered":"<p>Spontaneous Application Spontaneous Application Join our team!Please fill out the fields in the form below:<\/p>\n","protected":false},"author":1,"featured_media":0,"parent":8254,"menu_order":1,"comment_status":"closed","ping_status":"closed","template":"","meta":{"footnotes":""},"class_list":{"0":"post-7655","1":"page","2":"type-page","3":"status-publish","5":"infinite-scroll-item"},"yoast_head":"<!-- This site is optimized with the Yoast SEO plugin v27.4 - https:\/\/yoast.com\/product\/yoast-seo-wordpress\/ -->\n<title>Grupo Tagar - Mais de 35 Anos de Experi\u00eancia - Sobre N\u00f3s<\/title>\n<meta name=\"description\" content=\"Com mais de 35 anos de experi\u00eancia, a hist\u00f3ria do GRUPO TAGAR soma d\u00e9cadas de experi\u00eancias, desafios e grandes metas alcan\u00e7adas. Conhe\u00e7a a nossa hist\u00f3ria!\" \/>\n<meta name=\"robots\" content=\"index, follow, max-snippet:-1, max-image-preview:large, max-video-preview:-1\" \/>\n<link rel=\"canonical\" href=\"https:\/\/www.grupotagar.com\/en\/recruitment\/spontaneous-application\/\" \/>\n<meta property=\"og:locale\" content=\"en_US\" \/>\n<meta property=\"og:type\" content=\"article\" \/>\n<meta property=\"og:title\" content=\"Grupo Tagar - Mais de 35 Anos de Experi\u00eancia - Sobre N\u00f3s\" \/>\n<meta property=\"og:description\" content=\"Com mais de 35 anos de experi\u00eancia, a hist\u00f3ria do GRUPO TAGAR soma d\u00e9cadas de experi\u00eancias, desafios e grandes metas alcan\u00e7adas. Conhe\u00e7a a nossa hist\u00f3ria!\" \/>\n<meta property=\"og:url\" content=\"https:\/\/www.grupotagar.com\/en\/recruitment\/spontaneous-application\/\" \/>\n<meta property=\"og:site_name\" content=\"Grupo Tagar\" \/>\n<meta property=\"article:publisher\" content=\"https:\/\/www.facebook.com\/grupotagar\/\" \/>\n<meta property=\"article:modified_time\" content=\"2025-11-18T09:27:49+00:00\" \/>\n<meta name=\"twitter:card\" content=\"summary_large_image\" \/>\n<meta name=\"twitter:label1\" content=\"Est. reading time\" \/>\n\t<meta name=\"twitter:data1\" content=\"1 minute\" \/>\n<script type=\"application\/ld+json\" class=\"yoast-schema-graph\">{\"@context\":\"https:\\\/\\\/schema.org\",\"@graph\":[{\"@type\":\"WebPage\",\"@id\":\"https:\\\/\\\/www.grupotagar.com\\\/en\\\/recruitment\\\/spontaneous-application\\\/\",\"url\":\"https:\\\/\\\/www.grupotagar.com\\\/en\\\/recruitment\\\/spontaneous-application\\\/\",\"name\":\"Grupo Tagar - Mais de 35 Anos de Experi\u00eancia - Sobre N\u00f3s\",\"isPartOf\":{\"@id\":\"https:\\\/\\\/www.grupotagar.com\\\/en\\\/#website\"},\"datePublished\":\"2025-03-31T14:47:47+00:00\",\"dateModified\":\"2025-11-18T09:27:49+00:00\",\"description\":\"Com mais de 35 anos de experi\u00eancia, a hist\u00f3ria do GRUPO TAGAR soma d\u00e9cadas de experi\u00eancias, desafios e grandes metas alcan\u00e7adas. Conhe\u00e7a a nossa hist\u00f3ria!\",\"breadcrumb\":{\"@id\":\"https:\\\/\\\/www.grupotagar.com\\\/en\\\/recruitment\\\/spontaneous-application\\\/#breadcrumb\"},\"inLanguage\":\"en-US\",\"potentialAction\":[{\"@type\":\"ReadAction\",\"target\":[\"https:\\\/\\\/www.grupotagar.com\\\/en\\\/recruitment\\\/spontaneous-application\\\/\"]}]},{\"@type\":\"BreadcrumbList\",\"@id\":\"https:\\\/\\\/www.grupotagar.com\\\/en\\\/recruitment\\\/spontaneous-application\\\/#breadcrumb\",\"itemListElement\":[{\"@type\":\"ListItem\",\"position\":1,\"name\":\"In\u00edcio\",\"item\":\"https:\\\/\\\/www.grupotagar.com\\\/en\\\/\"},{\"@type\":\"ListItem\",\"position\":2,\"name\":\"Recruitment\",\"item\":\"https:\\\/\\\/www.grupotagar.com\\\/en\\\/recruitment\\\/\"},{\"@type\":\"ListItem\",\"position\":3,\"name\":\"Spontaneous Application\"}]},{\"@type\":\"WebSite\",\"@id\":\"https:\\\/\\\/www.grupotagar.com\\\/en\\\/#website\",\"url\":\"https:\\\/\\\/www.grupotagar.com\\\/en\\\/\",\"name\":\"Grupo Tagar\",\"description\":\"We Make Your Project Happen\",\"publisher\":{\"@id\":\"https:\\\/\\\/www.grupotagar.com\\\/en\\\/#organization\"},\"potentialAction\":[{\"@type\":\"SearchAction\",\"target\":{\"@type\":\"EntryPoint\",\"urlTemplate\":\"https:\\\/\\\/www.grupotagar.com\\\/en\\\/?s={search_term_string}\"},\"query-input\":{\"@type\":\"PropertyValueSpecification\",\"valueRequired\":true,\"valueName\":\"search_term_string\"}}],\"inLanguage\":\"en-US\"},{\"@type\":\"Organization\",\"@id\":\"https:\\\/\\\/www.grupotagar.com\\\/en\\\/#organization\",\"name\":\"Grupo Tagar\",\"url\":\"https:\\\/\\\/www.grupotagar.com\\\/en\\\/\",\"logo\":{\"@type\":\"ImageObject\",\"inLanguage\":\"en-US\",\"@id\":\"https:\\\/\\\/www.grupotagar.com\\\/en\\\/#\\\/schema\\\/logo\\\/image\\\/\",\"url\":\"https:\\\/\\\/www.grupotagar.com\\\/wp-content\\\/uploads\\\/2019\\\/07\\\/grupotagar.png\",\"contentUrl\":\"https:\\\/\\\/www.grupotagar.com\\\/wp-content\\\/uploads\\\/2019\\\/07\\\/grupotagar.png\",\"width\":210,\"height\":80,\"caption\":\"Grupo Tagar\"},\"image\":{\"@id\":\"https:\\\/\\\/www.grupotagar.com\\\/en\\\/#\\\/schema\\\/logo\\\/image\\\/\"},\"sameAs\":[\"https:\\\/\\\/www.facebook.com\\\/grupotagar\\\/\",\"https:\\\/\\\/www.linkedin.com\\\/company\\\/grupotagar\\\/\",\"https:\\\/\\\/www.youtube.com\\\/user\\\/grupotagar\"]}]}<\/script>\n<!-- \/ Yoast SEO plugin. -->","yoast_head_json":{"title":"Grupo Tagar - Mais de 35 Anos de Experi\u00eancia - Sobre N\u00f3s","description":"Com mais de 35 anos de experi\u00eancia, a hist\u00f3ria do GRUPO TAGAR soma d\u00e9cadas de experi\u00eancias, desafios e grandes metas alcan\u00e7adas. Conhe\u00e7a a nossa hist\u00f3ria!","robots":{"index":"index","follow":"follow","max-snippet":"max-snippet:-1","max-image-preview":"max-image-preview:large","max-video-preview":"max-video-preview:-1"},"canonical":"https:\/\/www.grupotagar.com\/en\/recruitment\/spontaneous-application\/","og_locale":"en_US","og_type":"article","og_title":"Grupo Tagar - Mais de 35 Anos de Experi\u00eancia - Sobre N\u00f3s","og_description":"Com mais de 35 anos de experi\u00eancia, a hist\u00f3ria do GRUPO TAGAR soma d\u00e9cadas de experi\u00eancias, desafios e grandes metas alcan\u00e7adas. Conhe\u00e7a a nossa hist\u00f3ria!","og_url":"https:\/\/www.grupotagar.com\/en\/recruitment\/spontaneous-application\/","og_site_name":"Grupo Tagar","article_publisher":"https:\/\/www.facebook.com\/grupotagar\/","article_modified_time":"2025-11-18T09:27:49+00:00","twitter_card":"summary_large_image","twitter_misc":{"Est. reading time":"1 minute"},"schema":{"@context":"https:\/\/schema.org","@graph":[{"@type":"WebPage","@id":"https:\/\/www.grupotagar.com\/en\/recruitment\/spontaneous-application\/","url":"https:\/\/www.grupotagar.com\/en\/recruitment\/spontaneous-application\/","name":"Grupo Tagar - Mais de 35 Anos de Experi\u00eancia - Sobre N\u00f3s","isPartOf":{"@id":"https:\/\/www.grupotagar.com\/en\/#website"},"datePublished":"2025-03-31T14:47:47+00:00","dateModified":"2025-11-18T09:27:49+00:00","description":"Com mais de 35 anos de experi\u00eancia, a hist\u00f3ria do GRUPO TAGAR soma d\u00e9cadas de experi\u00eancias, desafios e grandes metas alcan\u00e7adas. Conhe\u00e7a a nossa hist\u00f3ria!","breadcrumb":{"@id":"https:\/\/www.grupotagar.com\/en\/recruitment\/spontaneous-application\/#breadcrumb"},"inLanguage":"en-US","potentialAction":[{"@type":"ReadAction","target":["https:\/\/www.grupotagar.com\/en\/recruitment\/spontaneous-application\/"]}]},{"@type":"BreadcrumbList","@id":"https:\/\/www.grupotagar.com\/en\/recruitment\/spontaneous-application\/#breadcrumb","itemListElement":[{"@type":"ListItem","position":1,"name":"In\u00edcio","item":"https:\/\/www.grupotagar.com\/en\/"},{"@type":"ListItem","position":2,"name":"Recruitment","item":"https:\/\/www.grupotagar.com\/en\/recruitment\/"},{"@type":"ListItem","position":3,"name":"Spontaneous Application"}]},{"@type":"WebSite","@id":"https:\/\/www.grupotagar.com\/en\/#website","url":"https:\/\/www.grupotagar.com\/en\/","name":"Grupo Tagar","description":"We Make Your Project Happen","publisher":{"@id":"https:\/\/www.grupotagar.com\/en\/#organization"},"potentialAction":[{"@type":"SearchAction","target":{"@type":"EntryPoint","urlTemplate":"https:\/\/www.grupotagar.com\/en\/?s={search_term_string}"},"query-input":{"@type":"PropertyValueSpecification","valueRequired":true,"valueName":"search_term_string"}}],"inLanguage":"en-US"},{"@type":"Organization","@id":"https:\/\/www.grupotagar.com\/en\/#organization","name":"Grupo Tagar","url":"https:\/\/www.grupotagar.com\/en\/","logo":{"@type":"ImageObject","inLanguage":"en-US","@id":"https:\/\/www.grupotagar.com\/en\/#\/schema\/logo\/image\/","url":"https:\/\/www.grupotagar.com\/wp-content\/uploads\/2019\/07\/grupotagar.png","contentUrl":"https:\/\/www.grupotagar.com\/wp-content\/uploads\/2019\/07\/grupotagar.png","width":210,"height":80,"caption":"Grupo Tagar"},"image":{"@id":"https:\/\/www.grupotagar.com\/en\/#\/schema\/logo\/image\/"},"sameAs":["https:\/\/www.facebook.com\/grupotagar\/","https:\/\/www.linkedin.com\/company\/grupotagar\/","https:\/\/www.youtube.com\/user\/grupotagar"]}]}},"_links":{"self":[{"href":"https:\/\/www.grupotagar.com\/en\/wp-json\/wp\/v2\/pages\/7655","targetHints":{"allow":["GET"]}}],"collection":[{"href":"https:\/\/www.grupotagar.com\/en\/wp-json\/wp\/v2\/pages"}],"about":[{"href":"https:\/\/www.grupotagar.com\/en\/wp-json\/wp\/v2\/types\/page"}],"author":[{"embeddable":true,"href":"https:\/\/www.grupotagar.com\/en\/wp-json\/wp\/v2\/users\/1"}],"replies":[{"embeddable":true,"href":"https:\/\/www.grupotagar.com\/en\/wp-json\/wp\/v2\/comments?post=7655"}],"version-history":[{"count":3,"href":"https:\/\/www.grupotagar.com\/en\/wp-json\/wp\/v2\/pages\/7655\/revisions"}],"predecessor-version":[{"id":8262,"href":"https:\/\/www.grupotagar.com\/en\/wp-json\/wp\/v2\/pages\/7655\/revisions\/8262"}],"up":[{"embeddable":true,"href":"https:\/\/www.grupotagar.com\/en\/wp-json\/wp\/v2\/pages\/8254"}],"wp:attachment":[{"href":"https:\/\/www.grupotagar.com\/en\/wp-json\/wp\/v2\/media?parent=7655"}],"curies":[{"name":"wp","href":"https:\/\/api.w.org\/{rel}","templated":true}]}}