{"id":2371,"date":"2019-10-29T13:51:54","date_gmt":"2019-10-29T13:51:54","guid":{"rendered":"https:\/\/www.grupotagar.com\/productos\/apiladores-telescopicos\/"},"modified":"2019-12-04T12:42:38","modified_gmt":"2019-12-04T12:42:38","slug":"apiladores-telescopicos","status":"publish","type":"page","link":"https:\/\/www.grupotagar.com\/es\/productos\/apiladores-telescopicos\/","title":{"rendered":"Apiladores Telesc\u00f3picos"},"content":{"rendered":"<header>\n<h1>Apiladores Telesc\u00f3picos<\/h1>\n<h3>Robusto y vers\u00e1til<\/h3>\n<\/header>\n<hr \/>\n<article>\n<p style=\"text-align: center;\">Para todas las aplicaciones de manipulaci\u00f3n de cargas, carga o colocaci\u00f3n de carga, los apiladores telesc\u00f3picos (\u201cManitou\u201d) son la soluci\u00f3n perfecta con capacidad de carga de  2, 3 y 4 toneladas y una altura de elevaci\u00f3n de 12 a 18 metros.<\/p>\n<\/article>\n<hr class=\"clear\">\n<div class=\"grid-33 tablet-grid-50 mobile-grid-100 box\">\n<div class=\"item\">\n<a class =\"product-photo\" href=\"\/wp-content\/uploads\/2019\/10\/JCB-532-120.jpg\" data-lightbox=\"roadtrip\"><img decoding=\"async\" src=\"\/wp-content\/uploads\/2019\/10\/JCB-532-120-miniatura4-min.jpg\" alt=\"JCB 532-120\"><\/a><\/p>\n<h3>JCB 532-120<\/h3>\n<div class=\"description\">\n<table>\n<tr>\n<td>Carga M\u00e1x.:<\/td>\n<td><strong>3200 Kg<\/strong><\/td>\n<\/tr>\n<tr>\n<td>Elevaci\u00f3n M\u00e1x.:<\/td>\n<td><strong>12 m<\/strong><\/td>\n<\/tr>\n<tr>\n<td>Alcance M\u00e1x.:<\/td>\n<td><strong>8 m<\/strong><\/td>\n<\/tr>\n<\/table>\n<\/div>\n<div class=\"btns\">\n<a class=\"quotation\" href=\"\/es\/solicitar-presupuesto\/?empilhadores=JCB532-120\" >Presupuesto<\/a><br \/>\n<a class=\"pdf\" target=\"_blank\" href=\"https:\/\/www.grupotagar.com\/files\/telescopics-handler\/JCB532-120.pdf\" rel=\"noopener noreferrer\">Hoja T\u00e9cnica<\/a>\n<\/div>\n<\/div>\n<\/div>\n<div class=\"grid-33 tablet-grid-50 mobile-grid-100 box\">\n<div class=\"item\">\n<a class =\"product-photo\" href=\"\/wp-content\/uploads\/2019\/10\/MANITOU-1840A-2-min.jpg\" data-lightbox=\"roadtrip\"><img decoding=\"async\" src=\"\/wp-content\/uploads\/2019\/10\/MANITOU-1840A-miniatura2-min.jpg\" alt=\"Manitou 1840A\"><\/a><\/p>\n<h3>Manitou 1840A<\/h3>\n<div class=\"description\">\n<table>\n<tr>\n<td>Carga M\u00e1x.:<\/td>\n<td><strong>4000 Kg<\/strong><\/td>\n<\/tr>\n<tr>\n<td>Elevaci\u00f3n M\u00e1x.:<\/td>\n<td><strong>18 m<\/strong><\/td>\n<\/tr>\n<tr>\n<td>Alcance M\u00e1x.:<\/td>\n<td><strong>15 m<\/strong><\/td>\n<\/tr>\n<\/table>\n<\/div>\n<div class=\"btns\">\n<a class=\"quotation\" href=\"\/es\/solicitar-presupuesto\/?empilhadores=Manitou-1840A\" >Presupuesto<\/a><\/p>\n<\/div>\n<\/div>\n<\/div>\n<div class=\"grid-33 tablet-grid-50 mobile-grid-100 box\">\n<div class=\"item\">\n<a class =\"product-photo\" href=\"\/wp-content\/uploads\/2019\/10\/MANITOU-MT-1335HA.jpg\" data-lightbox=\"roadtrip\"><img decoding=\"async\" src=\"\/wp-content\/uploads\/2019\/10\/MANITOU-MT-1335HA-miniatura.jpg\" alt=\"Manitou MT 1335HA\"><\/a><\/p>\n<h3>Manitou MT 1335HA<\/h3>\n<div class=\"description\">\n<table>\n<tr>\n<td>Carga M\u00e1x.:<\/td>\n<td><strong>3500 Kg<\/strong><\/td>\n<\/tr>\n<tr>\n<td>Elevaci\u00f3n M\u00e1x.:<\/td>\n<td><strong>12.5 m<\/strong><\/td>\n<\/tr>\n<tr>\n<td>Alcance M\u00e1x.:<\/td>\n<td><strong>8 m<\/strong><\/td>\n<\/tr>\n<\/table>\n<\/div>\n<div class=\"btns\">\n<a class=\"quotation\" href=\"\/es\/solicitar-presupuesto\/?empilhadores=Manitou-MT-1335HA\" >Presupuesto<\/a>\n<\/div>\n<\/div>\n<\/div>\n<div style=\"clear:both;\"><\/div>\n<div class=\"grid-33 tablet-grid-50 mobile-grid-100 box\">\n<div class=\"item\">\n<a class =\"product-photo\" href=\"\/wp-content\/uploads\/2019\/10\/MANITOU-MT-1335HA.jpg\" data-lightbox=\"roadtrip\"><img decoding=\"async\" src=\"\/wp-content\/uploads\/2019\/10\/MANITOU-MT-1335HA-miniatura.jpg\" alt=\"Manitou MT 1335\"><\/a><\/p>\n<h3>Manitou MT 1335<\/h3>\n<div class=\"description\">\n<table>\n<tr>\n<td>Carga M\u00e1x.:<\/td>\n<td><strong>3500 Kg<\/strong><\/td>\n<\/tr>\n<tr>\n<td>Elevaci\u00f3n M\u00e1x.:<\/td>\n<td><strong>12.5 m<\/strong><\/td>\n<\/tr>\n<tr>\n<td>Alcance M\u00e1x.:<\/td>\n<td><strong>8 m<\/strong><\/td>\n<\/tr>\n<\/table>\n<\/div>\n<div class=\"btns\">\n<a class=\"quotation\" href=\"\/es\/solicitar-presupuesto\/?empilhadores=Manitou-MT-1335\" >Presupuesto<\/a><\/p>\n<\/div>\n<\/div>\n<\/div>\n<div style=\"clear:both;\"><\/div>\n<nav class=\"records_nav\">\n<a class=\"icon arrow prev\" href=\"\/es\/productos\/plataformas-elevadoras\/\"><span>Listado anterior<br \/><b>Plataformas Elevadoras<\/b><\/span><\/a><br \/>\n<a class=\"icon close\" href=\"\/es\/productos\/\"><span>Volver al listado<\/span><\/a><\/p>\n<hr class=\"clear\">\n<\/nav>\n","protected":false},"excerpt":{"rendered":"<p>Apiladores Telesc\u00f3picos Robusto y vers\u00e1til Para todas las aplicaciones de manipulaci\u00f3n de cargas, carga o colocaci\u00f3n de carga, los apiladores telesc\u00f3picos (\u201cManitou\u201d) son la soluci\u00f3n perfecta con capacidad de carga de 2, 3 y 4 &#8230; <\/p>\n<p class=\"read-more-container\"><a title=\"Apiladores Telesc\u00f3picos\" class=\"read-more button\" href=\"https:\/\/www.grupotagar.com\/es\/productos\/apiladores-telescopicos\/#more-2371\" aria-label=\"Leer m\u00e1s sobre Apiladores Telesc\u00f3picos\">Ler Mais +<\/a><\/p>\n","protected":false},"author":1,"featured_media":2372,"parent":2342,"menu_order":5,"comment_status":"closed","ping_status":"closed","template":"","meta":{"footnotes":""},"class_list":{"0":"post-2371","1":"page","2":"type-page","3":"status-publish","4":"has-post-thumbnail","6":"infinite-scroll-item"},"yoast_head":"<!-- This site is optimized with the Yoast SEO plugin v27.4 - https:\/\/yoast.com\/product\/yoast-seo-wordpress\/ -->\n<title>Alquiler Apiladores Telesc\u00f3picos? - Manitous - Grupo Tagar<\/title>\n<meta name=\"description\" content=\"Para movimenta\u00e7\u00e3o de cargas o colocaci\u00f3n, los apiladores telesc\u00f3picos son la soluci\u00f3n perfecta. Alta capacidad de carga y elevaci\u00f3n.\" \/>\n<meta name=\"robots\" content=\"index, follow, max-snippet:-1, max-image-preview:large, max-video-preview:-1\" \/>\n<link rel=\"canonical\" href=\"https:\/\/www.grupotagar.com\/es\/productos\/apiladores-telescopicos\/\" \/>\n<meta property=\"og:locale\" content=\"es_ES\" \/>\n<meta property=\"og:type\" content=\"article\" \/>\n<meta property=\"og:title\" content=\"Alquiler Apiladores Telesc\u00f3picos? - Manitous - Grupo Tagar\" \/>\n<meta property=\"og:description\" content=\"Para movimenta\u00e7\u00e3o de cargas o colocaci\u00f3n, los apiladores telesc\u00f3picos son la soluci\u00f3n perfecta. Alta capacidad de carga y elevaci\u00f3n.\" \/>\n<meta property=\"og:url\" content=\"https:\/\/www.grupotagar.com\/es\/productos\/apiladores-telescopicos\/\" \/>\n<meta property=\"og:site_name\" content=\"Grupo Tagar\" \/>\n<meta property=\"article:publisher\" content=\"https:\/\/www.facebook.com\/grupotagar\/\" \/>\n<meta property=\"article:modified_time\" content=\"2019-12-04T12:42:38+00:00\" \/>\n<meta property=\"og:image\" content=\"https:\/\/www.grupotagar.com\/wp-content\/uploads\/2019\/07\/manitou-min.jpg\" \/>\n\t<meta property=\"og:image:width\" content=\"930\" \/>\n\t<meta property=\"og:image:height\" content=\"709\" \/>\n\t<meta property=\"og:image:type\" content=\"image\/jpeg\" \/>\n<meta name=\"twitter:card\" content=\"summary_large_image\" \/>\n<meta name=\"twitter:label1\" content=\"Tiempo de lectura\" \/>\n\t<meta name=\"twitter:data1\" content=\"1 minuto\" \/>\n<script type=\"application\/ld+json\" class=\"yoast-schema-graph\">{\"@context\":\"https:\\\/\\\/schema.org\",\"@graph\":[{\"@type\":\"WebPage\",\"@id\":\"https:\\\/\\\/www.grupotagar.com\\\/es\\\/productos\\\/apiladores-telescopicos\\\/\",\"url\":\"https:\\\/\\\/www.grupotagar.com\\\/es\\\/productos\\\/apiladores-telescopicos\\\/\",\"name\":\"Alquiler Apiladores Telesc\u00f3picos? - Manitous - Grupo Tagar\",\"isPartOf\":{\"@id\":\"https:\\\/\\\/www.grupotagar.com\\\/es\\\/#website\"},\"primaryImageOfPage\":{\"@id\":\"https:\\\/\\\/www.grupotagar.com\\\/es\\\/productos\\\/apiladores-telescopicos\\\/#primaryimage\"},\"image\":{\"@id\":\"https:\\\/\\\/www.grupotagar.com\\\/es\\\/productos\\\/apiladores-telescopicos\\\/#primaryimage\"},\"thumbnailUrl\":\"https:\\\/\\\/www.grupotagar.com\\\/wp-content\\\/uploads\\\/2019\\\/07\\\/manitou-min.jpg\",\"datePublished\":\"2019-10-29T13:51:54+00:00\",\"dateModified\":\"2019-12-04T12:42:38+00:00\",\"description\":\"Para movimenta\u00e7\u00e3o de cargas o colocaci\u00f3n, los apiladores telesc\u00f3picos son la soluci\u00f3n perfecta. Alta capacidad de carga y elevaci\u00f3n.\",\"breadcrumb\":{\"@id\":\"https:\\\/\\\/www.grupotagar.com\\\/es\\\/productos\\\/apiladores-telescopicos\\\/#breadcrumb\"},\"inLanguage\":\"es\",\"potentialAction\":[{\"@type\":\"ReadAction\",\"target\":[\"https:\\\/\\\/www.grupotagar.com\\\/es\\\/productos\\\/apiladores-telescopicos\\\/\"]}]},{\"@type\":\"ImageObject\",\"inLanguage\":\"es\",\"@id\":\"https:\\\/\\\/www.grupotagar.com\\\/es\\\/productos\\\/apiladores-telescopicos\\\/#primaryimage\",\"url\":\"https:\\\/\\\/www.grupotagar.com\\\/wp-content\\\/uploads\\\/2019\\\/07\\\/manitou-min.jpg\",\"contentUrl\":\"https:\\\/\\\/www.grupotagar.com\\\/wp-content\\\/uploads\\\/2019\\\/07\\\/manitou-min.jpg\",\"width\":930,\"height\":709},{\"@type\":\"BreadcrumbList\",\"@id\":\"https:\\\/\\\/www.grupotagar.com\\\/es\\\/productos\\\/apiladores-telescopicos\\\/#breadcrumb\",\"itemListElement\":[{\"@type\":\"ListItem\",\"position\":1,\"name\":\"In\u00edcio\",\"item\":\"https:\\\/\\\/www.grupotagar.com\\\/es\\\/\"},{\"@type\":\"ListItem\",\"position\":2,\"name\":\"Productos\",\"item\":\"https:\\\/\\\/www.grupotagar.com\\\/es\\\/productos\\\/\"},{\"@type\":\"ListItem\",\"position\":3,\"name\":\"Apiladores Telesc\u00f3picos\"}]},{\"@type\":\"WebSite\",\"@id\":\"https:\\\/\\\/www.grupotagar.com\\\/es\\\/#website\",\"url\":\"https:\\\/\\\/www.grupotagar.com\\\/es\\\/\",\"name\":\"Grupo Tagar\",\"description\":\"We Make Your Project Happen\",\"publisher\":{\"@id\":\"https:\\\/\\\/www.grupotagar.com\\\/es\\\/#organization\"},\"potentialAction\":[{\"@type\":\"SearchAction\",\"target\":{\"@type\":\"EntryPoint\",\"urlTemplate\":\"https:\\\/\\\/www.grupotagar.com\\\/es\\\/?s={search_term_string}\"},\"query-input\":{\"@type\":\"PropertyValueSpecification\",\"valueRequired\":true,\"valueName\":\"search_term_string\"}}],\"inLanguage\":\"es\"},{\"@type\":\"Organization\",\"@id\":\"https:\\\/\\\/www.grupotagar.com\\\/es\\\/#organization\",\"name\":\"Grupo Tagar\",\"url\":\"https:\\\/\\\/www.grupotagar.com\\\/es\\\/\",\"logo\":{\"@type\":\"ImageObject\",\"inLanguage\":\"es\",\"@id\":\"https:\\\/\\\/www.grupotagar.com\\\/es\\\/#\\\/schema\\\/logo\\\/image\\\/\",\"url\":\"https:\\\/\\\/www.grupotagar.com\\\/wp-content\\\/uploads\\\/2019\\\/07\\\/grupotagar.png\",\"contentUrl\":\"https:\\\/\\\/www.grupotagar.com\\\/wp-content\\\/uploads\\\/2019\\\/07\\\/grupotagar.png\",\"width\":210,\"height\":80,\"caption\":\"Grupo Tagar\"},\"image\":{\"@id\":\"https:\\\/\\\/www.grupotagar.com\\\/es\\\/#\\\/schema\\\/logo\\\/image\\\/\"},\"sameAs\":[\"https:\\\/\\\/www.facebook.com\\\/grupotagar\\\/\",\"https:\\\/\\\/www.linkedin.com\\\/company\\\/grupotagar\\\/\",\"https:\\\/\\\/www.youtube.com\\\/user\\\/grupotagar\"]}]}<\/script>\n<!-- \/ Yoast SEO plugin. -->","yoast_head_json":{"title":"Alquiler Apiladores Telesc\u00f3picos? - Manitous - Grupo Tagar","description":"Para movimenta\u00e7\u00e3o de cargas o colocaci\u00f3n, los apiladores telesc\u00f3picos son la soluci\u00f3n perfecta. Alta capacidad de carga y elevaci\u00f3n.","robots":{"index":"index","follow":"follow","max-snippet":"max-snippet:-1","max-image-preview":"max-image-preview:large","max-video-preview":"max-video-preview:-1"},"canonical":"https:\/\/www.grupotagar.com\/es\/productos\/apiladores-telescopicos\/","og_locale":"es_ES","og_type":"article","og_title":"Alquiler Apiladores Telesc\u00f3picos? - Manitous - Grupo Tagar","og_description":"Para movimenta\u00e7\u00e3o de cargas o colocaci\u00f3n, los apiladores telesc\u00f3picos son la soluci\u00f3n perfecta. Alta capacidad de carga y elevaci\u00f3n.","og_url":"https:\/\/www.grupotagar.com\/es\/productos\/apiladores-telescopicos\/","og_site_name":"Grupo Tagar","article_publisher":"https:\/\/www.facebook.com\/grupotagar\/","article_modified_time":"2019-12-04T12:42:38+00:00","og_image":[{"width":930,"height":709,"url":"https:\/\/www.grupotagar.com\/wp-content\/uploads\/2019\/07\/manitou-min.jpg","type":"image\/jpeg"}],"twitter_card":"summary_large_image","twitter_misc":{"Tiempo de lectura":"1 minuto"},"schema":{"@context":"https:\/\/schema.org","@graph":[{"@type":"WebPage","@id":"https:\/\/www.grupotagar.com\/es\/productos\/apiladores-telescopicos\/","url":"https:\/\/www.grupotagar.com\/es\/productos\/apiladores-telescopicos\/","name":"Alquiler Apiladores Telesc\u00f3picos? - Manitous - Grupo Tagar","isPartOf":{"@id":"https:\/\/www.grupotagar.com\/es\/#website"},"primaryImageOfPage":{"@id":"https:\/\/www.grupotagar.com\/es\/productos\/apiladores-telescopicos\/#primaryimage"},"image":{"@id":"https:\/\/www.grupotagar.com\/es\/productos\/apiladores-telescopicos\/#primaryimage"},"thumbnailUrl":"https:\/\/www.grupotagar.com\/wp-content\/uploads\/2019\/07\/manitou-min.jpg","datePublished":"2019-10-29T13:51:54+00:00","dateModified":"2019-12-04T12:42:38+00:00","description":"Para movimenta\u00e7\u00e3o de cargas o colocaci\u00f3n, los apiladores telesc\u00f3picos son la soluci\u00f3n perfecta. Alta capacidad de carga y elevaci\u00f3n.","breadcrumb":{"@id":"https:\/\/www.grupotagar.com\/es\/productos\/apiladores-telescopicos\/#breadcrumb"},"inLanguage":"es","potentialAction":[{"@type":"ReadAction","target":["https:\/\/www.grupotagar.com\/es\/productos\/apiladores-telescopicos\/"]}]},{"@type":"ImageObject","inLanguage":"es","@id":"https:\/\/www.grupotagar.com\/es\/productos\/apiladores-telescopicos\/#primaryimage","url":"https:\/\/www.grupotagar.com\/wp-content\/uploads\/2019\/07\/manitou-min.jpg","contentUrl":"https:\/\/www.grupotagar.com\/wp-content\/uploads\/2019\/07\/manitou-min.jpg","width":930,"height":709},{"@type":"BreadcrumbList","@id":"https:\/\/www.grupotagar.com\/es\/productos\/apiladores-telescopicos\/#breadcrumb","itemListElement":[{"@type":"ListItem","position":1,"name":"In\u00edcio","item":"https:\/\/www.grupotagar.com\/es\/"},{"@type":"ListItem","position":2,"name":"Productos","item":"https:\/\/www.grupotagar.com\/es\/productos\/"},{"@type":"ListItem","position":3,"name":"Apiladores Telesc\u00f3picos"}]},{"@type":"WebSite","@id":"https:\/\/www.grupotagar.com\/es\/#website","url":"https:\/\/www.grupotagar.com\/es\/","name":"Grupo Tagar","description":"We Make Your Project Happen","publisher":{"@id":"https:\/\/www.grupotagar.com\/es\/#organization"},"potentialAction":[{"@type":"SearchAction","target":{"@type":"EntryPoint","urlTemplate":"https:\/\/www.grupotagar.com\/es\/?s={search_term_string}"},"query-input":{"@type":"PropertyValueSpecification","valueRequired":true,"valueName":"search_term_string"}}],"inLanguage":"es"},{"@type":"Organization","@id":"https:\/\/www.grupotagar.com\/es\/#organization","name":"Grupo Tagar","url":"https:\/\/www.grupotagar.com\/es\/","logo":{"@type":"ImageObject","inLanguage":"es","@id":"https:\/\/www.grupotagar.com\/es\/#\/schema\/logo\/image\/","url":"https:\/\/www.grupotagar.com\/wp-content\/uploads\/2019\/07\/grupotagar.png","contentUrl":"https:\/\/www.grupotagar.com\/wp-content\/uploads\/2019\/07\/grupotagar.png","width":210,"height":80,"caption":"Grupo Tagar"},"image":{"@id":"https:\/\/www.grupotagar.com\/es\/#\/schema\/logo\/image\/"},"sameAs":["https:\/\/www.facebook.com\/grupotagar\/","https:\/\/www.linkedin.com\/company\/grupotagar\/","https:\/\/www.youtube.com\/user\/grupotagar"]}]}},"_links":{"self":[{"href":"https:\/\/www.grupotagar.com\/es\/wp-json\/wp\/v2\/pages\/2371","targetHints":{"allow":["GET"]}}],"collection":[{"href":"https:\/\/www.grupotagar.com\/es\/wp-json\/wp\/v2\/pages"}],"about":[{"href":"https:\/\/www.grupotagar.com\/es\/wp-json\/wp\/v2\/types\/page"}],"author":[{"embeddable":true,"href":"https:\/\/www.grupotagar.com\/es\/wp-json\/wp\/v2\/users\/1"}],"replies":[{"embeddable":true,"href":"https:\/\/www.grupotagar.com\/es\/wp-json\/wp\/v2\/comments?post=2371"}],"version-history":[{"count":0,"href":"https:\/\/www.grupotagar.com\/es\/wp-json\/wp\/v2\/pages\/2371\/revisions"}],"up":[{"embeddable":true,"href":"https:\/\/www.grupotagar.com\/es\/wp-json\/wp\/v2\/pages\/2342"}],"wp:featuredmedia":[{"embeddable":true,"href":"https:\/\/www.grupotagar.com\/es\/wp-json\/wp\/v2\/media\/2372"}],"wp:attachment":[{"href":"https:\/\/www.grupotagar.com\/es\/wp-json\/wp\/v2\/media?parent=2371"}],"curies":[{"name":"wp","href":"https:\/\/api.w.org\/{rel}","templated":true}]}}