{"id":2810,"date":"2019-11-20T14:47:19","date_gmt":"2019-11-20T14:47:19","guid":{"rendered":"https:\/\/www.grupotagar.com\/areas-de-intervencion\/"},"modified":"2020-02-12T09:12:33","modified_gmt":"2020-02-12T09:12:33","slug":"areas-de-intervencion","status":"publish","type":"page","link":"https:\/\/www.grupotagar.com\/es\/areas-de-intervencion\/","title":{"rendered":"\u00c1reas de Intervenci\u00f3n"},"content":{"rendered":"<header>\n<h1>\u00c1reas de Intervenci\u00f3n<\/h1>\n<h3>Listo para Abrazar <strong>Proyectos Fuertes<\/strong><\/h3>\n<\/header>\n<hr \/>\n<hr class=\"clear\">\n<div class=\"grid-33 tablet-grid-50 mobile-grid-100 first-column\">\n<div class=\"item\">\n        <img decoding=\"async\" src=\"\/wp-content\/uploads\/2019\/07\/industria-e-metalomecanica-grupotagar-min.jpg\" alt=\"Industria Y Metalomec\u00e1nica\"><\/p>\n<div class=\"caption\">\n<h4 class=\"ttb\">Industria Y Metalomec\u00e1nica<\/h4>\n<div class=\"lupa btt\"><\/div>\n<\/p><\/div>\n<p>        <a href=\"\/es\/areas-de-intervencion\/industria-y-metalomecanica\/\">Industria Y Metalomec\u00e1nica<\/a>\n    <\/div>\n<\/div>\n<div class=\"grid-33 tablet-grid-50 mobile-grid-100 first-column\">\n<div class=\"item\">\n        <img decoding=\"async\" src=\"\/wp-content\/uploads\/2019\/07\/construcao-civil-obras-publicas-grupotagar-min.jpg\" alt=\"Construcci\u00f3n Civil Y Obras P\u00fablicas\"><\/p>\n<div class=\"caption\">\n<h4 class=\"ttb\">Construcci\u00f3n Civil Y Obras P\u00fablicas<\/h4>\n<div class=\"lupa btt\"><\/div>\n<\/p><\/div>\n<p>        <a href=\"\/es\/areas-de-intervencion\/construccion-civil-y-obras-publicas\/\">Construcci\u00f3n Civil Y Obras P\u00fablicas<\/a>\n    <\/div>\n<\/div>\n<div class=\"grid-33 tablet-grid-50 mobile-grid-100 first-column\">\n<div class=\"item\">\n        <img decoding=\"async\" src=\"\/wp-content\/uploads\/2019\/07\/energias-renovaveis-grupotagar-min.jpg\" alt=\"\"><\/p>\n<div class=\"caption\">\n<h4 class=\"ttb\">Energ\u00edas Renovables<\/h4>\n<div class=\"lupa btt\"><\/div>\n<\/p><\/div>\n<p>        <a href=\"\/es\/areas-de-intervencion\/energias-renovables\/\">Energ\u00edas Renovables<\/a>\n    <\/div>\n<\/div>\n<div class=\"grid-33 tablet-grid-50 mobile-grid-100 first-column\">\n<div class=\"item\">\n        <img decoding=\"async\" src=\"\/wp-content\/uploads\/2019\/07\/petroquimica-grupotagar-min.jpg\" alt=\"Petroqu\u00edmica\"><\/p>\n<div class=\"caption\">\n<h4 class=\"ttb\">Petroqu\u00edmica<\/h4>\n<div class=\"lupa btt\"><\/div>\n<\/p><\/div>\n<p>        <a href=\"\/es\/areas-de-intervencion\/petroquimica\/\">Petroqu\u00edmica<\/a>\n    <\/div>\n<\/div>\n<hr class=\"clear\">\n","protected":false},"excerpt":{"rendered":"<p>\u00c1reas de Intervenci\u00f3n Listo para Abrazar Proyectos Fuertes Industria Y Metalomec\u00e1nica Industria Y Metalomec\u00e1nica Construcci\u00f3n Civil Y Obras P\u00fablicas Construcci\u00f3n Civil Y Obras P\u00fablicas Energ\u00edas Renovables Energ\u00edas Renovables Petroqu\u00edmica Petroqu\u00edmica<\/p>\n","protected":false},"author":1,"featured_media":2428,"parent":0,"menu_order":3,"comment_status":"closed","ping_status":"closed","template":"","meta":{"footnotes":""},"class_list":{"0":"post-2810","1":"page","2":"type-page","3":"status-publish","4":"has-post-thumbnail","6":"infinite-scroll-item"},"yoast_head":"<!-- This site is optimized with the Yoast SEO plugin v27.4 - https:\/\/yoast.com\/product\/yoast-seo-wordpress\/ -->\n<title>\u00c1reas de Intervenci\u00f3n - Sectores Donde Operamos - Grupo Tagar<\/title>\n<meta name=\"description\" content=\"Conocer las \u00e1reas de intervenci\u00f3n del Grupo Tagar. Tenemos una amplia experiencia en sectores como las energ\u00edas renovables, la industria, la petroqu\u00edmica y m\u00e1s.\" \/>\n<meta name=\"robots\" content=\"index, follow, max-snippet:-1, max-image-preview:large, max-video-preview:-1\" \/>\n<link rel=\"canonical\" href=\"https:\/\/www.grupotagar.com\/es\/areas-de-intervencion\/\" \/>\n<meta property=\"og:locale\" content=\"es_ES\" \/>\n<meta property=\"og:type\" content=\"article\" \/>\n<meta property=\"og:title\" content=\"\u00c1reas de Intervenci\u00f3n - Sectores Donde Operamos - Grupo Tagar\" \/>\n<meta property=\"og:description\" content=\"Conocer las \u00e1reas de intervenci\u00f3n del Grupo Tagar. Tenemos una amplia experiencia en sectores como las energ\u00edas renovables, la industria, la petroqu\u00edmica y m\u00e1s.\" \/>\n<meta property=\"og:url\" content=\"https:\/\/www.grupotagar.com\/es\/areas-de-intervencion\/\" \/>\n<meta property=\"og:site_name\" content=\"Grupo Tagar\" \/>\n<meta property=\"article:publisher\" content=\"https:\/\/www.facebook.com\/grupotagar\/\" \/>\n<meta property=\"article:modified_time\" content=\"2020-02-12T09:12:33+00:00\" \/>\n<meta property=\"og:image\" content=\"https:\/\/www.grupotagar.com\/wp-content\/uploads\/2019\/07\/people-grupotagar.jpg\" \/>\n\t<meta property=\"og:image:width\" content=\"1200\" \/>\n\t<meta property=\"og:image:height\" content=\"616\" \/>\n\t<meta property=\"og:image:type\" content=\"image\/jpeg\" \/>\n<meta name=\"twitter:card\" content=\"summary_large_image\" \/>\n<script type=\"application\/ld+json\" class=\"yoast-schema-graph\">{\"@context\":\"https:\\\/\\\/schema.org\",\"@graph\":[{\"@type\":\"WebPage\",\"@id\":\"https:\\\/\\\/www.grupotagar.com\\\/es\\\/areas-de-intervencion\\\/\",\"url\":\"https:\\\/\\\/www.grupotagar.com\\\/es\\\/areas-de-intervencion\\\/\",\"name\":\"\u00c1reas de Intervenci\u00f3n - Sectores Donde Operamos - Grupo Tagar\",\"isPartOf\":{\"@id\":\"https:\\\/\\\/www.grupotagar.com\\\/es\\\/#website\"},\"primaryImageOfPage\":{\"@id\":\"https:\\\/\\\/www.grupotagar.com\\\/es\\\/areas-de-intervencion\\\/#primaryimage\"},\"image\":{\"@id\":\"https:\\\/\\\/www.grupotagar.com\\\/es\\\/areas-de-intervencion\\\/#primaryimage\"},\"thumbnailUrl\":\"https:\\\/\\\/www.grupotagar.com\\\/wp-content\\\/uploads\\\/2019\\\/07\\\/people-grupotagar.jpg\",\"datePublished\":\"2019-11-20T14:47:19+00:00\",\"dateModified\":\"2020-02-12T09:12:33+00:00\",\"description\":\"Conocer las \u00e1reas de intervenci\u00f3n del Grupo Tagar. Tenemos una amplia experiencia en sectores como las energ\u00edas renovables, la industria, la petroqu\u00edmica y m\u00e1s.\",\"breadcrumb\":{\"@id\":\"https:\\\/\\\/www.grupotagar.com\\\/es\\\/areas-de-intervencion\\\/#breadcrumb\"},\"inLanguage\":\"es\",\"potentialAction\":[{\"@type\":\"ReadAction\",\"target\":[\"https:\\\/\\\/www.grupotagar.com\\\/es\\\/areas-de-intervencion\\\/\"]}]},{\"@type\":\"ImageObject\",\"inLanguage\":\"es\",\"@id\":\"https:\\\/\\\/www.grupotagar.com\\\/es\\\/areas-de-intervencion\\\/#primaryimage\",\"url\":\"https:\\\/\\\/www.grupotagar.com\\\/wp-content\\\/uploads\\\/2019\\\/07\\\/people-grupotagar.jpg\",\"contentUrl\":\"https:\\\/\\\/www.grupotagar.com\\\/wp-content\\\/uploads\\\/2019\\\/07\\\/people-grupotagar.jpg\",\"width\":1200,\"height\":616},{\"@type\":\"BreadcrumbList\",\"@id\":\"https:\\\/\\\/www.grupotagar.com\\\/es\\\/areas-de-intervencion\\\/#breadcrumb\",\"itemListElement\":[{\"@type\":\"ListItem\",\"position\":1,\"name\":\"In\u00edcio\",\"item\":\"https:\\\/\\\/www.grupotagar.com\\\/es\\\/\"},{\"@type\":\"ListItem\",\"position\":2,\"name\":\"\u00c1reas de Intervenci\u00f3n\"}]},{\"@type\":\"WebSite\",\"@id\":\"https:\\\/\\\/www.grupotagar.com\\\/es\\\/#website\",\"url\":\"https:\\\/\\\/www.grupotagar.com\\\/es\\\/\",\"name\":\"Grupo Tagar\",\"description\":\"We Make Your Project Happen\",\"publisher\":{\"@id\":\"https:\\\/\\\/www.grupotagar.com\\\/es\\\/#organization\"},\"potentialAction\":[{\"@type\":\"SearchAction\",\"target\":{\"@type\":\"EntryPoint\",\"urlTemplate\":\"https:\\\/\\\/www.grupotagar.com\\\/es\\\/?s={search_term_string}\"},\"query-input\":{\"@type\":\"PropertyValueSpecification\",\"valueRequired\":true,\"valueName\":\"search_term_string\"}}],\"inLanguage\":\"es\"},{\"@type\":\"Organization\",\"@id\":\"https:\\\/\\\/www.grupotagar.com\\\/es\\\/#organization\",\"name\":\"Grupo Tagar\",\"url\":\"https:\\\/\\\/www.grupotagar.com\\\/es\\\/\",\"logo\":{\"@type\":\"ImageObject\",\"inLanguage\":\"es\",\"@id\":\"https:\\\/\\\/www.grupotagar.com\\\/es\\\/#\\\/schema\\\/logo\\\/image\\\/\",\"url\":\"https:\\\/\\\/www.grupotagar.com\\\/wp-content\\\/uploads\\\/2019\\\/07\\\/grupotagar.png\",\"contentUrl\":\"https:\\\/\\\/www.grupotagar.com\\\/wp-content\\\/uploads\\\/2019\\\/07\\\/grupotagar.png\",\"width\":210,\"height\":80,\"caption\":\"Grupo Tagar\"},\"image\":{\"@id\":\"https:\\\/\\\/www.grupotagar.com\\\/es\\\/#\\\/schema\\\/logo\\\/image\\\/\"},\"sameAs\":[\"https:\\\/\\\/www.facebook.com\\\/grupotagar\\\/\",\"https:\\\/\\\/www.linkedin.com\\\/company\\\/grupotagar\\\/\",\"https:\\\/\\\/www.youtube.com\\\/user\\\/grupotagar\"]}]}<\/script>\n<!-- \/ Yoast SEO plugin. -->","yoast_head_json":{"title":"\u00c1reas de Intervenci\u00f3n - Sectores Donde Operamos - Grupo Tagar","description":"Conocer las \u00e1reas de intervenci\u00f3n del Grupo Tagar. Tenemos una amplia experiencia en sectores como las energ\u00edas renovables, la industria, la petroqu\u00edmica y m\u00e1s.","robots":{"index":"index","follow":"follow","max-snippet":"max-snippet:-1","max-image-preview":"max-image-preview:large","max-video-preview":"max-video-preview:-1"},"canonical":"https:\/\/www.grupotagar.com\/es\/areas-de-intervencion\/","og_locale":"es_ES","og_type":"article","og_title":"\u00c1reas de Intervenci\u00f3n - Sectores Donde Operamos - Grupo Tagar","og_description":"Conocer las \u00e1reas de intervenci\u00f3n del Grupo Tagar. Tenemos una amplia experiencia en sectores como las energ\u00edas renovables, la industria, la petroqu\u00edmica y m\u00e1s.","og_url":"https:\/\/www.grupotagar.com\/es\/areas-de-intervencion\/","og_site_name":"Grupo Tagar","article_publisher":"https:\/\/www.facebook.com\/grupotagar\/","article_modified_time":"2020-02-12T09:12:33+00:00","og_image":[{"width":1200,"height":616,"url":"https:\/\/www.grupotagar.com\/wp-content\/uploads\/2019\/07\/people-grupotagar.jpg","type":"image\/jpeg"}],"twitter_card":"summary_large_image","schema":{"@context":"https:\/\/schema.org","@graph":[{"@type":"WebPage","@id":"https:\/\/www.grupotagar.com\/es\/areas-de-intervencion\/","url":"https:\/\/www.grupotagar.com\/es\/areas-de-intervencion\/","name":"\u00c1reas de Intervenci\u00f3n - Sectores Donde Operamos - Grupo Tagar","isPartOf":{"@id":"https:\/\/www.grupotagar.com\/es\/#website"},"primaryImageOfPage":{"@id":"https:\/\/www.grupotagar.com\/es\/areas-de-intervencion\/#primaryimage"},"image":{"@id":"https:\/\/www.grupotagar.com\/es\/areas-de-intervencion\/#primaryimage"},"thumbnailUrl":"https:\/\/www.grupotagar.com\/wp-content\/uploads\/2019\/07\/people-grupotagar.jpg","datePublished":"2019-11-20T14:47:19+00:00","dateModified":"2020-02-12T09:12:33+00:00","description":"Conocer las \u00e1reas de intervenci\u00f3n del Grupo Tagar. Tenemos una amplia experiencia en sectores como las energ\u00edas renovables, la industria, la petroqu\u00edmica y m\u00e1s.","breadcrumb":{"@id":"https:\/\/www.grupotagar.com\/es\/areas-de-intervencion\/#breadcrumb"},"inLanguage":"es","potentialAction":[{"@type":"ReadAction","target":["https:\/\/www.grupotagar.com\/es\/areas-de-intervencion\/"]}]},{"@type":"ImageObject","inLanguage":"es","@id":"https:\/\/www.grupotagar.com\/es\/areas-de-intervencion\/#primaryimage","url":"https:\/\/www.grupotagar.com\/wp-content\/uploads\/2019\/07\/people-grupotagar.jpg","contentUrl":"https:\/\/www.grupotagar.com\/wp-content\/uploads\/2019\/07\/people-grupotagar.jpg","width":1200,"height":616},{"@type":"BreadcrumbList","@id":"https:\/\/www.grupotagar.com\/es\/areas-de-intervencion\/#breadcrumb","itemListElement":[{"@type":"ListItem","position":1,"name":"In\u00edcio","item":"https:\/\/www.grupotagar.com\/es\/"},{"@type":"ListItem","position":2,"name":"\u00c1reas de Intervenci\u00f3n"}]},{"@type":"WebSite","@id":"https:\/\/www.grupotagar.com\/es\/#website","url":"https:\/\/www.grupotagar.com\/es\/","name":"Grupo Tagar","description":"We Make Your Project Happen","publisher":{"@id":"https:\/\/www.grupotagar.com\/es\/#organization"},"potentialAction":[{"@type":"SearchAction","target":{"@type":"EntryPoint","urlTemplate":"https:\/\/www.grupotagar.com\/es\/?s={search_term_string}"},"query-input":{"@type":"PropertyValueSpecification","valueRequired":true,"valueName":"search_term_string"}}],"inLanguage":"es"},{"@type":"Organization","@id":"https:\/\/www.grupotagar.com\/es\/#organization","name":"Grupo Tagar","url":"https:\/\/www.grupotagar.com\/es\/","logo":{"@type":"ImageObject","inLanguage":"es","@id":"https:\/\/www.grupotagar.com\/es\/#\/schema\/logo\/image\/","url":"https:\/\/www.grupotagar.com\/wp-content\/uploads\/2019\/07\/grupotagar.png","contentUrl":"https:\/\/www.grupotagar.com\/wp-content\/uploads\/2019\/07\/grupotagar.png","width":210,"height":80,"caption":"Grupo Tagar"},"image":{"@id":"https:\/\/www.grupotagar.com\/es\/#\/schema\/logo\/image\/"},"sameAs":["https:\/\/www.facebook.com\/grupotagar\/","https:\/\/www.linkedin.com\/company\/grupotagar\/","https:\/\/www.youtube.com\/user\/grupotagar"]}]}},"_links":{"self":[{"href":"https:\/\/www.grupotagar.com\/es\/wp-json\/wp\/v2\/pages\/2810","targetHints":{"allow":["GET"]}}],"collection":[{"href":"https:\/\/www.grupotagar.com\/es\/wp-json\/wp\/v2\/pages"}],"about":[{"href":"https:\/\/www.grupotagar.com\/es\/wp-json\/wp\/v2\/types\/page"}],"author":[{"embeddable":true,"href":"https:\/\/www.grupotagar.com\/es\/wp-json\/wp\/v2\/users\/1"}],"replies":[{"embeddable":true,"href":"https:\/\/www.grupotagar.com\/es\/wp-json\/wp\/v2\/comments?post=2810"}],"version-history":[{"count":0,"href":"https:\/\/www.grupotagar.com\/es\/wp-json\/wp\/v2\/pages\/2810\/revisions"}],"wp:featuredmedia":[{"embeddable":true,"href":"https:\/\/www.grupotagar.com\/es\/wp-json\/wp\/v2\/media\/2428"}],"wp:attachment":[{"href":"https:\/\/www.grupotagar.com\/es\/wp-json\/wp\/v2\/media?parent=2810"}],"curies":[{"name":"wp","href":"https:\/\/api.w.org\/{rel}","templated":true}]}}