{"id":2812,"date":"2019-11-20T15:05:39","date_gmt":"2019-11-20T15:05:39","guid":{"rendered":"https:\/\/www.grupotagar.com\/areas-de-intervencion\/industria-y-metalomecanica\/"},"modified":"2019-12-13T18:35:27","modified_gmt":"2019-12-13T18:35:27","slug":"industria-y-metalomecanica","status":"publish","type":"page","link":"https:\/\/www.grupotagar.com\/es\/areas-de-intervencion\/industria-y-metalomecanica\/","title":{"rendered":"Industria y Metalomec\u00e1nica"},"content":{"rendered":"<header>\n<h1>Industria y Metalomec\u00e1nica<\/h1>\n<h4>Desde Peque\u00f1as Obras Hasta Las M\u00e1s Emblem\u00e1ticas<\/h4>\n<\/header>\n<hr \/>\n<article>\n<p style=\"text-align: center;\">Desde las obras m\u00e1s peque\u00f1as hasta las m\u00e1s emblem\u00e1ticas, <strong>GRUPO TAGAR<\/strong> ha desempe\u00f1ado un papel importante en el desarrollo de las industrias: portuaria, petrol\u00edfera, metal\u00fargica, naval y minera.<\/p>\n<p style=\"text-align: center;\">Con estructuras elevadoras de m\u00e1s de 500 toneladas, <strong>GRUPO TAGAR<\/strong> se distingue por su experiencia demostrada en todo el trabajo realizado, adem\u00e1s de ser un socio de elecci\u00f3n por parte de las grandes empresas en estas \u00e1reas.<\/p>\n<\/article>\n<nav class=\"records_nav\">\n<p><a class=\"icon arrow next\" href=\"\/es\/areas-de-intervencion\/construccion-civil-y-obras-publicas\/\"><span>Listado Siguiente<br \/><b>CONSTRUCCI\u00d3N CIVIL Y OBRAS P\u00daBLICAS<\/b><\/span><\/a><br \/>\n<a class=\"icon close\" href=\"\/es\/areas-de-intervencion\/\"><span>Volver Al Listado<\/span><\/a><\/p>\n<hr class=\"clear\">\n<\/nav>\n","protected":false},"excerpt":{"rendered":"<p>Industria y Metalomec\u00e1nica Desde Peque\u00f1as Obras Hasta Las M\u00e1s Emblem\u00e1ticas Desde las obras m\u00e1s peque\u00f1as hasta las m\u00e1s emblem\u00e1ticas, GRUPO TAGAR ha desempe\u00f1ado un papel importante en el desarrollo de las industrias: portuaria, petrol\u00edfera, metal\u00fargica, &#8230; <\/p>\n<p class=\"read-more-container\"><a title=\"Industria y Metalomec\u00e1nica\" class=\"read-more button\" href=\"https:\/\/www.grupotagar.com\/es\/areas-de-intervencion\/industria-y-metalomecanica\/#more-2812\" aria-label=\"Leer m\u00e1s sobre Industria y Metalomec\u00e1nica\">Ler Mais +<\/a><\/p>\n","protected":false},"author":1,"featured_media":2447,"parent":2810,"menu_order":1,"comment_status":"closed","ping_status":"closed","template":"","meta":{"footnotes":""},"class_list":{"0":"post-2812","1":"page","2":"type-page","3":"status-publish","4":"has-post-thumbnail","6":"infinite-scroll-item"},"yoast_head":"<!-- This site is optimized with the Yoast SEO plugin v27.3 - https:\/\/yoast.com\/product\/yoast-seo-wordpress\/ -->\n<title>Industria y Metalomec\u00e1nica - \u00c1reas de Intervenci\u00f3n - Grupo Tagar<\/title>\n<meta name=\"description\" content=\"GRUPO TAGAR ha desempe\u00f1ado un papel importante en el desarrollo de las industrias: portuaria, petrol\u00edfera, metal\u00fargica, naval y minera.\" \/>\n<meta name=\"robots\" content=\"index, follow, max-snippet:-1, max-image-preview:large, max-video-preview:-1\" \/>\n<link rel=\"canonical\" href=\"https:\/\/www.grupotagar.com\/es\/areas-de-intervencion\/industria-y-metalomecanica\/\" \/>\n<meta property=\"og:locale\" content=\"es_ES\" \/>\n<meta property=\"og:type\" content=\"article\" \/>\n<meta property=\"og:title\" content=\"Industria y Metalomec\u00e1nica - \u00c1reas de Intervenci\u00f3n - Grupo Tagar\" \/>\n<meta property=\"og:description\" content=\"GRUPO TAGAR ha desempe\u00f1ado un papel importante en el desarrollo de las industrias: portuaria, petrol\u00edfera, metal\u00fargica, naval y minera.\" \/>\n<meta property=\"og:url\" content=\"https:\/\/www.grupotagar.com\/es\/areas-de-intervencion\/industria-y-metalomecanica\/\" \/>\n<meta property=\"og:site_name\" content=\"Grupo Tagar\" \/>\n<meta property=\"article:publisher\" content=\"https:\/\/www.facebook.com\/grupotagar\/\" \/>\n<meta property=\"article:modified_time\" content=\"2019-12-13T18:35:27+00:00\" \/>\n<meta property=\"og:image\" content=\"https:\/\/www.grupotagar.com\/wp-content\/uploads\/2019\/07\/works-grupotagar1.jpg\" \/>\n\t<meta property=\"og:image:width\" content=\"1300\" \/>\n\t<meta property=\"og:image:height\" content=\"549\" \/>\n\t<meta property=\"og:image:type\" content=\"image\/jpeg\" \/>\n<meta name=\"twitter:card\" content=\"summary_large_image\" \/>\n<script type=\"application\/ld+json\" class=\"yoast-schema-graph\">{\"@context\":\"https:\\\/\\\/schema.org\",\"@graph\":[{\"@type\":\"WebPage\",\"@id\":\"https:\\\/\\\/www.grupotagar.com\\\/es\\\/areas-de-intervencion\\\/industria-y-metalomecanica\\\/\",\"url\":\"https:\\\/\\\/www.grupotagar.com\\\/es\\\/areas-de-intervencion\\\/industria-y-metalomecanica\\\/\",\"name\":\"Industria y Metalomec\u00e1nica - \u00c1reas de Intervenci\u00f3n - Grupo Tagar\",\"isPartOf\":{\"@id\":\"https:\\\/\\\/www.grupotagar.com\\\/es\\\/#website\"},\"primaryImageOfPage\":{\"@id\":\"https:\\\/\\\/www.grupotagar.com\\\/es\\\/areas-de-intervencion\\\/industria-y-metalomecanica\\\/#primaryimage\"},\"image\":{\"@id\":\"https:\\\/\\\/www.grupotagar.com\\\/es\\\/areas-de-intervencion\\\/industria-y-metalomecanica\\\/#primaryimage\"},\"thumbnailUrl\":\"https:\\\/\\\/www.grupotagar.com\\\/wp-content\\\/uploads\\\/2019\\\/07\\\/works-grupotagar1.jpg\",\"datePublished\":\"2019-11-20T15:05:39+00:00\",\"dateModified\":\"2019-12-13T18:35:27+00:00\",\"description\":\"GRUPO TAGAR ha desempe\u00f1ado un papel importante en el desarrollo de las industrias: portuaria, petrol\u00edfera, metal\u00fargica, naval y minera.\",\"breadcrumb\":{\"@id\":\"https:\\\/\\\/www.grupotagar.com\\\/es\\\/areas-de-intervencion\\\/industria-y-metalomecanica\\\/#breadcrumb\"},\"inLanguage\":\"es\",\"potentialAction\":[{\"@type\":\"ReadAction\",\"target\":[\"https:\\\/\\\/www.grupotagar.com\\\/es\\\/areas-de-intervencion\\\/industria-y-metalomecanica\\\/\"]}]},{\"@type\":\"ImageObject\",\"inLanguage\":\"es\",\"@id\":\"https:\\\/\\\/www.grupotagar.com\\\/es\\\/areas-de-intervencion\\\/industria-y-metalomecanica\\\/#primaryimage\",\"url\":\"https:\\\/\\\/www.grupotagar.com\\\/wp-content\\\/uploads\\\/2019\\\/07\\\/works-grupotagar1.jpg\",\"contentUrl\":\"https:\\\/\\\/www.grupotagar.com\\\/wp-content\\\/uploads\\\/2019\\\/07\\\/works-grupotagar1.jpg\",\"width\":1300,\"height\":549},{\"@type\":\"BreadcrumbList\",\"@id\":\"https:\\\/\\\/www.grupotagar.com\\\/es\\\/areas-de-intervencion\\\/industria-y-metalomecanica\\\/#breadcrumb\",\"itemListElement\":[{\"@type\":\"ListItem\",\"position\":1,\"name\":\"In\u00edcio\",\"item\":\"https:\\\/\\\/www.grupotagar.com\\\/es\\\/\"},{\"@type\":\"ListItem\",\"position\":2,\"name\":\"\u00c1reas de Intervenci\u00f3n\",\"item\":\"https:\\\/\\\/www.grupotagar.com\\\/es\\\/areas-de-intervencion\\\/\"},{\"@type\":\"ListItem\",\"position\":3,\"name\":\"Industria y Metalomec\u00e1nica\"}]},{\"@type\":\"WebSite\",\"@id\":\"https:\\\/\\\/www.grupotagar.com\\\/es\\\/#website\",\"url\":\"https:\\\/\\\/www.grupotagar.com\\\/es\\\/\",\"name\":\"Grupo Tagar\",\"description\":\"We Make Your Project Happen\",\"publisher\":{\"@id\":\"https:\\\/\\\/www.grupotagar.com\\\/es\\\/#organization\"},\"potentialAction\":[{\"@type\":\"SearchAction\",\"target\":{\"@type\":\"EntryPoint\",\"urlTemplate\":\"https:\\\/\\\/www.grupotagar.com\\\/es\\\/?s={search_term_string}\"},\"query-input\":{\"@type\":\"PropertyValueSpecification\",\"valueRequired\":true,\"valueName\":\"search_term_string\"}}],\"inLanguage\":\"es\"},{\"@type\":\"Organization\",\"@id\":\"https:\\\/\\\/www.grupotagar.com\\\/es\\\/#organization\",\"name\":\"Grupo Tagar\",\"url\":\"https:\\\/\\\/www.grupotagar.com\\\/es\\\/\",\"logo\":{\"@type\":\"ImageObject\",\"inLanguage\":\"es\",\"@id\":\"https:\\\/\\\/www.grupotagar.com\\\/es\\\/#\\\/schema\\\/logo\\\/image\\\/\",\"url\":\"https:\\\/\\\/www.grupotagar.com\\\/wp-content\\\/uploads\\\/2019\\\/07\\\/grupotagar.png\",\"contentUrl\":\"https:\\\/\\\/www.grupotagar.com\\\/wp-content\\\/uploads\\\/2019\\\/07\\\/grupotagar.png\",\"width\":210,\"height\":80,\"caption\":\"Grupo Tagar\"},\"image\":{\"@id\":\"https:\\\/\\\/www.grupotagar.com\\\/es\\\/#\\\/schema\\\/logo\\\/image\\\/\"},\"sameAs\":[\"https:\\\/\\\/www.facebook.com\\\/grupotagar\\\/\",\"https:\\\/\\\/www.linkedin.com\\\/company\\\/grupotagar\\\/\",\"https:\\\/\\\/www.youtube.com\\\/user\\\/grupotagar\"]}]}<\/script>\n<!-- \/ Yoast SEO plugin. -->","yoast_head_json":{"title":"Industria y Metalomec\u00e1nica - \u00c1reas de Intervenci\u00f3n - Grupo Tagar","description":"GRUPO TAGAR ha desempe\u00f1ado un papel importante en el desarrollo de las industrias: portuaria, petrol\u00edfera, metal\u00fargica, naval y minera.","robots":{"index":"index","follow":"follow","max-snippet":"max-snippet:-1","max-image-preview":"max-image-preview:large","max-video-preview":"max-video-preview:-1"},"canonical":"https:\/\/www.grupotagar.com\/es\/areas-de-intervencion\/industria-y-metalomecanica\/","og_locale":"es_ES","og_type":"article","og_title":"Industria y Metalomec\u00e1nica - \u00c1reas de Intervenci\u00f3n - Grupo Tagar","og_description":"GRUPO TAGAR ha desempe\u00f1ado un papel importante en el desarrollo de las industrias: portuaria, petrol\u00edfera, metal\u00fargica, naval y minera.","og_url":"https:\/\/www.grupotagar.com\/es\/areas-de-intervencion\/industria-y-metalomecanica\/","og_site_name":"Grupo Tagar","article_publisher":"https:\/\/www.facebook.com\/grupotagar\/","article_modified_time":"2019-12-13T18:35:27+00:00","og_image":[{"width":1300,"height":549,"url":"https:\/\/www.grupotagar.com\/wp-content\/uploads\/2019\/07\/works-grupotagar1.jpg","type":"image\/jpeg"}],"twitter_card":"summary_large_image","schema":{"@context":"https:\/\/schema.org","@graph":[{"@type":"WebPage","@id":"https:\/\/www.grupotagar.com\/es\/areas-de-intervencion\/industria-y-metalomecanica\/","url":"https:\/\/www.grupotagar.com\/es\/areas-de-intervencion\/industria-y-metalomecanica\/","name":"Industria y Metalomec\u00e1nica - \u00c1reas de Intervenci\u00f3n - Grupo Tagar","isPartOf":{"@id":"https:\/\/www.grupotagar.com\/es\/#website"},"primaryImageOfPage":{"@id":"https:\/\/www.grupotagar.com\/es\/areas-de-intervencion\/industria-y-metalomecanica\/#primaryimage"},"image":{"@id":"https:\/\/www.grupotagar.com\/es\/areas-de-intervencion\/industria-y-metalomecanica\/#primaryimage"},"thumbnailUrl":"https:\/\/www.grupotagar.com\/wp-content\/uploads\/2019\/07\/works-grupotagar1.jpg","datePublished":"2019-11-20T15:05:39+00:00","dateModified":"2019-12-13T18:35:27+00:00","description":"GRUPO TAGAR ha desempe\u00f1ado un papel importante en el desarrollo de las industrias: portuaria, petrol\u00edfera, metal\u00fargica, naval y minera.","breadcrumb":{"@id":"https:\/\/www.grupotagar.com\/es\/areas-de-intervencion\/industria-y-metalomecanica\/#breadcrumb"},"inLanguage":"es","potentialAction":[{"@type":"ReadAction","target":["https:\/\/www.grupotagar.com\/es\/areas-de-intervencion\/industria-y-metalomecanica\/"]}]},{"@type":"ImageObject","inLanguage":"es","@id":"https:\/\/www.grupotagar.com\/es\/areas-de-intervencion\/industria-y-metalomecanica\/#primaryimage","url":"https:\/\/www.grupotagar.com\/wp-content\/uploads\/2019\/07\/works-grupotagar1.jpg","contentUrl":"https:\/\/www.grupotagar.com\/wp-content\/uploads\/2019\/07\/works-grupotagar1.jpg","width":1300,"height":549},{"@type":"BreadcrumbList","@id":"https:\/\/www.grupotagar.com\/es\/areas-de-intervencion\/industria-y-metalomecanica\/#breadcrumb","itemListElement":[{"@type":"ListItem","position":1,"name":"In\u00edcio","item":"https:\/\/www.grupotagar.com\/es\/"},{"@type":"ListItem","position":2,"name":"\u00c1reas de Intervenci\u00f3n","item":"https:\/\/www.grupotagar.com\/es\/areas-de-intervencion\/"},{"@type":"ListItem","position":3,"name":"Industria y Metalomec\u00e1nica"}]},{"@type":"WebSite","@id":"https:\/\/www.grupotagar.com\/es\/#website","url":"https:\/\/www.grupotagar.com\/es\/","name":"Grupo Tagar","description":"We Make Your Project Happen","publisher":{"@id":"https:\/\/www.grupotagar.com\/es\/#organization"},"potentialAction":[{"@type":"SearchAction","target":{"@type":"EntryPoint","urlTemplate":"https:\/\/www.grupotagar.com\/es\/?s={search_term_string}"},"query-input":{"@type":"PropertyValueSpecification","valueRequired":true,"valueName":"search_term_string"}}],"inLanguage":"es"},{"@type":"Organization","@id":"https:\/\/www.grupotagar.com\/es\/#organization","name":"Grupo Tagar","url":"https:\/\/www.grupotagar.com\/es\/","logo":{"@type":"ImageObject","inLanguage":"es","@id":"https:\/\/www.grupotagar.com\/es\/#\/schema\/logo\/image\/","url":"https:\/\/www.grupotagar.com\/wp-content\/uploads\/2019\/07\/grupotagar.png","contentUrl":"https:\/\/www.grupotagar.com\/wp-content\/uploads\/2019\/07\/grupotagar.png","width":210,"height":80,"caption":"Grupo Tagar"},"image":{"@id":"https:\/\/www.grupotagar.com\/es\/#\/schema\/logo\/image\/"},"sameAs":["https:\/\/www.facebook.com\/grupotagar\/","https:\/\/www.linkedin.com\/company\/grupotagar\/","https:\/\/www.youtube.com\/user\/grupotagar"]}]}},"_links":{"self":[{"href":"https:\/\/www.grupotagar.com\/es\/wp-json\/wp\/v2\/pages\/2812","targetHints":{"allow":["GET"]}}],"collection":[{"href":"https:\/\/www.grupotagar.com\/es\/wp-json\/wp\/v2\/pages"}],"about":[{"href":"https:\/\/www.grupotagar.com\/es\/wp-json\/wp\/v2\/types\/page"}],"author":[{"embeddable":true,"href":"https:\/\/www.grupotagar.com\/es\/wp-json\/wp\/v2\/users\/1"}],"replies":[{"embeddable":true,"href":"https:\/\/www.grupotagar.com\/es\/wp-json\/wp\/v2\/comments?post=2812"}],"version-history":[{"count":0,"href":"https:\/\/www.grupotagar.com\/es\/wp-json\/wp\/v2\/pages\/2812\/revisions"}],"up":[{"embeddable":true,"href":"https:\/\/www.grupotagar.com\/es\/wp-json\/wp\/v2\/pages\/2810"}],"wp:featuredmedia":[{"embeddable":true,"href":"https:\/\/www.grupotagar.com\/es\/wp-json\/wp\/v2\/media\/2447"}],"wp:attachment":[{"href":"https:\/\/www.grupotagar.com\/es\/wp-json\/wp\/v2\/media?parent=2812"}],"curies":[{"name":"wp","href":"https:\/\/api.w.org\/{rel}","templated":true}]}}