{"id":2832,"date":"2019-11-20T16:03:47","date_gmt":"2019-11-20T16:03:47","guid":{"rendered":"https:\/\/www.grupotagar.com\/areas-de-intervencion\/energias-renovables\/"},"modified":"2019-12-04T10:10:39","modified_gmt":"2019-12-04T10:10:39","slug":"energias-renovables","status":"publish","type":"page","link":"https:\/\/www.grupotagar.com\/es\/areas-de-intervencion\/energias-renovables\/","title":{"rendered":"Energ\u00edas Renovables"},"content":{"rendered":"<header>\n<h1>Energ\u00edas Renovables<\/h1>\n<h3>Una de Las Principales \u00c1reas de Actividad del Grupo Tagar<\/h3>\n<\/header>\n<hr \/>\n<article>\n<p style=\"text-align: center;\"Con un alto nivel de know-how  en este importante core-business, <strong>GRUPO TAGAR<\/strong> agrega a su vasta cartera el ensamblaje de innumerables \u201cmegawhatts\u201d  en todo el mundo. <\/p>\n<p style=\"text-align: center;\">Dotados con equipos espec\u00edficos para las actividades inherentes a la construcci\u00f3n de parques e\u00f3licos, desde la capacidad de carga hasta la altura, <strong>GRUPO TAGAR<\/strong> tiene la capacidad de llegar a todos los lugares, desde los m\u00e1s accesibles hasta los m\u00e1s inh\u00f3spitos.<\/p>\n<p style=\"text-align: center;\">Adem\u00e1s, tambi\u00e9n cuenta con mano de obra especializada y calificada para ofrecer excelentes resultados, siempre teniendo en consideraci\u00f3n las m\u00e1s estrictas normas de seguridad.<\/p>\n<p style=\"text-align: center;\"><strong>GRUPO  TAGAR<\/strong>  ofrece a sus clientes la posibilidad de contratar servicios para el montaje de parques e\u00f3licos, desde:<\/p>\n<ul style=\"text-align: center; list-style-type: none; line-height: 3.6em;\">\n<li>&#8211; Gr\u00faas telesc\u00f3picas y sobre orugas de hasta 1200 toneladas de capacidad;<\/li>\n<li>&#8211; Plataformas elevadoras, carretillas elevadoras telesc\u00f3picas y gr\u00faas;<\/li>\n<li>&#8211; Torres de iluminaci\u00f3n, generadores, compresores;<\/li>\n<li>&#8211; Propuesta econ\u00f3mica adaptada a las necesidades del cliente;<\/li>\n<li>&#8211; Estudio del transporte mar\u00edtimo y terrestre \u2013 ROUTE SURVEY;<\/li>\n<li>&#8211; Estudio de descarga y elevaci\u00f3n en el parque e\u00f3lico \u2013 LIFTING PLAN;<\/li>\n<li>&#8211; Personal t\u00e9cnico para la preparaci\u00f3n, coordinaci\u00f3n y gesti\u00f3n de proyectos;<\/li>\n<li>&#8211; Equipos para descarga y montaje electromec\u00e1nico;<\/li>\n<\/ul>\n<p style=\"text-align: center;\">Con m\u00e1s de 300 turbinas montadas por a\u00f1o, GRUPO TAGAR se enorgullece de sus alianzas con los clientes m\u00e1s prestigiosos del sector e\u00f3lico, creando relaciones de confianza.<\/p>\n<\/article>\n<div class=\"yellow-button\">\n<a href=\"https:\/\/www.grupotagar.com\/es\/proyectos\/eolico\/\"><i class=\"fas fa-folder-plus\"><\/i>\u00a0Proyectos Relevantes<\/a>\n<\/div>\n<h2>Potencia Instalada<\/h2>\n<h3><span class=\"extra\">5.460,53 MW<\/span> IMPLEMENTD WORLDWIDE<\/h3>\n<div class=\"grid-33 tablet-grid-50 mobile-grid-100 box\">\n<div class=\"circle\"><input class=\"knob circ_stat\" data-width=\"210\" data-height=\"210\" data-fgcolor=\"#ecbd1d\" data-bgcolor=\"#a1a1a1\" data-thickness=\".15\" readonly=\"readonly\" data-max=\"100\" value=\"21\" style=\"width: 109px; height: 70px; position: absolute; vertical-align: middle; margin-top: 70px; margin-left: -159px; border: 0px; background: none; font: bold 42px Arial; text-align: center; color: rgb(236, 189, 29); padding: 0px; -webkit-appearance: none;\" tabindex=\"0\"><\/div>\n<div class=\"where\">EMEA<\/div>\n<div class=\"what\">1.156,51 MW<\/div>\n<div class=\"bolt\"><i class=\"fas fa-bolt\"><\/i><\/div>\n<\/div>\n<div class=\"grid-33 tablet-grid-50 mobile-grid-100 box\">\n<div class=\"circle\"><input class=\"knob circ_stat\" data-width=\"210\" data-height=\"210\" data-fgcolor=\"#ecbd1d\" data-bgcolor=\"#a1a1a1\" data-thickness=\".15\" readonly=\"readonly\" data-max=\"100\" value=\"15\" style=\"width: 109px; height: 70px; position: absolute; vertical-align: middle; margin-top: 70px; margin-left: -159px; border: 0px; background: none; font: bold 42px Arial; text-align: center; color: rgb(236, 189, 29); padding: 0px; -webkit-appearance: none;\" tabindex=\"0\"><\/div>\n<div class=\"where\">LATAM<\/div>\n<div class=\"what\">845,50 MW<\/div>\n<div class=\"bolt\"><i class=\"fas fa-bolt\"><\/i><\/div>\n<\/div>\n<div class=\"grid-33 tablet-grid-50 mobile-grid-100 box\">\n<div class=\"circle\"><input class=\"knob circ_stat\" data-width=\"210\" data-height=\"210\" data-fgcolor=\"#ecbd1d\" data-bgcolor=\"#a1a1a1\" data-thickness=\".15\" readonly=\"readonly\" data-max=\"100\" value=\"63\" style=\"width: 109px; height: 70px; position: absolute; vertical-align: middle; margin-top: 70px; margin-left: -159px; border: 0px; background: none; font: bold 42px Arial; text-align: center; color: rgb(236, 189, 29); padding: 0px; -webkit-appearance: none;\" tabindex=\"0\"><\/div>\n<div class=\"where\">Otros mercados<\/div>\n<div class=\"what\">3.458,52 MW<\/div>\n<div class=\"bolt\"><i class=\"fas fa-bolt\"><\/i><\/div>\n<\/div>\n<nav class=\"records_nav\">\n<a class=\"icon arrow prev\" href=\"https:\/\/www.grupotagar.com\/es\/areas-de-intervencion\/construccion-civil-y-obras-publicas\/\"><span>Anterior<br \/><b>CONSTRUCCI\u00d3N CIVIL Y OBRAS P\u00daBLICAS <\/b><\/span><\/a><br \/>\n<a class=\"icon arrow next\" href=\"https:\/\/www.grupotagar.com\/es\/areas-de-intervencion\/petroquimica\/\"><span>Siguiente<br \/><b>Petroqu\u00edmica<\/b><\/span><\/a><br \/>\n<a class=\"icon close\" href=\"https:\/\/www.grupotagar.com\/es\/areas-de-intervencion\/\"><span>VOLVER AL LISTADO<\/span><\/a><\/p>\n<hr class=\"clear\">\n<\/nav>\n","protected":false},"excerpt":{"rendered":"<p>Energ\u00edas Renovables Una de Las Principales \u00c1reas de Actividad del Grupo Tagar<\/p>\n","protected":false},"author":1,"featured_media":2819,"parent":2810,"menu_order":3,"comment_status":"closed","ping_status":"closed","template":"","meta":{"footnotes":""},"class_list":{"0":"post-2832","1":"page","2":"type-page","3":"status-publish","4":"has-post-thumbnail","6":"infinite-scroll-item"},"yoast_head":"<!-- This site is optimized with the Yoast SEO plugin v27.4 - https:\/\/yoast.com\/product\/yoast-seo-wordpress\/ -->\n<title>Montaje de Parques E\u00f3licos - Energ\u00edas Renovables - Grupo Tagar<\/title>\n<meta name=\"description\" content=\"Con un alto nivel de know-how en este importante core-business, GRUPO TAGAR agrega a su vasta cartera el ensamblaje de innumerables parques e\u00f3licos en todo el mundo.\" \/>\n<meta name=\"robots\" content=\"index, follow, max-snippet:-1, max-image-preview:large, max-video-preview:-1\" \/>\n<link rel=\"canonical\" href=\"https:\/\/www.grupotagar.com\/es\/areas-de-intervencion\/energias-renovables\/\" \/>\n<meta property=\"og:locale\" content=\"es_ES\" \/>\n<meta property=\"og:type\" content=\"article\" \/>\n<meta property=\"og:title\" content=\"Montaje de Parques E\u00f3licos - Energ\u00edas Renovables - Grupo Tagar\" \/>\n<meta property=\"og:description\" content=\"Con un alto nivel de know-how en este importante core-business, GRUPO TAGAR agrega a su vasta cartera el ensamblaje de innumerables parques e\u00f3licos en todo el mundo.\" \/>\n<meta property=\"og:url\" content=\"https:\/\/www.grupotagar.com\/es\/areas-de-intervencion\/energias-renovables\/\" \/>\n<meta property=\"og:site_name\" content=\"Grupo Tagar\" \/>\n<meta property=\"article:publisher\" content=\"https:\/\/www.facebook.com\/grupotagar\/\" \/>\n<meta property=\"article:modified_time\" content=\"2019-12-04T10:10:39+00:00\" \/>\n<meta property=\"og:image\" content=\"https:\/\/www.grupotagar.com\/wp-content\/uploads\/2019\/07\/works-grupotagar3-min.jpg\" \/>\n\t<meta property=\"og:image:width\" content=\"1300\" \/>\n\t<meta property=\"og:image:height\" content=\"549\" \/>\n\t<meta property=\"og:image:type\" content=\"image\/jpeg\" \/>\n<meta name=\"twitter:card\" content=\"summary_large_image\" \/>\n<script type=\"application\/ld+json\" class=\"yoast-schema-graph\">{\"@context\":\"https:\\\/\\\/schema.org\",\"@graph\":[{\"@type\":\"WebPage\",\"@id\":\"https:\\\/\\\/www.grupotagar.com\\\/es\\\/areas-de-intervencion\\\/energias-renovables\\\/\",\"url\":\"https:\\\/\\\/www.grupotagar.com\\\/es\\\/areas-de-intervencion\\\/energias-renovables\\\/\",\"name\":\"Montaje de Parques E\u00f3licos - Energ\u00edas Renovables - Grupo Tagar\",\"isPartOf\":{\"@id\":\"https:\\\/\\\/www.grupotagar.com\\\/es\\\/#website\"},\"primaryImageOfPage\":{\"@id\":\"https:\\\/\\\/www.grupotagar.com\\\/es\\\/areas-de-intervencion\\\/energias-renovables\\\/#primaryimage\"},\"image\":{\"@id\":\"https:\\\/\\\/www.grupotagar.com\\\/es\\\/areas-de-intervencion\\\/energias-renovables\\\/#primaryimage\"},\"thumbnailUrl\":\"https:\\\/\\\/www.grupotagar.com\\\/wp-content\\\/uploads\\\/2019\\\/07\\\/works-grupotagar3-min.jpg\",\"datePublished\":\"2019-11-20T16:03:47+00:00\",\"dateModified\":\"2019-12-04T10:10:39+00:00\",\"description\":\"Con un alto nivel de know-how en este importante core-business, GRUPO TAGAR agrega a su vasta cartera el ensamblaje de innumerables parques e\u00f3licos en todo el mundo.\",\"breadcrumb\":{\"@id\":\"https:\\\/\\\/www.grupotagar.com\\\/es\\\/areas-de-intervencion\\\/energias-renovables\\\/#breadcrumb\"},\"inLanguage\":\"es\",\"potentialAction\":[{\"@type\":\"ReadAction\",\"target\":[\"https:\\\/\\\/www.grupotagar.com\\\/es\\\/areas-de-intervencion\\\/energias-renovables\\\/\"]}]},{\"@type\":\"ImageObject\",\"inLanguage\":\"es\",\"@id\":\"https:\\\/\\\/www.grupotagar.com\\\/es\\\/areas-de-intervencion\\\/energias-renovables\\\/#primaryimage\",\"url\":\"https:\\\/\\\/www.grupotagar.com\\\/wp-content\\\/uploads\\\/2019\\\/07\\\/works-grupotagar3-min.jpg\",\"contentUrl\":\"https:\\\/\\\/www.grupotagar.com\\\/wp-content\\\/uploads\\\/2019\\\/07\\\/works-grupotagar3-min.jpg\",\"width\":1300,\"height\":549},{\"@type\":\"BreadcrumbList\",\"@id\":\"https:\\\/\\\/www.grupotagar.com\\\/es\\\/areas-de-intervencion\\\/energias-renovables\\\/#breadcrumb\",\"itemListElement\":[{\"@type\":\"ListItem\",\"position\":1,\"name\":\"In\u00edcio\",\"item\":\"https:\\\/\\\/www.grupotagar.com\\\/es\\\/\"},{\"@type\":\"ListItem\",\"position\":2,\"name\":\"\u00c1reas de Intervenci\u00f3n\",\"item\":\"https:\\\/\\\/www.grupotagar.com\\\/es\\\/areas-de-intervencion\\\/\"},{\"@type\":\"ListItem\",\"position\":3,\"name\":\"Energ\u00edas Renovables\"}]},{\"@type\":\"WebSite\",\"@id\":\"https:\\\/\\\/www.grupotagar.com\\\/es\\\/#website\",\"url\":\"https:\\\/\\\/www.grupotagar.com\\\/es\\\/\",\"name\":\"Grupo Tagar\",\"description\":\"We Make Your Project Happen\",\"publisher\":{\"@id\":\"https:\\\/\\\/www.grupotagar.com\\\/es\\\/#organization\"},\"potentialAction\":[{\"@type\":\"SearchAction\",\"target\":{\"@type\":\"EntryPoint\",\"urlTemplate\":\"https:\\\/\\\/www.grupotagar.com\\\/es\\\/?s={search_term_string}\"},\"query-input\":{\"@type\":\"PropertyValueSpecification\",\"valueRequired\":true,\"valueName\":\"search_term_string\"}}],\"inLanguage\":\"es\"},{\"@type\":\"Organization\",\"@id\":\"https:\\\/\\\/www.grupotagar.com\\\/es\\\/#organization\",\"name\":\"Grupo Tagar\",\"url\":\"https:\\\/\\\/www.grupotagar.com\\\/es\\\/\",\"logo\":{\"@type\":\"ImageObject\",\"inLanguage\":\"es\",\"@id\":\"https:\\\/\\\/www.grupotagar.com\\\/es\\\/#\\\/schema\\\/logo\\\/image\\\/\",\"url\":\"https:\\\/\\\/www.grupotagar.com\\\/wp-content\\\/uploads\\\/2019\\\/07\\\/grupotagar.png\",\"contentUrl\":\"https:\\\/\\\/www.grupotagar.com\\\/wp-content\\\/uploads\\\/2019\\\/07\\\/grupotagar.png\",\"width\":210,\"height\":80,\"caption\":\"Grupo Tagar\"},\"image\":{\"@id\":\"https:\\\/\\\/www.grupotagar.com\\\/es\\\/#\\\/schema\\\/logo\\\/image\\\/\"},\"sameAs\":[\"https:\\\/\\\/www.facebook.com\\\/grupotagar\\\/\",\"https:\\\/\\\/www.linkedin.com\\\/company\\\/grupotagar\\\/\",\"https:\\\/\\\/www.youtube.com\\\/user\\\/grupotagar\"]}]}<\/script>\n<!-- \/ Yoast SEO plugin. -->","yoast_head_json":{"title":"Montaje de Parques E\u00f3licos - Energ\u00edas Renovables - Grupo Tagar","description":"Con un alto nivel de know-how en este importante core-business, GRUPO TAGAR agrega a su vasta cartera el ensamblaje de innumerables parques e\u00f3licos en todo el mundo.","robots":{"index":"index","follow":"follow","max-snippet":"max-snippet:-1","max-image-preview":"max-image-preview:large","max-video-preview":"max-video-preview:-1"},"canonical":"https:\/\/www.grupotagar.com\/es\/areas-de-intervencion\/energias-renovables\/","og_locale":"es_ES","og_type":"article","og_title":"Montaje de Parques E\u00f3licos - Energ\u00edas Renovables - Grupo Tagar","og_description":"Con un alto nivel de know-how en este importante core-business, GRUPO TAGAR agrega a su vasta cartera el ensamblaje de innumerables parques e\u00f3licos en todo el mundo.","og_url":"https:\/\/www.grupotagar.com\/es\/areas-de-intervencion\/energias-renovables\/","og_site_name":"Grupo Tagar","article_publisher":"https:\/\/www.facebook.com\/grupotagar\/","article_modified_time":"2019-12-04T10:10:39+00:00","og_image":[{"width":1300,"height":549,"url":"https:\/\/www.grupotagar.com\/wp-content\/uploads\/2019\/07\/works-grupotagar3-min.jpg","type":"image\/jpeg"}],"twitter_card":"summary_large_image","schema":{"@context":"https:\/\/schema.org","@graph":[{"@type":"WebPage","@id":"https:\/\/www.grupotagar.com\/es\/areas-de-intervencion\/energias-renovables\/","url":"https:\/\/www.grupotagar.com\/es\/areas-de-intervencion\/energias-renovables\/","name":"Montaje de Parques E\u00f3licos - Energ\u00edas Renovables - Grupo Tagar","isPartOf":{"@id":"https:\/\/www.grupotagar.com\/es\/#website"},"primaryImageOfPage":{"@id":"https:\/\/www.grupotagar.com\/es\/areas-de-intervencion\/energias-renovables\/#primaryimage"},"image":{"@id":"https:\/\/www.grupotagar.com\/es\/areas-de-intervencion\/energias-renovables\/#primaryimage"},"thumbnailUrl":"https:\/\/www.grupotagar.com\/wp-content\/uploads\/2019\/07\/works-grupotagar3-min.jpg","datePublished":"2019-11-20T16:03:47+00:00","dateModified":"2019-12-04T10:10:39+00:00","description":"Con un alto nivel de know-how en este importante core-business, GRUPO TAGAR agrega a su vasta cartera el ensamblaje de innumerables parques e\u00f3licos en todo el mundo.","breadcrumb":{"@id":"https:\/\/www.grupotagar.com\/es\/areas-de-intervencion\/energias-renovables\/#breadcrumb"},"inLanguage":"es","potentialAction":[{"@type":"ReadAction","target":["https:\/\/www.grupotagar.com\/es\/areas-de-intervencion\/energias-renovables\/"]}]},{"@type":"ImageObject","inLanguage":"es","@id":"https:\/\/www.grupotagar.com\/es\/areas-de-intervencion\/energias-renovables\/#primaryimage","url":"https:\/\/www.grupotagar.com\/wp-content\/uploads\/2019\/07\/works-grupotagar3-min.jpg","contentUrl":"https:\/\/www.grupotagar.com\/wp-content\/uploads\/2019\/07\/works-grupotagar3-min.jpg","width":1300,"height":549},{"@type":"BreadcrumbList","@id":"https:\/\/www.grupotagar.com\/es\/areas-de-intervencion\/energias-renovables\/#breadcrumb","itemListElement":[{"@type":"ListItem","position":1,"name":"In\u00edcio","item":"https:\/\/www.grupotagar.com\/es\/"},{"@type":"ListItem","position":2,"name":"\u00c1reas de Intervenci\u00f3n","item":"https:\/\/www.grupotagar.com\/es\/areas-de-intervencion\/"},{"@type":"ListItem","position":3,"name":"Energ\u00edas Renovables"}]},{"@type":"WebSite","@id":"https:\/\/www.grupotagar.com\/es\/#website","url":"https:\/\/www.grupotagar.com\/es\/","name":"Grupo Tagar","description":"We Make Your Project Happen","publisher":{"@id":"https:\/\/www.grupotagar.com\/es\/#organization"},"potentialAction":[{"@type":"SearchAction","target":{"@type":"EntryPoint","urlTemplate":"https:\/\/www.grupotagar.com\/es\/?s={search_term_string}"},"query-input":{"@type":"PropertyValueSpecification","valueRequired":true,"valueName":"search_term_string"}}],"inLanguage":"es"},{"@type":"Organization","@id":"https:\/\/www.grupotagar.com\/es\/#organization","name":"Grupo Tagar","url":"https:\/\/www.grupotagar.com\/es\/","logo":{"@type":"ImageObject","inLanguage":"es","@id":"https:\/\/www.grupotagar.com\/es\/#\/schema\/logo\/image\/","url":"https:\/\/www.grupotagar.com\/wp-content\/uploads\/2019\/07\/grupotagar.png","contentUrl":"https:\/\/www.grupotagar.com\/wp-content\/uploads\/2019\/07\/grupotagar.png","width":210,"height":80,"caption":"Grupo Tagar"},"image":{"@id":"https:\/\/www.grupotagar.com\/es\/#\/schema\/logo\/image\/"},"sameAs":["https:\/\/www.facebook.com\/grupotagar\/","https:\/\/www.linkedin.com\/company\/grupotagar\/","https:\/\/www.youtube.com\/user\/grupotagar"]}]}},"_links":{"self":[{"href":"https:\/\/www.grupotagar.com\/es\/wp-json\/wp\/v2\/pages\/2832","targetHints":{"allow":["GET"]}}],"collection":[{"href":"https:\/\/www.grupotagar.com\/es\/wp-json\/wp\/v2\/pages"}],"about":[{"href":"https:\/\/www.grupotagar.com\/es\/wp-json\/wp\/v2\/types\/page"}],"author":[{"embeddable":true,"href":"https:\/\/www.grupotagar.com\/es\/wp-json\/wp\/v2\/users\/1"}],"replies":[{"embeddable":true,"href":"https:\/\/www.grupotagar.com\/es\/wp-json\/wp\/v2\/comments?post=2832"}],"version-history":[{"count":0,"href":"https:\/\/www.grupotagar.com\/es\/wp-json\/wp\/v2\/pages\/2832\/revisions"}],"up":[{"embeddable":true,"href":"https:\/\/www.grupotagar.com\/es\/wp-json\/wp\/v2\/pages\/2810"}],"wp:featuredmedia":[{"embeddable":true,"href":"https:\/\/www.grupotagar.com\/es\/wp-json\/wp\/v2\/media\/2819"}],"wp:attachment":[{"href":"https:\/\/www.grupotagar.com\/es\/wp-json\/wp\/v2\/media?parent=2832"}],"curies":[{"name":"wp","href":"https:\/\/api.w.org\/{rel}","templated":true}]}}