{"id":2890,"date":"2019-11-27T15:54:39","date_gmt":"2019-11-27T15:54:39","guid":{"rendered":"https:\/\/www.grupotagar.com\/proyectos\/eolico\/"},"modified":"2020-02-12T09:19:40","modified_gmt":"2020-02-12T09:19:40","slug":"eolico","status":"publish","type":"page","link":"https:\/\/www.grupotagar.com\/es\/proyectos\/eolico\/","title":{"rendered":"E\u00f3lico"},"content":{"rendered":"<header>\n<h1>E\u00f3lico<\/h1>\n<h3>Instalaci\u00f3n de Parques E\u00f3licos<\/h3>\n<\/header>\n<hr \/>\n<article>\n<p style=\"text-align: center;\">Algunos de los principales trabajos realizados para el sector e\u00f3lico (haga clic en las im\u00e1genes para ampliar):<\/p>\n<\/article>\n<hr class=\"clear\" \/>\n<div class=\"grid-33 tablet-grid-50 mobile-grid-100\">\n<div class=\"item\">\n<div class=\"image\"><img decoding=\"async\" src=\"\/wp-content\/uploads\/2019\/08\/eolica2-thumb-min.jpg\" alt=\"\" \/><\/div>\n<p><a href=\"https:\/\/www.grupotagar.com\/wp-content\/uploads\/2019\/08\/eolica2-min.jpg\" data-lightbox=\"roadtrip\" data-title=\"Imagen 2\">Imagen #2<\/a><\/div>\n<\/div>\n<div class=\"grid-33 tablet-grid-50 mobile-grid-100\">\n<div class=\"item\">\n<div class=\"image\"><img decoding=\"async\" src=\"\/wp-content\/uploads\/2019\/08\/eolica3-thumb-min.jpg\" alt=\"\" \/><\/div>\n<p><a href=\"https:\/\/www.grupotagar.com\/wp-content\/uploads\/2019\/08\/eolica3-min.jpg\" data-lightbox=\"roadtrip\" data-title=\"Imagen 3\">Imagen #3<\/a><\/div>\n<\/div>\n<div class=\"grid-33 tablet-grid-50 mobile-grid-100\">\n<div class=\"item\">\n<div class=\"image\"><img decoding=\"async\" src=\"\/wp-content\/uploads\/2019\/08\/eolica4-thumb-min.jpg\" alt=\"\" \/><\/div>\n<p><a href=\"https:\/\/www.grupotagar.com\/wp-content\/uploads\/2019\/08\/eolica4-min.jpg\" data-lightbox=\"roadtrip\" data-title=\"Imagen 4\">Imagen #4<\/a><\/div>\n<\/div>\n<div class=\"grid-33 tablet-grid-50 mobile-grid-100\">\n<div class=\"item\">\n<div class=\"image\"><img decoding=\"async\" src=\"\/wp-content\/uploads\/2019\/08\/eolica5-thumb-min.jpg\" alt=\"\" \/><\/div>\n<p><a href=\"https:\/\/www.grupotagar.com\/wp-content\/uploads\/2019\/08\/eolica5-min.jpg\" data-lightbox=\"roadtrip\" data-title=\"Imagen 5\">Imagen #5<\/a><\/div>\n<\/div>\n<div class=\"grid-33 tablet-grid-50 mobile-grid-100\">\n<div class=\"item\">\n<div class=\"image\"><img decoding=\"async\" src=\"\/wp-content\/uploads\/2019\/08\/eolica6-thumb-min.jpg\" alt=\"\" \/><\/div>\n<p><a href=\"https:\/\/www.grupotagar.com\/wp-content\/uploads\/2019\/08\/eolica6-min.jpg\" data-lightbox=\"roadtrip\" data-title=\"Imagen 6\">Imagen #6<\/a><\/div>\n<\/div>\n<div class=\"grid-33 tablet-grid-50 mobile-grid-100\">\n<div class=\"item\">\n<div class=\"image\"><img decoding=\"async\" src=\"\/wp-content\/uploads\/2019\/08\/eolica7-thumb-min.jpg\" alt=\"\" \/><\/div>\n<p><a href=\"https:\/\/www.grupotagar.com\/wp-content\/uploads\/2019\/08\/eolica7-min.jpg\" data-lightbox=\"roadtrip\" data-title=\"Imagen 7\">Imagen #7<\/a><\/div>\n<\/div>\n<div class=\"grid-33 tablet-grid-50 mobile-grid-100\">\n<div class=\"item\">\n<div class=\"image\"><img decoding=\"async\" src=\"\/wp-content\/uploads\/2019\/08\/eolica8-thumb-min.jpg\" alt=\"\" \/><\/div>\n<p><a href=\"https:\/\/www.grupotagar.com\/wp-content\/uploads\/2019\/08\/eolica8-min.jpg\" data-lightbox=\"roadtrip\" data-title=\"Imagen 8\">Imagen #8<\/a><\/div>\n<\/div>\n<div class=\"grid-33 tablet-grid-50 mobile-grid-100\">\n<div class=\"item\">\n<div class=\"image\"><img decoding=\"async\" src=\"\/wp-content\/uploads\/2019\/08\/eolica9-thumb-min.jpg\" alt=\"\" \/><\/div>\n<p><a href=\"https:\/\/www.grupotagar.com\/wp-content\/uploads\/2019\/08\/eolica9-min.jpg\" data-lightbox=\"roadtrip\" data-title=\"Imagen 9\">Imagen #9<\/a><\/div>\n<\/div>\n<div class=\"grid-33 tablet-grid-50 mobile-grid-100\">\n<div class=\"item\">\n<div class=\"image\"><img decoding=\"async\" src=\"\/wp-content\/uploads\/2019\/08\/eolica10-thumb-min.jpg\" alt=\"\" \/><\/div>\n<p><a href=\"https:\/\/www.grupotagar.com\/wp-content\/uploads\/2019\/08\/eolica10-min.jpg\" data-lightbox=\"roadtrip\" data-title=\"Imagen 10\">Imagen #10<\/a><\/div>\n<\/div>\n<div class=\"grid-33 tablet-grid-50 mobile-grid-100\">\n<div class=\"item\">\n<div class=\"image\"><img decoding=\"async\" src=\"\/wp-content\/uploads\/2019\/08\/eolica12-thumb-min.jpg\" alt=\"\" \/><\/div>\n<p><a href=\"https:\/\/www.grupotagar.com\/wp-content\/uploads\/2019\/08\/eolica12-min.jpg\" data-lightbox=\"roadtrip\" data-title=\"Imagen 12\">Imagen #12<\/a><\/div>\n<\/div>\n<div class=\"grid-33 tablet-grid-50 mobile-grid-100\">\n<div class=\"item\">\n<div class=\"image\"><img decoding=\"async\" src=\"\/wp-content\/uploads\/2019\/08\/eolica13-thumb-min.jpg\" alt=\"\" \/><\/div>\n<p><a href=\"https:\/\/www.grupotagar.com\/wp-content\/uploads\/2019\/08\/eolica13-min.jpg\" data-lightbox=\"roadtrip\" data-title=\"Imagen 13\">Imagen #13<\/a><\/div>\n<\/div>\n<div class=\"grid-33 tablet-grid-50 mobile-grid-100\">\n<div class=\"item\">\n<div class=\"image\"><img decoding=\"async\" src=\"\/wp-content\/uploads\/2019\/08\/eolica14-thumb-min.jpg\" alt=\"\" \/><\/div>\n<p><a href=\"https:\/\/www.grupotagar.com\/wp-content\/uploads\/2019\/08\/eolica14-min.jpg\" data-lightbox=\"roadtrip\" data-title=\"Imagem 14\">Imagem #14<\/a><\/div>\n<\/div>\n<hr class=\"clear\" \/>\n<nav class=\"records_nav\">\n<p><a class=\"icon arrow next\" href=\"\/es\/proyectos\/industria-y-petroquimica\/\"><span>Projeto seguinte<br \/><b>Industria y Petroqu\u00edmica<\/b><\/span><\/a><br \/>\n<a class=\"icon close\" href=\"\/es\/proyectos\/\"><span>VOLVER AL LISTADO<\/span><\/a><\/p>\n<hr class=\"clear\">\n<\/nav>\n","protected":false},"excerpt":{"rendered":"<p>E\u00f3lico Instalaci\u00f3n de Parques E\u00f3licos Algunos de los principales trabajos realizados para el sector e\u00f3lico (haga clic en las im\u00e1genes para ampliar): Imagen #2 Imagen #3 Imagen #4 Imagen #5 Imagen #6 Imagen #7 Imagen &#8230; <\/p>\n<p class=\"read-more-container\"><a title=\"E\u00f3lico\" class=\"read-more button\" href=\"https:\/\/www.grupotagar.com\/es\/proyectos\/eolico\/#more-2890\" aria-label=\"Leer m\u00e1s sobre E\u00f3lico\">Ler Mais +<\/a><\/p>\n","protected":false},"author":1,"featured_media":2891,"parent":2882,"menu_order":1,"comment_status":"closed","ping_status":"closed","template":"","meta":{"footnotes":""},"class_list":{"0":"post-2890","1":"page","2":"type-page","3":"status-publish","4":"has-post-thumbnail","6":"infinite-scroll-item"},"yoast_head":"<!-- This site is optimized with the Yoast SEO plugin v27.4 - https:\/\/yoast.com\/product\/yoast-seo-wordpress\/ -->\n<title>E\u00f3lico - Grupo Tagar<\/title>\n<meta name=\"robots\" content=\"index, follow, max-snippet:-1, max-image-preview:large, max-video-preview:-1\" \/>\n<link rel=\"canonical\" href=\"https:\/\/www.grupotagar.com\/es\/proyectos\/eolico\/\" \/>\n<meta property=\"og:locale\" content=\"es_ES\" \/>\n<meta property=\"og:type\" content=\"article\" \/>\n<meta property=\"og:title\" content=\"E\u00f3lico - Grupo Tagar\" \/>\n<meta property=\"og:description\" content=\"E\u00f3lico Instalaci\u00f3n de Parques E\u00f3licos Algunos de los principales trabajos realizados para el sector e\u00f3lico (haga clic en las im\u00e1genes para ampliar): Imagen #2 Imagen #3 Imagen #4 Imagen #5 Imagen #6 Imagen #7 Imagen ... Ler Mais +\" \/>\n<meta property=\"og:url\" content=\"https:\/\/www.grupotagar.com\/es\/proyectos\/eolico\/\" \/>\n<meta property=\"og:site_name\" content=\"Grupo Tagar\" \/>\n<meta property=\"article:publisher\" content=\"https:\/\/www.facebook.com\/grupotagar\/\" \/>\n<meta property=\"article:modified_time\" content=\"2020-02-12T09:19:40+00:00\" \/>\n<meta property=\"og:image\" content=\"https:\/\/www.grupotagar.com\/wp-content\/uploads\/2019\/08\/eolico-grupotagar.jpg\" \/>\n\t<meta property=\"og:image:width\" content=\"1500\" \/>\n\t<meta property=\"og:image:height\" content=\"516\" \/>\n\t<meta property=\"og:image:type\" content=\"image\/jpeg\" \/>\n<meta name=\"twitter:card\" content=\"summary_large_image\" \/>\n<script type=\"application\/ld+json\" class=\"yoast-schema-graph\">{\"@context\":\"https:\\\/\\\/schema.org\",\"@graph\":[{\"@type\":\"WebPage\",\"@id\":\"https:\\\/\\\/www.grupotagar.com\\\/es\\\/proyectos\\\/eolico\\\/\",\"url\":\"https:\\\/\\\/www.grupotagar.com\\\/es\\\/proyectos\\\/eolico\\\/\",\"name\":\"E\u00f3lico - Grupo Tagar\",\"isPartOf\":{\"@id\":\"https:\\\/\\\/www.grupotagar.com\\\/es\\\/#website\"},\"primaryImageOfPage\":{\"@id\":\"https:\\\/\\\/www.grupotagar.com\\\/es\\\/proyectos\\\/eolico\\\/#primaryimage\"},\"image\":{\"@id\":\"https:\\\/\\\/www.grupotagar.com\\\/es\\\/proyectos\\\/eolico\\\/#primaryimage\"},\"thumbnailUrl\":\"https:\\\/\\\/www.grupotagar.com\\\/wp-content\\\/uploads\\\/2019\\\/08\\\/eolico-grupotagar.jpg\",\"datePublished\":\"2019-11-27T15:54:39+00:00\",\"dateModified\":\"2020-02-12T09:19:40+00:00\",\"breadcrumb\":{\"@id\":\"https:\\\/\\\/www.grupotagar.com\\\/es\\\/proyectos\\\/eolico\\\/#breadcrumb\"},\"inLanguage\":\"es\",\"potentialAction\":[{\"@type\":\"ReadAction\",\"target\":[\"https:\\\/\\\/www.grupotagar.com\\\/es\\\/proyectos\\\/eolico\\\/\"]}]},{\"@type\":\"ImageObject\",\"inLanguage\":\"es\",\"@id\":\"https:\\\/\\\/www.grupotagar.com\\\/es\\\/proyectos\\\/eolico\\\/#primaryimage\",\"url\":\"https:\\\/\\\/www.grupotagar.com\\\/wp-content\\\/uploads\\\/2019\\\/08\\\/eolico-grupotagar.jpg\",\"contentUrl\":\"https:\\\/\\\/www.grupotagar.com\\\/wp-content\\\/uploads\\\/2019\\\/08\\\/eolico-grupotagar.jpg\",\"width\":1500,\"height\":516},{\"@type\":\"BreadcrumbList\",\"@id\":\"https:\\\/\\\/www.grupotagar.com\\\/es\\\/proyectos\\\/eolico\\\/#breadcrumb\",\"itemListElement\":[{\"@type\":\"ListItem\",\"position\":1,\"name\":\"In\u00edcio\",\"item\":\"https:\\\/\\\/www.grupotagar.com\\\/es\\\/\"},{\"@type\":\"ListItem\",\"position\":2,\"name\":\"Proyectos\",\"item\":\"https:\\\/\\\/www.grupotagar.com\\\/es\\\/proyectos\\\/\"},{\"@type\":\"ListItem\",\"position\":3,\"name\":\"E\u00f3lico\"}]},{\"@type\":\"WebSite\",\"@id\":\"https:\\\/\\\/www.grupotagar.com\\\/es\\\/#website\",\"url\":\"https:\\\/\\\/www.grupotagar.com\\\/es\\\/\",\"name\":\"Grupo Tagar\",\"description\":\"We Make Your Project Happen\",\"publisher\":{\"@id\":\"https:\\\/\\\/www.grupotagar.com\\\/es\\\/#organization\"},\"potentialAction\":[{\"@type\":\"SearchAction\",\"target\":{\"@type\":\"EntryPoint\",\"urlTemplate\":\"https:\\\/\\\/www.grupotagar.com\\\/es\\\/?s={search_term_string}\"},\"query-input\":{\"@type\":\"PropertyValueSpecification\",\"valueRequired\":true,\"valueName\":\"search_term_string\"}}],\"inLanguage\":\"es\"},{\"@type\":\"Organization\",\"@id\":\"https:\\\/\\\/www.grupotagar.com\\\/es\\\/#organization\",\"name\":\"Grupo Tagar\",\"url\":\"https:\\\/\\\/www.grupotagar.com\\\/es\\\/\",\"logo\":{\"@type\":\"ImageObject\",\"inLanguage\":\"es\",\"@id\":\"https:\\\/\\\/www.grupotagar.com\\\/es\\\/#\\\/schema\\\/logo\\\/image\\\/\",\"url\":\"https:\\\/\\\/www.grupotagar.com\\\/wp-content\\\/uploads\\\/2019\\\/07\\\/grupotagar.png\",\"contentUrl\":\"https:\\\/\\\/www.grupotagar.com\\\/wp-content\\\/uploads\\\/2019\\\/07\\\/grupotagar.png\",\"width\":210,\"height\":80,\"caption\":\"Grupo Tagar\"},\"image\":{\"@id\":\"https:\\\/\\\/www.grupotagar.com\\\/es\\\/#\\\/schema\\\/logo\\\/image\\\/\"},\"sameAs\":[\"https:\\\/\\\/www.facebook.com\\\/grupotagar\\\/\",\"https:\\\/\\\/www.linkedin.com\\\/company\\\/grupotagar\\\/\",\"https:\\\/\\\/www.youtube.com\\\/user\\\/grupotagar\"]}]}<\/script>\n<!-- \/ Yoast SEO plugin. -->","yoast_head_json":{"title":"E\u00f3lico - Grupo Tagar","robots":{"index":"index","follow":"follow","max-snippet":"max-snippet:-1","max-image-preview":"max-image-preview:large","max-video-preview":"max-video-preview:-1"},"canonical":"https:\/\/www.grupotagar.com\/es\/proyectos\/eolico\/","og_locale":"es_ES","og_type":"article","og_title":"E\u00f3lico - Grupo Tagar","og_description":"E\u00f3lico Instalaci\u00f3n de Parques E\u00f3licos Algunos de los principales trabajos realizados para el sector e\u00f3lico (haga clic en las im\u00e1genes para ampliar): Imagen #2 Imagen #3 Imagen #4 Imagen #5 Imagen #6 Imagen #7 Imagen ... Ler Mais +","og_url":"https:\/\/www.grupotagar.com\/es\/proyectos\/eolico\/","og_site_name":"Grupo Tagar","article_publisher":"https:\/\/www.facebook.com\/grupotagar\/","article_modified_time":"2020-02-12T09:19:40+00:00","og_image":[{"width":1500,"height":516,"url":"https:\/\/www.grupotagar.com\/wp-content\/uploads\/2019\/08\/eolico-grupotagar.jpg","type":"image\/jpeg"}],"twitter_card":"summary_large_image","schema":{"@context":"https:\/\/schema.org","@graph":[{"@type":"WebPage","@id":"https:\/\/www.grupotagar.com\/es\/proyectos\/eolico\/","url":"https:\/\/www.grupotagar.com\/es\/proyectos\/eolico\/","name":"E\u00f3lico - Grupo Tagar","isPartOf":{"@id":"https:\/\/www.grupotagar.com\/es\/#website"},"primaryImageOfPage":{"@id":"https:\/\/www.grupotagar.com\/es\/proyectos\/eolico\/#primaryimage"},"image":{"@id":"https:\/\/www.grupotagar.com\/es\/proyectos\/eolico\/#primaryimage"},"thumbnailUrl":"https:\/\/www.grupotagar.com\/wp-content\/uploads\/2019\/08\/eolico-grupotagar.jpg","datePublished":"2019-11-27T15:54:39+00:00","dateModified":"2020-02-12T09:19:40+00:00","breadcrumb":{"@id":"https:\/\/www.grupotagar.com\/es\/proyectos\/eolico\/#breadcrumb"},"inLanguage":"es","potentialAction":[{"@type":"ReadAction","target":["https:\/\/www.grupotagar.com\/es\/proyectos\/eolico\/"]}]},{"@type":"ImageObject","inLanguage":"es","@id":"https:\/\/www.grupotagar.com\/es\/proyectos\/eolico\/#primaryimage","url":"https:\/\/www.grupotagar.com\/wp-content\/uploads\/2019\/08\/eolico-grupotagar.jpg","contentUrl":"https:\/\/www.grupotagar.com\/wp-content\/uploads\/2019\/08\/eolico-grupotagar.jpg","width":1500,"height":516},{"@type":"BreadcrumbList","@id":"https:\/\/www.grupotagar.com\/es\/proyectos\/eolico\/#breadcrumb","itemListElement":[{"@type":"ListItem","position":1,"name":"In\u00edcio","item":"https:\/\/www.grupotagar.com\/es\/"},{"@type":"ListItem","position":2,"name":"Proyectos","item":"https:\/\/www.grupotagar.com\/es\/proyectos\/"},{"@type":"ListItem","position":3,"name":"E\u00f3lico"}]},{"@type":"WebSite","@id":"https:\/\/www.grupotagar.com\/es\/#website","url":"https:\/\/www.grupotagar.com\/es\/","name":"Grupo Tagar","description":"We Make Your Project Happen","publisher":{"@id":"https:\/\/www.grupotagar.com\/es\/#organization"},"potentialAction":[{"@type":"SearchAction","target":{"@type":"EntryPoint","urlTemplate":"https:\/\/www.grupotagar.com\/es\/?s={search_term_string}"},"query-input":{"@type":"PropertyValueSpecification","valueRequired":true,"valueName":"search_term_string"}}],"inLanguage":"es"},{"@type":"Organization","@id":"https:\/\/www.grupotagar.com\/es\/#organization","name":"Grupo Tagar","url":"https:\/\/www.grupotagar.com\/es\/","logo":{"@type":"ImageObject","inLanguage":"es","@id":"https:\/\/www.grupotagar.com\/es\/#\/schema\/logo\/image\/","url":"https:\/\/www.grupotagar.com\/wp-content\/uploads\/2019\/07\/grupotagar.png","contentUrl":"https:\/\/www.grupotagar.com\/wp-content\/uploads\/2019\/07\/grupotagar.png","width":210,"height":80,"caption":"Grupo Tagar"},"image":{"@id":"https:\/\/www.grupotagar.com\/es\/#\/schema\/logo\/image\/"},"sameAs":["https:\/\/www.facebook.com\/grupotagar\/","https:\/\/www.linkedin.com\/company\/grupotagar\/","https:\/\/www.youtube.com\/user\/grupotagar"]}]}},"_links":{"self":[{"href":"https:\/\/www.grupotagar.com\/es\/wp-json\/wp\/v2\/pages\/2890","targetHints":{"allow":["GET"]}}],"collection":[{"href":"https:\/\/www.grupotagar.com\/es\/wp-json\/wp\/v2\/pages"}],"about":[{"href":"https:\/\/www.grupotagar.com\/es\/wp-json\/wp\/v2\/types\/page"}],"author":[{"embeddable":true,"href":"https:\/\/www.grupotagar.com\/es\/wp-json\/wp\/v2\/users\/1"}],"replies":[{"embeddable":true,"href":"https:\/\/www.grupotagar.com\/es\/wp-json\/wp\/v2\/comments?post=2890"}],"version-history":[{"count":0,"href":"https:\/\/www.grupotagar.com\/es\/wp-json\/wp\/v2\/pages\/2890\/revisions"}],"up":[{"embeddable":true,"href":"https:\/\/www.grupotagar.com\/es\/wp-json\/wp\/v2\/pages\/2882"}],"wp:featuredmedia":[{"embeddable":true,"href":"https:\/\/www.grupotagar.com\/es\/wp-json\/wp\/v2\/media\/2891"}],"wp:attachment":[{"href":"https:\/\/www.grupotagar.com\/es\/wp-json\/wp\/v2\/media?parent=2890"}],"curies":[{"name":"wp","href":"https:\/\/api.w.org\/{rel}","templated":true}]}}