{"id":3019,"date":"2019-12-04T11:23:48","date_gmt":"2019-12-04T11:23:48","guid":{"rendered":"https:\/\/www.grupotagar.com\/productos\/gruas-moviles\/cuadro-de-seleccion-de-gruas-moviles\/"},"modified":"2019-12-04T11:32:03","modified_gmt":"2019-12-04T11:32:03","slug":"tabla-de-seleccion-de-gruas-moviles","status":"publish","type":"page","link":"https:\/\/www.grupotagar.com\/es\/productos\/gruas-moviles\/tabla-de-seleccion-de-gruas-moviles\/","title":{"rendered":"Tabla de Selecci\u00f3n de Gr\u00faas M\u00f3viles"},"content":{"rendered":"<header>\n<h1>Tabla de Selecci\u00f3n de Gr\u00faas M\u00f3viles<\/h1>\n<h4>Identifique r\u00e1pidamente la gr\u00faa que mejor se adapte a su proyecto<\/h4>\n<\/header>\n<hr \/>\n<article>\n<p style=\"text-align: center;\">Recopilando el peso de la pieza y el radio de trabajo, use convenientemente la siguiente herramienta para identificar la gr\u00faa m\u00f3vil m\u00e1s adecuada para su proyecto.<\/p>\n<p style=\"text-align: center;\"><strong>Eje horizontal:<\/strong> Radio de trabajo (metros) | <strong>Eje vertical:<\/strong> Peso de la pieza (toneladas)<\/p>\n<\/article>\n<p><iframe loading=\"lazy\" src=\"https:\/\/www.grupotagar.com\/tabela\" width=\"4900px\" height=\"1800px\"><\/iframe><\/p>\n<p style=\"text-align: center;\"><strong>IMPORTANTE: Esta tabla no dispensa la consulta de nuestro equipo t\u00e9cnico.<\/strong> Para m\u00e1s informaci\u00f3n por favor <a href=\"https:\/\/www.grupotagar.com\/es\/solicitar-presupuesto\/\">solicitar un presupuesto<\/a>.<\/p>\n<nav class=\"records_nav\">\n<a class=\"icon close\" href=\"https:\/\/www.grupotagar.com\/es\/productos\/gruas-moviles\/\"><span>Volver a la lista de gr\u00faas<\/span><\/a><\/p>\n<hr class=\"clear\">\n<\/nav>\n","protected":false},"excerpt":{"rendered":"<p>Tabla de Selecci\u00f3n de Gr\u00faas M\u00f3viles Identifique r\u00e1pidamente la gr\u00faa que mejor se adapte a su proyecto Recopilando el peso de la pieza y el radio de trabajo, use convenientemente la siguiente herramienta para identificar &#8230; <\/p>\n<p class=\"read-more-container\"><a title=\"Tabla de Selecci\u00f3n de Gr\u00faas M\u00f3viles\" class=\"read-more button\" href=\"https:\/\/www.grupotagar.com\/es\/productos\/gruas-moviles\/tabla-de-seleccion-de-gruas-moviles\/#more-3019\" aria-label=\"Leer m\u00e1s sobre Tabla de Selecci\u00f3n de Gr\u00faas M\u00f3viles\">Ler Mais +<\/a><\/p>\n","protected":false},"author":1,"featured_media":0,"parent":2364,"menu_order":0,"comment_status":"closed","ping_status":"closed","template":"","meta":{"footnotes":""},"class_list":{"0":"post-3019","1":"page","2":"type-page","3":"status-publish","5":"infinite-scroll-item"},"yoast_head":"<!-- This site is optimized with the Yoast SEO plugin v27.4 - https:\/\/yoast.com\/product\/yoast-seo-wordpress\/ -->\n<title>Tabla de Selecci\u00f3n de Gr\u00faas M\u00f3viles - Grupo Tagar<\/title>\n<meta name=\"robots\" content=\"index, follow, max-snippet:-1, max-image-preview:large, max-video-preview:-1\" \/>\n<link rel=\"canonical\" href=\"https:\/\/www.grupotagar.com\/es\/productos\/gruas-moviles\/tabla-de-seleccion-de-gruas-moviles\/\" \/>\n<meta property=\"og:locale\" content=\"es_ES\" \/>\n<meta property=\"og:type\" content=\"article\" \/>\n<meta property=\"og:title\" content=\"Tabla de Selecci\u00f3n de Gr\u00faas M\u00f3viles - Grupo Tagar\" \/>\n<meta property=\"og:description\" content=\"Tabla de Selecci\u00f3n de Gr\u00faas M\u00f3viles Identifique r\u00e1pidamente la gr\u00faa que mejor se adapte a su proyecto Recopilando el peso de la pieza y el radio de trabajo, use convenientemente la siguiente herramienta para identificar ... Ler Mais +\" \/>\n<meta property=\"og:url\" content=\"https:\/\/www.grupotagar.com\/es\/productos\/gruas-moviles\/tabla-de-seleccion-de-gruas-moviles\/\" \/>\n<meta property=\"og:site_name\" content=\"Grupo Tagar\" \/>\n<meta property=\"article:publisher\" content=\"https:\/\/www.facebook.com\/grupotagar\/\" \/>\n<meta property=\"article:modified_time\" content=\"2019-12-04T11:32:03+00:00\" \/>\n<meta name=\"twitter:card\" content=\"summary_large_image\" \/>\n<script type=\"application\/ld+json\" class=\"yoast-schema-graph\">{\"@context\":\"https:\\\/\\\/schema.org\",\"@graph\":[{\"@type\":\"WebPage\",\"@id\":\"https:\\\/\\\/www.grupotagar.com\\\/es\\\/productos\\\/gruas-moviles\\\/tabla-de-seleccion-de-gruas-moviles\\\/\",\"url\":\"https:\\\/\\\/www.grupotagar.com\\\/es\\\/productos\\\/gruas-moviles\\\/tabla-de-seleccion-de-gruas-moviles\\\/\",\"name\":\"Tabla de Selecci\u00f3n de Gr\u00faas M\u00f3viles - Grupo Tagar\",\"isPartOf\":{\"@id\":\"https:\\\/\\\/www.grupotagar.com\\\/es\\\/#website\"},\"datePublished\":\"2019-12-04T11:23:48+00:00\",\"dateModified\":\"2019-12-04T11:32:03+00:00\",\"breadcrumb\":{\"@id\":\"https:\\\/\\\/www.grupotagar.com\\\/es\\\/productos\\\/gruas-moviles\\\/tabla-de-seleccion-de-gruas-moviles\\\/#breadcrumb\"},\"inLanguage\":\"es\",\"potentialAction\":[{\"@type\":\"ReadAction\",\"target\":[\"https:\\\/\\\/www.grupotagar.com\\\/es\\\/productos\\\/gruas-moviles\\\/tabla-de-seleccion-de-gruas-moviles\\\/\"]}]},{\"@type\":\"BreadcrumbList\",\"@id\":\"https:\\\/\\\/www.grupotagar.com\\\/es\\\/productos\\\/gruas-moviles\\\/tabla-de-seleccion-de-gruas-moviles\\\/#breadcrumb\",\"itemListElement\":[{\"@type\":\"ListItem\",\"position\":1,\"name\":\"In\u00edcio\",\"item\":\"https:\\\/\\\/www.grupotagar.com\\\/es\\\/\"},{\"@type\":\"ListItem\",\"position\":2,\"name\":\"Productos\",\"item\":\"https:\\\/\\\/www.grupotagar.com\\\/es\\\/productos\\\/\"},{\"@type\":\"ListItem\",\"position\":3,\"name\":\"Gr\u00faas M\u00f3viles\",\"item\":\"https:\\\/\\\/www.grupotagar.com\\\/es\\\/productos\\\/gruas-moviles\\\/\"},{\"@type\":\"ListItem\",\"position\":4,\"name\":\"Tabla de Selecci\u00f3n de Gr\u00faas M\u00f3viles\"}]},{\"@type\":\"WebSite\",\"@id\":\"https:\\\/\\\/www.grupotagar.com\\\/es\\\/#website\",\"url\":\"https:\\\/\\\/www.grupotagar.com\\\/es\\\/\",\"name\":\"Grupo Tagar\",\"description\":\"We Make Your Project Happen\",\"publisher\":{\"@id\":\"https:\\\/\\\/www.grupotagar.com\\\/es\\\/#organization\"},\"potentialAction\":[{\"@type\":\"SearchAction\",\"target\":{\"@type\":\"EntryPoint\",\"urlTemplate\":\"https:\\\/\\\/www.grupotagar.com\\\/es\\\/?s={search_term_string}\"},\"query-input\":{\"@type\":\"PropertyValueSpecification\",\"valueRequired\":true,\"valueName\":\"search_term_string\"}}],\"inLanguage\":\"es\"},{\"@type\":\"Organization\",\"@id\":\"https:\\\/\\\/www.grupotagar.com\\\/es\\\/#organization\",\"name\":\"Grupo Tagar\",\"url\":\"https:\\\/\\\/www.grupotagar.com\\\/es\\\/\",\"logo\":{\"@type\":\"ImageObject\",\"inLanguage\":\"es\",\"@id\":\"https:\\\/\\\/www.grupotagar.com\\\/es\\\/#\\\/schema\\\/logo\\\/image\\\/\",\"url\":\"https:\\\/\\\/www.grupotagar.com\\\/wp-content\\\/uploads\\\/2019\\\/07\\\/grupotagar.png\",\"contentUrl\":\"https:\\\/\\\/www.grupotagar.com\\\/wp-content\\\/uploads\\\/2019\\\/07\\\/grupotagar.png\",\"width\":210,\"height\":80,\"caption\":\"Grupo Tagar\"},\"image\":{\"@id\":\"https:\\\/\\\/www.grupotagar.com\\\/es\\\/#\\\/schema\\\/logo\\\/image\\\/\"},\"sameAs\":[\"https:\\\/\\\/www.facebook.com\\\/grupotagar\\\/\",\"https:\\\/\\\/www.linkedin.com\\\/company\\\/grupotagar\\\/\",\"https:\\\/\\\/www.youtube.com\\\/user\\\/grupotagar\"]}]}<\/script>\n<!-- \/ Yoast SEO plugin. -->","yoast_head_json":{"title":"Tabla de Selecci\u00f3n de Gr\u00faas M\u00f3viles - Grupo Tagar","robots":{"index":"index","follow":"follow","max-snippet":"max-snippet:-1","max-image-preview":"max-image-preview:large","max-video-preview":"max-video-preview:-1"},"canonical":"https:\/\/www.grupotagar.com\/es\/productos\/gruas-moviles\/tabla-de-seleccion-de-gruas-moviles\/","og_locale":"es_ES","og_type":"article","og_title":"Tabla de Selecci\u00f3n de Gr\u00faas M\u00f3viles - Grupo Tagar","og_description":"Tabla de Selecci\u00f3n de Gr\u00faas M\u00f3viles Identifique r\u00e1pidamente la gr\u00faa que mejor se adapte a su proyecto Recopilando el peso de la pieza y el radio de trabajo, use convenientemente la siguiente herramienta para identificar ... Ler Mais +","og_url":"https:\/\/www.grupotagar.com\/es\/productos\/gruas-moviles\/tabla-de-seleccion-de-gruas-moviles\/","og_site_name":"Grupo Tagar","article_publisher":"https:\/\/www.facebook.com\/grupotagar\/","article_modified_time":"2019-12-04T11:32:03+00:00","twitter_card":"summary_large_image","schema":{"@context":"https:\/\/schema.org","@graph":[{"@type":"WebPage","@id":"https:\/\/www.grupotagar.com\/es\/productos\/gruas-moviles\/tabla-de-seleccion-de-gruas-moviles\/","url":"https:\/\/www.grupotagar.com\/es\/productos\/gruas-moviles\/tabla-de-seleccion-de-gruas-moviles\/","name":"Tabla de Selecci\u00f3n de Gr\u00faas M\u00f3viles - Grupo Tagar","isPartOf":{"@id":"https:\/\/www.grupotagar.com\/es\/#website"},"datePublished":"2019-12-04T11:23:48+00:00","dateModified":"2019-12-04T11:32:03+00:00","breadcrumb":{"@id":"https:\/\/www.grupotagar.com\/es\/productos\/gruas-moviles\/tabla-de-seleccion-de-gruas-moviles\/#breadcrumb"},"inLanguage":"es","potentialAction":[{"@type":"ReadAction","target":["https:\/\/www.grupotagar.com\/es\/productos\/gruas-moviles\/tabla-de-seleccion-de-gruas-moviles\/"]}]},{"@type":"BreadcrumbList","@id":"https:\/\/www.grupotagar.com\/es\/productos\/gruas-moviles\/tabla-de-seleccion-de-gruas-moviles\/#breadcrumb","itemListElement":[{"@type":"ListItem","position":1,"name":"In\u00edcio","item":"https:\/\/www.grupotagar.com\/es\/"},{"@type":"ListItem","position":2,"name":"Productos","item":"https:\/\/www.grupotagar.com\/es\/productos\/"},{"@type":"ListItem","position":3,"name":"Gr\u00faas M\u00f3viles","item":"https:\/\/www.grupotagar.com\/es\/productos\/gruas-moviles\/"},{"@type":"ListItem","position":4,"name":"Tabla de Selecci\u00f3n de Gr\u00faas M\u00f3viles"}]},{"@type":"WebSite","@id":"https:\/\/www.grupotagar.com\/es\/#website","url":"https:\/\/www.grupotagar.com\/es\/","name":"Grupo Tagar","description":"We Make Your Project Happen","publisher":{"@id":"https:\/\/www.grupotagar.com\/es\/#organization"},"potentialAction":[{"@type":"SearchAction","target":{"@type":"EntryPoint","urlTemplate":"https:\/\/www.grupotagar.com\/es\/?s={search_term_string}"},"query-input":{"@type":"PropertyValueSpecification","valueRequired":true,"valueName":"search_term_string"}}],"inLanguage":"es"},{"@type":"Organization","@id":"https:\/\/www.grupotagar.com\/es\/#organization","name":"Grupo Tagar","url":"https:\/\/www.grupotagar.com\/es\/","logo":{"@type":"ImageObject","inLanguage":"es","@id":"https:\/\/www.grupotagar.com\/es\/#\/schema\/logo\/image\/","url":"https:\/\/www.grupotagar.com\/wp-content\/uploads\/2019\/07\/grupotagar.png","contentUrl":"https:\/\/www.grupotagar.com\/wp-content\/uploads\/2019\/07\/grupotagar.png","width":210,"height":80,"caption":"Grupo Tagar"},"image":{"@id":"https:\/\/www.grupotagar.com\/es\/#\/schema\/logo\/image\/"},"sameAs":["https:\/\/www.facebook.com\/grupotagar\/","https:\/\/www.linkedin.com\/company\/grupotagar\/","https:\/\/www.youtube.com\/user\/grupotagar"]}]}},"_links":{"self":[{"href":"https:\/\/www.grupotagar.com\/es\/wp-json\/wp\/v2\/pages\/3019","targetHints":{"allow":["GET"]}}],"collection":[{"href":"https:\/\/www.grupotagar.com\/es\/wp-json\/wp\/v2\/pages"}],"about":[{"href":"https:\/\/www.grupotagar.com\/es\/wp-json\/wp\/v2\/types\/page"}],"author":[{"embeddable":true,"href":"https:\/\/www.grupotagar.com\/es\/wp-json\/wp\/v2\/users\/1"}],"replies":[{"embeddable":true,"href":"https:\/\/www.grupotagar.com\/es\/wp-json\/wp\/v2\/comments?post=3019"}],"version-history":[{"count":0,"href":"https:\/\/www.grupotagar.com\/es\/wp-json\/wp\/v2\/pages\/3019\/revisions"}],"up":[{"embeddable":true,"href":"https:\/\/www.grupotagar.com\/es\/wp-json\/wp\/v2\/pages\/2364"}],"wp:attachment":[{"href":"https:\/\/www.grupotagar.com\/es\/wp-json\/wp\/v2\/media?parent=3019"}],"curies":[{"name":"wp","href":"https:\/\/api.w.org\/{rel}","templated":true}]}}