{"id":3126,"date":"2019-12-04T16:22:43","date_gmt":"2019-12-04T16:22:43","guid":{"rendered":"https:\/\/www.grupotagar.com\/politica-de-privacidad\/"},"modified":"2023-10-21T06:46:04","modified_gmt":"2023-10-21T06:46:04","slug":"politica-de-privacidad","status":"publish","type":"page","link":"https:\/\/www.grupotagar.com\/es\/politica-de-privacidad\/","title":{"rendered":"Politica de Privacidad"},"content":{"rendered":"<div class=\"gb-container gb-container-ce583918\">\n<div class=\"gb-container gb-container-dc27a7a4\">\n\n<p class=\"has-small-font-size\"><em>(p\u00e1gina en proceso de traducci\u00f3n)<\/em><\/p>\n\n\n\n<p>O Regulamento Geral sobre Prote\u00e7\u00e3o de Dados Pessoais da Uni\u00e3o Europeia (RGPD) \u2013 Regulamento (UE) 2016\/679 do Parlamento Europeu e do Conselho de 27 de abril de 2016, estabelece as regras relativas \u00e0 prote\u00e7\u00e3o de dados pessoais de pessoas singulares, sendo aplic\u00e1vel diretamente na ordem jur\u00eddica de todos os Estados-Membros, e impondo uma s\u00e9rie de deveres que se destinam, designadamente, a pessoas coletivas p\u00fablicas. Em Portugal, encontra-se ainda em vigor a Lei n.\u00ba 58\/2019, de 8 de agosto, que assegura a execu\u00e7\u00e3o do RGPD.<\/p>\n\n\n\n<p>Assim sendo, o GRUPO TAGAR compromete-se a fazer cumprir com as regras implementadas e, por isso, definiu a presente Pol\u00edtica de Privacidade e Tratamento de Dados.<br>Esta Pol\u00edtica aplica-se aos dados recolhidos e tratados pelo Grupo, disponibilizados pelos interessados.<\/p>\n\n\n\n<p>Considera-se \u201cDados Pessoais\u201d qualquer informa\u00e7\u00e3o relativa a uma pessoa, empresa ou organiza\u00e7\u00e3o, independentemente da sua natureza legal, que \u00e9 suscet\u00edvel de ser identificada, direta ou indiretamente. As tipologias exigidas para a sua identifica\u00e7\u00e3o pelo GRUPO TAGAR encontram-se devidamente referenciadas, sendo elas o Nome, NIF, E-mail e Contacto Telef\u00f3nico.<\/p>\n\n\n\n<p>Para al\u00e9m disso, a relev\u00e2ncia para a presente Pol\u00edtica avulta ainda outros conceitos, cuja defini\u00e7\u00e3o importa proceder:<\/p>\n\n\n\n<ul class=\"wp-block-list\" type=\"1\">\n<li>a) Tratamento \u2013 Corresponde a uma opera\u00e7\u00e3o ou um conjunto de opera\u00e7\u00f5es efetuadas sobre conjuntos de dados pessoais, por meios automatizados ou n\u00e3o automatizados, como sejam recolha, registo, organiza\u00e7\u00e3o, apagamento ou altera\u00e7\u00e3o;<\/li>\n\n\n\n<li>b) Respons\u00e1vel pelo Tratamento \u2013 Corresponde \u00e0 pessoa singular, coletiva, autoridade p\u00fablica, ag\u00eancia ou outro organismo que, individualmente ou em conjunto com outras, determina as finalidades e os meios de tratamento de dados pessoais;<\/li>\n\n\n\n<li>c) Consentimento \u2013 corresponde a uma manifesta\u00e7\u00e3o de vontade, livre, espec\u00edfica, informada e expl\u00edcita, pela qual o titular dos dados aceita, mediante declara\u00e7\u00e3o ou ato positivo inequ\u00edvoco, que os dados pessoais que lhe dizem respeito sejam objeto de tratamento.<\/li>\n<\/ul>\n\n\n\n<h3 class=\"gb-headline gb-headline-a06ab78c gb-headline-text\"><strong>Fundamento e Finalidade do Tratamento de Dados Pessoais<\/strong><\/h3>\n\n\n\n<p>O GRUPO TAGAR procede \u00e0 recolha e tratamento de dados pessoais para a prossecu\u00e7\u00e3o das suas atribui\u00e7\u00f5es, designadamente para efeitos de:<\/p>\n\n\n\n<ul class=\"wp-block-list\">\n<li>Cumprimentos de obriga\u00e7\u00f5es legais;<\/li>\n\n\n\n<li>Resposta a contactos;<\/li>\n\n\n\n<li>Instru\u00e7\u00e3o de processos de candidatura ou recrutamento;<\/li>\n\n\n\n<li>Recolha de indicadores e informa\u00e7\u00e3o de atividade.<\/li>\n<\/ul>\n\n\n\n<p>Por outro lado, o tratamento apenas ocorrer\u00e1 na medida em que possa apoiar-se em algum dos fundamentos de licitude previstos na Lei e no RGPD, nomeadamente, o cumprimento de uma obriga\u00e7\u00e3o legal ou contratual ou o consentimento do titular, necessariamente livre, espec\u00edfico, informado e inequ\u00edvoco para proceder \u00e0 recolha e tratamento desses dados para o concreto fim a que se destinam.<\/p>\n\n\n\n<h3 class=\"gb-headline gb-headline-3e2545b3 gb-headline-text\"><strong><strong>Partilha e divulga\u00e7\u00e3o dos dados<\/strong><\/strong><\/h3>\n\n\n\n<p>O GRUPO TAGAR s\u00f3 partilha dados pessoais com terceiros se tiver fundamento legal para o efeito, como seja o consentimento do titular dos dados, o cumprimento de obriga\u00e7\u00f5es legais que lhe est\u00e3o cometidas ou o exerc\u00edcio de fun\u00e7\u00f5es de interesse p\u00fablico.<\/p>\n\n\n\n<p>Fora dessas situa\u00e7\u00f5es, n\u00e3o transmitimos, vendemos ou trocamos os seus dados pessoais com terceiros, sendo que os mesmos ser\u00e3o apenas armazenados e tratados dentro do contexto e da disposi\u00e7\u00e3o poss\u00edvel do GRUPO TAGAR.<\/p>\n\n\n\n<h3 class=\"gb-headline gb-headline-871e79b9 gb-headline-text\"><strong><strong><strong>Conserva\u00e7\u00e3o dos dados<\/strong><\/strong><\/strong><\/h3>\n\n\n\n<p>O GRUPO TAGAR apenas conserva os dados pessoais recolhidos e tratados pelo per\u00edodo previsto na legisla\u00e7\u00e3o aplic\u00e1vel ou, n\u00e3o havendo previs\u00e3o legal, pelo hiato temporal estritamente necess\u00e1rio \u00e0 observ\u00e2ncia e relev\u00e2ncia dos mesmos.<\/p>\n\n\n\n<h3 class=\"gb-headline gb-headline-1a945560 gb-headline-text\"><strong><strong><strong><strong>Seguran\u00e7a dos dados pessoais<\/strong><\/strong><\/strong><\/strong><\/h3>\n\n\n\n<p>O GRUPO TAGAR assume o compromisso de garantir a seguran\u00e7a e prote\u00e7\u00e3o dos dados pessoais que recolhe, tendo, para o efeito, adotado uma s\u00e9rie de medidas t\u00e9cnicas e organizativas.&nbsp;<\/p>\n\n\n\n<h3 class=\"gb-headline gb-headline-3b45e4c8 gb-headline-text\"><strong><strong><strong><strong><strong>Pol\u00edtica de Cookies<\/strong><\/strong><\/strong><\/strong><\/strong><\/h3>\n\n\n\n<p>O GRUPO TAGAR utiliza cookies nos seus websites para melhorar o desempenho e a sua experi\u00eancia dos visitantes.<\/p>\n\n\n\n<p>Os cookies s\u00e3o pequenos ficheiros de texto que um website, ao ser visitado, coloca no seu computador ou no seu dispositivo m\u00f3vel atrav\u00e9s do navegador de internet (browser). A coloca\u00e7\u00e3o de cookies ajudar\u00e1 o site a reconhecer o seu dispositivo em visitas subsequentes.<\/p>\n\n\n\n<p>Usamos o termo cookies nesta pol\u00edtica para referir todos os ficheiros que recolhem e guardam informa\u00e7\u00f5es desta forma.<\/p>\n\n\n\n<p>Os cookies utilizados n\u00e3o recolhem informa\u00e7\u00e3o que identifique a pessoa visitante. Os cookies recolhem informa\u00e7\u00f5es gen\u00e9ricas, designadamente a forma como os utilizadores chegam e utilizam os sites ou a zona do pa\u00eds\/pa\u00edses atrav\u00e9s do qual acedem ao site, p\u00e1ginas visualizadas, para efeitos estat\u00edsticos.<\/p>\n\n\n\n<p>A qualquer momento o utilizador pode, atrav\u00e9s do seu navegador de internet (browser) decidir ser notificado sobre a rece\u00e7\u00e3o de cookies, bem como bloquear a respetiva entrada no seu sistema.<\/p>\n\n\n\n<p>A recusa de uso de cookies no site, pode resultar na impossibilidade de ter acesso a algumas das suas \u00e1reas ou de receber informa\u00e7\u00e3o personalizada.<\/p>\n\n\n\n<p>Os cookies s\u00e3o usados para ajudar a determinar a autenticidade, utilidade, interesse e o n\u00famero de utiliza\u00e7\u00f5es dos websites, permitindo uma navega\u00e7\u00e3o mais r\u00e1pida e eficiente e eliminando a necessidade de introduzir repetidamente as mesmas informa\u00e7\u00f5es.<\/p>\n\n\n\n<p>Depois de autorizar o uso de cookies, o utilizador pode sempre desativar parte ou a totalidade dos nossos cookies. Todos os navegadores de internet (browsers) permitem ao visitante aceitar, recusar ou apagar cookies, atrav\u00e9s da gest\u00e3o das defini\u00e7\u00f5es no respetivo navegador. Recordamos que ao desativar os cookies, partes do nosso site podem n\u00e3o funcionar corretamente.<\/p>\n\n\n\n<h3 class=\"gb-headline gb-headline-20c26ae4 gb-headline-text\"><strong><strong><strong><strong><strong><strong>Direitos dos utilizadores em rela\u00e7\u00e3o aos dados<\/strong><\/strong><\/strong><\/strong><\/strong><\/strong><\/h3>\n\n\n\n<p>O titular dos dados tem o direito de solicitar ao GRUPO TAGAR o acesso aos dados pessoais que lhe digam respeito, \u00e0 sua retifica\u00e7\u00e3o ou ao seu apagamento, \u00e0 observ\u00e2ncia da limita\u00e7\u00e3o do tratamento dos seus dados e \u00e0 portabilidade dos dados quando tecnicamente poss\u00edvel. O titular dos dados pode opor-se ao tratamento ou retirar, em qualquer momento, o consentimento previamente dado.<\/p>\n\n\n\n<p>Para exercer este direito, o titular deve enviar um pedido para o Respons\u00e1vel pela Prote\u00e7\u00e3o de Dados para o seguinte contacto: <a href=\"mailto:geral@grupotagar.com\">geral@grupotagar.com<\/a><\/p>\n\n\n\n<h3 class=\"gb-headline gb-headline-6e32897b gb-headline-text\"><strong><strong><strong><strong><strong><strong><strong>Respons\u00e1vel pela recolha e tratamento dos dados<\/strong><\/strong><\/strong><\/strong><\/strong><\/strong><\/strong><\/h3>\n\n\n\n<p>A EUROTAGAR, como parte integrante do GRUPO TAGAR, com NIF 504825780, com sede na Rua Crist\u00f3v\u00e3o Colombo, n\u00ba 264, 3700-462, Arrifana, Santa Maria da Feira \u00e9, para efeitos da legisla\u00e7\u00e3o aplic\u00e1vel, o respons\u00e1vel pela recolha e tratamento dos dados.<\/p>\n\n\n\n<p>Cabe ao respons\u00e1vel pelo tratamento dos dados aplicar as medidas t\u00e9cnicas e organizativas que forem adequadas para assegurar e estar em condi\u00e7\u00f5es de comprovar que a recolha e tratamento de dados pessoais s\u00e3o feitas em cumprimento das regras que resultam do RGPD e da respetiva Lei de Execu\u00e7\u00e3o.<\/p>\n\n\n\n<h3 class=\"gb-headline gb-headline-6ab8f863 gb-headline-text\"><strong><strong><strong><strong><strong><strong><strong><strong>Altera\u00e7\u00f5es \u00e0 Pol\u00edtica de Privacidade<\/strong><\/strong><\/strong><\/strong><\/strong><\/strong><\/strong><\/strong><\/h3>\n\n\n\n<p>A Pol\u00edtica de Privacidade e de Prote\u00e7\u00e3o de Dados Pessoais aqui definida pode ser alterada periodicamente sem necessidade de pr\u00e9vio consentimento do titular dos dados. Quaisquer altera\u00e7\u00f5es significativas ser\u00e3o comunicadas com o mesmo grau de publicidade que presidiu \u00e0 divulga\u00e7\u00e3o da sua vers\u00e3o inicial.<\/p>\n\n<\/div>\n<\/div>\n\n\n<p style=\"font-size:12px\"><em>Octubre, 2023<\/em><\/p>\n","protected":false},"excerpt":{"rendered":"<p>(p\u00e1gina en proceso de traducci\u00f3n) O Regulamento Geral sobre Prote\u00e7\u00e3o de Dados Pessoais da Uni\u00e3o Europeia (RGPD) \u2013 Regulamento (UE) 2016\/679 do Parlamento Europeu e do Conselho de 27 de abril de 2016, estabelece as &#8230; <\/p>\n<p class=\"read-more-container\"><a title=\"Politica de Privacidad\" class=\"read-more button\" href=\"https:\/\/www.grupotagar.com\/es\/politica-de-privacidad\/#more-3126\" aria-label=\"Leer m\u00e1s sobre Politica de Privacidad\">Ler Mais +<\/a><\/p>\n","protected":false},"author":1,"featured_media":0,"parent":0,"menu_order":101,"comment_status":"closed","ping_status":"closed","template":"","meta":{"footnotes":""},"class_list":{"0":"post-3126","1":"page","2":"type-page","3":"status-publish","5":"infinite-scroll-item"},"yoast_head":"<!-- This site is optimized with the Yoast SEO plugin v27.4 - https:\/\/yoast.com\/product\/yoast-seo-wordpress\/ -->\n<title>Politica de Privacidad - Grupo Tagar<\/title>\n<meta name=\"robots\" content=\"index, follow, max-snippet:-1, max-image-preview:large, max-video-preview:-1\" \/>\n<link rel=\"canonical\" href=\"https:\/\/www.grupotagar.com\/es\/politica-de-privacidad\/\" \/>\n<meta property=\"og:locale\" content=\"es_ES\" \/>\n<meta property=\"og:type\" content=\"article\" \/>\n<meta property=\"og:title\" content=\"Politica de Privacidad - Grupo Tagar\" \/>\n<meta property=\"og:description\" content=\"(p\u00e1gina en proceso de traducci\u00f3n) O Regulamento Geral sobre Prote\u00e7\u00e3o de Dados Pessoais da Uni\u00e3o Europeia (RGPD) \u2013 Regulamento (UE) 2016\/679 do Parlamento Europeu e do Conselho de 27 de abril de 2016, estabelece as ... Ler Mais +\" \/>\n<meta property=\"og:url\" content=\"https:\/\/www.grupotagar.com\/es\/politica-de-privacidad\/\" \/>\n<meta property=\"og:site_name\" content=\"Grupo Tagar\" \/>\n<meta property=\"article:publisher\" content=\"https:\/\/www.facebook.com\/grupotagar\/\" \/>\n<meta property=\"article:modified_time\" content=\"2023-10-21T06:46:04+00:00\" \/>\n<meta name=\"twitter:card\" content=\"summary_large_image\" \/>\n<meta name=\"twitter:label1\" content=\"Tiempo de lectura\" \/>\n\t<meta name=\"twitter:data1\" content=\"6 minutos\" \/>\n<script type=\"application\/ld+json\" class=\"yoast-schema-graph\">{\"@context\":\"https:\\\/\\\/schema.org\",\"@graph\":[{\"@type\":\"WebPage\",\"@id\":\"https:\\\/\\\/www.grupotagar.com\\\/es\\\/politica-de-privacidad\\\/\",\"url\":\"https:\\\/\\\/www.grupotagar.com\\\/es\\\/politica-de-privacidad\\\/\",\"name\":\"Politica de Privacidad - Grupo Tagar\",\"isPartOf\":{\"@id\":\"https:\\\/\\\/www.grupotagar.com\\\/es\\\/#website\"},\"datePublished\":\"2019-12-04T16:22:43+00:00\",\"dateModified\":\"2023-10-21T06:46:04+00:00\",\"breadcrumb\":{\"@id\":\"https:\\\/\\\/www.grupotagar.com\\\/es\\\/politica-de-privacidad\\\/#breadcrumb\"},\"inLanguage\":\"es\",\"potentialAction\":[{\"@type\":\"ReadAction\",\"target\":[\"https:\\\/\\\/www.grupotagar.com\\\/es\\\/politica-de-privacidad\\\/\"]}]},{\"@type\":\"BreadcrumbList\",\"@id\":\"https:\\\/\\\/www.grupotagar.com\\\/es\\\/politica-de-privacidad\\\/#breadcrumb\",\"itemListElement\":[{\"@type\":\"ListItem\",\"position\":1,\"name\":\"In\u00edcio\",\"item\":\"https:\\\/\\\/www.grupotagar.com\\\/es\\\/\"},{\"@type\":\"ListItem\",\"position\":2,\"name\":\"Politica de Privacidad\"}]},{\"@type\":\"WebSite\",\"@id\":\"https:\\\/\\\/www.grupotagar.com\\\/es\\\/#website\",\"url\":\"https:\\\/\\\/www.grupotagar.com\\\/es\\\/\",\"name\":\"Grupo Tagar\",\"description\":\"We Make Your Project Happen\",\"publisher\":{\"@id\":\"https:\\\/\\\/www.grupotagar.com\\\/es\\\/#organization\"},\"potentialAction\":[{\"@type\":\"SearchAction\",\"target\":{\"@type\":\"EntryPoint\",\"urlTemplate\":\"https:\\\/\\\/www.grupotagar.com\\\/es\\\/?s={search_term_string}\"},\"query-input\":{\"@type\":\"PropertyValueSpecification\",\"valueRequired\":true,\"valueName\":\"search_term_string\"}}],\"inLanguage\":\"es\"},{\"@type\":\"Organization\",\"@id\":\"https:\\\/\\\/www.grupotagar.com\\\/es\\\/#organization\",\"name\":\"Grupo Tagar\",\"url\":\"https:\\\/\\\/www.grupotagar.com\\\/es\\\/\",\"logo\":{\"@type\":\"ImageObject\",\"inLanguage\":\"es\",\"@id\":\"https:\\\/\\\/www.grupotagar.com\\\/es\\\/#\\\/schema\\\/logo\\\/image\\\/\",\"url\":\"https:\\\/\\\/www.grupotagar.com\\\/wp-content\\\/uploads\\\/2019\\\/07\\\/grupotagar.png\",\"contentUrl\":\"https:\\\/\\\/www.grupotagar.com\\\/wp-content\\\/uploads\\\/2019\\\/07\\\/grupotagar.png\",\"width\":210,\"height\":80,\"caption\":\"Grupo Tagar\"},\"image\":{\"@id\":\"https:\\\/\\\/www.grupotagar.com\\\/es\\\/#\\\/schema\\\/logo\\\/image\\\/\"},\"sameAs\":[\"https:\\\/\\\/www.facebook.com\\\/grupotagar\\\/\",\"https:\\\/\\\/www.linkedin.com\\\/company\\\/grupotagar\\\/\",\"https:\\\/\\\/www.youtube.com\\\/user\\\/grupotagar\"]}]}<\/script>\n<!-- \/ Yoast SEO plugin. -->","yoast_head_json":{"title":"Politica de Privacidad - Grupo Tagar","robots":{"index":"index","follow":"follow","max-snippet":"max-snippet:-1","max-image-preview":"max-image-preview:large","max-video-preview":"max-video-preview:-1"},"canonical":"https:\/\/www.grupotagar.com\/es\/politica-de-privacidad\/","og_locale":"es_ES","og_type":"article","og_title":"Politica de Privacidad - Grupo Tagar","og_description":"(p\u00e1gina en proceso de traducci\u00f3n) O Regulamento Geral sobre Prote\u00e7\u00e3o de Dados Pessoais da Uni\u00e3o Europeia (RGPD) \u2013 Regulamento (UE) 2016\/679 do Parlamento Europeu e do Conselho de 27 de abril de 2016, estabelece as ... Ler Mais +","og_url":"https:\/\/www.grupotagar.com\/es\/politica-de-privacidad\/","og_site_name":"Grupo Tagar","article_publisher":"https:\/\/www.facebook.com\/grupotagar\/","article_modified_time":"2023-10-21T06:46:04+00:00","twitter_card":"summary_large_image","twitter_misc":{"Tiempo de lectura":"6 minutos"},"schema":{"@context":"https:\/\/schema.org","@graph":[{"@type":"WebPage","@id":"https:\/\/www.grupotagar.com\/es\/politica-de-privacidad\/","url":"https:\/\/www.grupotagar.com\/es\/politica-de-privacidad\/","name":"Politica de Privacidad - Grupo Tagar","isPartOf":{"@id":"https:\/\/www.grupotagar.com\/es\/#website"},"datePublished":"2019-12-04T16:22:43+00:00","dateModified":"2023-10-21T06:46:04+00:00","breadcrumb":{"@id":"https:\/\/www.grupotagar.com\/es\/politica-de-privacidad\/#breadcrumb"},"inLanguage":"es","potentialAction":[{"@type":"ReadAction","target":["https:\/\/www.grupotagar.com\/es\/politica-de-privacidad\/"]}]},{"@type":"BreadcrumbList","@id":"https:\/\/www.grupotagar.com\/es\/politica-de-privacidad\/#breadcrumb","itemListElement":[{"@type":"ListItem","position":1,"name":"In\u00edcio","item":"https:\/\/www.grupotagar.com\/es\/"},{"@type":"ListItem","position":2,"name":"Politica de Privacidad"}]},{"@type":"WebSite","@id":"https:\/\/www.grupotagar.com\/es\/#website","url":"https:\/\/www.grupotagar.com\/es\/","name":"Grupo Tagar","description":"We Make Your Project Happen","publisher":{"@id":"https:\/\/www.grupotagar.com\/es\/#organization"},"potentialAction":[{"@type":"SearchAction","target":{"@type":"EntryPoint","urlTemplate":"https:\/\/www.grupotagar.com\/es\/?s={search_term_string}"},"query-input":{"@type":"PropertyValueSpecification","valueRequired":true,"valueName":"search_term_string"}}],"inLanguage":"es"},{"@type":"Organization","@id":"https:\/\/www.grupotagar.com\/es\/#organization","name":"Grupo Tagar","url":"https:\/\/www.grupotagar.com\/es\/","logo":{"@type":"ImageObject","inLanguage":"es","@id":"https:\/\/www.grupotagar.com\/es\/#\/schema\/logo\/image\/","url":"https:\/\/www.grupotagar.com\/wp-content\/uploads\/2019\/07\/grupotagar.png","contentUrl":"https:\/\/www.grupotagar.com\/wp-content\/uploads\/2019\/07\/grupotagar.png","width":210,"height":80,"caption":"Grupo Tagar"},"image":{"@id":"https:\/\/www.grupotagar.com\/es\/#\/schema\/logo\/image\/"},"sameAs":["https:\/\/www.facebook.com\/grupotagar\/","https:\/\/www.linkedin.com\/company\/grupotagar\/","https:\/\/www.youtube.com\/user\/grupotagar"]}]}},"_links":{"self":[{"href":"https:\/\/www.grupotagar.com\/es\/wp-json\/wp\/v2\/pages\/3126","targetHints":{"allow":["GET"]}}],"collection":[{"href":"https:\/\/www.grupotagar.com\/es\/wp-json\/wp\/v2\/pages"}],"about":[{"href":"https:\/\/www.grupotagar.com\/es\/wp-json\/wp\/v2\/types\/page"}],"author":[{"embeddable":true,"href":"https:\/\/www.grupotagar.com\/es\/wp-json\/wp\/v2\/users\/1"}],"replies":[{"embeddable":true,"href":"https:\/\/www.grupotagar.com\/es\/wp-json\/wp\/v2\/comments?post=3126"}],"version-history":[{"count":2,"href":"https:\/\/www.grupotagar.com\/es\/wp-json\/wp\/v2\/pages\/3126\/revisions"}],"predecessor-version":[{"id":5708,"href":"https:\/\/www.grupotagar.com\/es\/wp-json\/wp\/v2\/pages\/3126\/revisions\/5708"}],"wp:attachment":[{"href":"https:\/\/www.grupotagar.com\/es\/wp-json\/wp\/v2\/media?parent=3126"}],"curies":[{"name":"wp","href":"https:\/\/api.w.org\/{rel}","templated":true}]}}