{"id":3311,"date":"2019-12-12T19:41:53","date_gmt":"2019-12-12T19:41:53","guid":{"rendered":"https:\/\/www.grupotagar.com\/homepage\/"},"modified":"2019-12-12T19:41:53","modified_gmt":"2019-12-12T19:41:53","slug":"homepage","status":"publish","type":"page","link":"https:\/\/www.grupotagar.com\/es\/","title":{"rendered":"Homepage"},"content":{"rendered":"<h1 style=\"color:#000;margin-bottom: 10px;\">\u00a1Bienvenidos!<\/h1>\n<hr class=\"clear\">\n<div class=\"grid-33 tablet-grid-100 mobile-grid-100 first-column\">\n<h2><a href=\"https:\/\/www.grupotagar.com\/es\/grupo-tagar\/\">+35 A\u00f1os de Experiencia<\/a><\/h2>\n<p>Con m\u00e1s de 35 a\u00f1os de experiencia, la historia de <a href=\"https:\/\/www.grupotagar.com\/es\/grupo-tagar\/\">GRUPO TAGAR<\/a>  acumula d\u00e9cadas de experiencia, desaf\u00edos y grandes objetivos alcanzados. Hoy, con una dimensi\u00f3n multinacional y know-how para responder a los proyectos m\u00e1s desafiantes.<\/p>\n<\/div>\n<div class=\"grid-33 tablet-grid-100 mobile-grid-100 second-column\">\n<h2><a href=\"https:\/\/www.grupotagar.com\/es\/productos\/\">Gama de Equipos<\/a><\/h2>\n<p>Desde <a href=\"https:\/\/www.grupotagar.com\/es\/productos\/gruas-moviles\/\">gr\u00faas m\u00f3viles<\/a>, <a href=\"https:\/\/www.grupotagar.com\/es\/productos\/gruas-sobre-orugas\/\">gr\u00faas sobre orugas<\/a>, <a href=\"https:\/\/www.grupotagar.com\/es\/productos\/transportes-camiones-grua\/\">transportes especiales y camiones gr\u00faas<\/a>, <a href=\"https:\/\/www.grupotagar.com\/es\/productos\/plataformas-elevadoras\/\">plataformas elevadoras<\/a> y <a href=\"https:\/\/www.grupotagar.com\/es\/productos\/apiladores-telescopicos\/\">apiladores telesc\u00f3picos<\/a>, tenemos el equipo que est\u00e1 buscando para realizar su proyecto de manera r\u00e1pida y segura.\n<\/p>\n<\/div>\n<div class=\"grid-33 tablet-grid-100 mobile-grid-100 third-column\">\n<h2><a href=\"https:\/\/www.grupotagar.com\/es\/solicitar-presupuesto\/\">P\u00eddenos un Presupuesto<\/a><\/h2>\n<p>Para su comodidad, hemos proporcionado un <a href=\"https:\/\/www.grupotagar.com\/es\/solicitar-presupuesto\/\">formulario simple e intuitivo<\/a> donde puede realizar su pedido. Entonces solo espere una respuesta de nuestro equipo de ventas.\n<\/p>\n<\/div>\n<h2 style=\"color: #000; margin-bottom: 10px;\">Grupo Tagar<\/h2>\n<h3 style=\"color: #6f6f6f; padding-bottom: 30px;\">EMPRESAS QUE HACEN PARTE DE NUESTRO GRUPO<\/h3>\n<style id=\"sp_lcp_dynamic_css952\">div#logo-carousel-free-952.logo-carousel-free .sp-lc-logo{border: 0px solid #dddddd;border-radius: 0px;overflow: hidden;}div#logo-carousel-free-952.logo-carousel-free .sp-lc-logo:hover{border-color: #ecbd1d;}#logo-carousel-free-952.sp-lc-container .sp-lc-pagination .swiper-pagination-bullet {background-color: #ddd;margin: 0 4px;}#logo-carousel-free-952.sp-lc-container .sp-lc-pagination .swiper-pagination-bullet.swiper-pagination-bullet-active{background-color: #ecbd1d; }@media only screen and (max-width: 576px) {#logo-carousel-free-952.sp-lc-container .sp-lc-button-prev,#logo-carousel-free-952.sp-lc-container .sp-lc-button-next {display: none;}} .logo-carousel-free-area#logo-carousel-free-952{position: relative;}#lcp-preloader-952{position: absolute;left: 0;top: 0;height: 100%;width: 100%;text-align: center;display: flex;align-items: center;justify-content: center;background: #fff;z-index: 9999;} .logo-carousel-free-area#logo-carousel-free-952 .sp-logo-carousel-section-title{margin-bottom: 30px;}#logo-carousel-free-952 .sp-lc-grid-container { justify-content: left; align-items: center; } #logo-carousel-free-952 .swiper-wrapper .swiper-slide { align-self: center; }#logo-carousel-free-952 .sp-lc-grid-container {margin-left: -4px;margin-right: -4px;width: calc( 100% + 8px);}#logo-carousel-free-952 .sp-lc-grid-container [class*=\"lc-col\"] {padding-left: 4px;padding-right: 4px;padding-bottom: 8px;}@media screen and (min-width: 1200px ){.logo-carousel-free-area#logo-carousel-free-952 .sp-logo-carousel:not([class*=\"-initialized\"]) > .swiper-wrapper {display: flex;width: calc( 100% + 12px );}.logo-carousel-free-area#logo-carousel-free-952 .sp-logo-carousel:not([class*=\"-initialized\"]) > .swiper-wrapper > .swiper-slide {width: 25%;padding-right: 12px;}}<\/style>\n<div id='logo-carousel-free-952' class=\"logo-carousel-free logo-carousel-free-area sp-lc-container\">\n\t\t\t<div id=\"lcp-preloader-952\" class=\"sp-logo-carousel-preloader\"><img decoding=\"async\" src=\"https:\/\/www.grupotagar.com\/wp-content\/plugins\/logo-carousel-free\/admin\/assets\/images\/spinner.svg\" class=\"skip-lazy\" alt=\"Loader Image\"\/><\/div>\n\t\t\t<div id=\"sp-logo-carousel-id-952\" class=\"swiper-container sp-logo-carousel  lcp-preloader\" dir=\"ltr\" data-carousel='{ \"speed\":2000,\"spaceBetween\": 8, \"autoplay\": true, \"infinite\":true, \"autoplay_speed\": 1500, \"stop_onHover\": true, \"pagination\": true, \"navigation\": false, \"MobileNav\": false, \"MobilePagi\": true, \"simulateTouch\": true,\"freeMode\": false,\"swipeToSlide\": false, \"carousel_accessibility\": true,\"adaptiveHeight\": false,\"allowTouchMove\": true, \"slidesPerView\": { \"lg_desktop\": 4, \"desktop\": 4, \"tablet\": 2, \"mobile\": 1, \"mobile_landscape\": 1 } }' data-carousel-starts-onscreen=\"false\">\n\t\t<div class=\"swiper-wrapper\">\n\t\t\t\t<div class=\"swiper-slide\"><div class=\"sp-lc-logo\"><img loading=\"lazy\" decoding=\"async\" src=\"https:\/\/www.grupotagar.com\/wp-content\/uploads\/2019\/07\/logo-transtagar.png\" title=\"\" alt=\"TransTagar\" width=\"230\" height=\"80\" class=\"sp-lc-image\"><\/div><\/div>\n\t\t<div class=\"swiper-slide\"><div class=\"sp-lc-logo\"><img loading=\"lazy\" decoding=\"async\" src=\"https:\/\/www.grupotagar.com\/wp-content\/uploads\/2019\/07\/intergruas.png\" title=\"\" alt=\"InterGruas\" width=\"230\" height=\"80\" class=\"sp-lc-image\"><\/div><\/div>\n\t\t<div class=\"swiper-slide\"><div class=\"sp-lc-logo\"><img loading=\"lazy\" decoding=\"async\" src=\"https:\/\/www.grupotagar.com\/wp-content\/uploads\/2019\/07\/idelgrua-iberica.png\" title=\"\" alt=\"Idelgrua Ib\u00e9rica\" width=\"230\" height=\"80\" class=\"sp-lc-image\"><\/div><\/div>\n\t\t<div class=\"swiper-slide\"><div class=\"sp-lc-logo\"><img loading=\"lazy\" decoding=\"async\" src=\"https:\/\/www.grupotagar.com\/wp-content\/uploads\/2019\/07\/logo-gruav.png\" title=\"\" alt=\"Gruav\" width=\"230\" height=\"80\" class=\"sp-lc-image\"><\/div><\/div>\n\t\t<div class=\"swiper-slide\"><div class=\"sp-lc-logo\"><img loading=\"lazy\" decoding=\"async\" src=\"https:\/\/www.grupotagar.com\/wp-content\/uploads\/2019\/07\/logo-eurotagar.png\" title=\"\" alt=\"EuroTagar\" width=\"230\" height=\"80\" class=\"sp-lc-image\"><\/div><\/div>\n\t\t<div class=\"swiper-slide\"><div class=\"sp-lc-logo\"><img loading=\"lazy\" decoding=\"async\" src=\"https:\/\/www.grupotagar.com\/wp-content\/uploads\/2025\/03\/gt31.webp\" title=\"\" alt=\"GT31 - Gruas e Transportes\" width=\"230\" height=\"80\" class=\"sp-lc-image\"><\/div><\/div>\n\t\t\t<\/div>\n\n\t\t\t\t\t<div class=\"sp-lc-pagination swiper-pagination dots\"><\/div>\n\t\t\t\t<\/div>\n<\/div>\n\n","protected":false},"excerpt":{"rendered":"<p>\u00a1Bienvenidos! +35 A\u00f1os de Experiencia Con m\u00e1s de 35 a\u00f1os de experiencia, la historia de GRUPO TAGAR acumula d\u00e9cadas de experiencia, desaf\u00edos y grandes objetivos alcanzados. Hoy, con una dimensi\u00f3n multinacional y know-how para responder &#8230; <\/p>\n<p class=\"read-more-container\"><a title=\"GT31 &#8211; Gruas e Transportes\" class=\"read-more button\" href=\"https:\/\/www.grupotagar.com\/es\/sp_logo_carousel\/gt31-gruas-e-transportes\/#more-7597\" aria-label=\"Leer m\u00e1s sobre GT31 &#8211; Gruas e Transportes\">Ler Mais +<\/a><\/p>\n","protected":false},"author":1,"featured_media":0,"parent":0,"menu_order":1,"comment_status":"closed","ping_status":"closed","template":"","meta":{"footnotes":""},"class_list":["post-3311","page","type-page","status-publish","hentry","infinite-scroll-item"],"yoast_head":"<!-- This site is optimized with the Yoast SEO plugin v27.5 - https:\/\/yoast.com\/product\/yoast-seo-wordpress\/ -->\n<title>Alquiler de Gr\u00faas y Equipos - \u00a1Solicite presupuesto! - Grupo Tagar<\/title>\n<meta name=\"robots\" content=\"index, follow, max-snippet:-1, max-image-preview:large, max-video-preview:-1\" \/>\n<link rel=\"canonical\" href=\"https:\/\/www.grupotagar.com\/es\/\" \/>\n<meta property=\"og:locale\" content=\"es_ES\" \/>\n<meta property=\"og:type\" content=\"article\" \/>\n<meta property=\"og:title\" content=\"Alquiler de Gr\u00faas y Equipos - \u00a1Solicite presupuesto! - Grupo Tagar\" \/>\n<meta property=\"og:description\" content=\"\u00a1Bienvenidos! +35 A\u00f1os de Experiencia Con m\u00e1s de 35 a\u00f1os de experiencia, la historia de GRUPO TAGAR acumula d\u00e9cadas de experiencia, desaf\u00edos y grandes objetivos alcanzados. Hoy, con una dimensi\u00f3n multinacional y know-how para responder ... Ler Mais +\" \/>\n<meta property=\"og:url\" content=\"https:\/\/www.grupotagar.com\/es\/\" \/>\n<meta property=\"og:site_name\" content=\"Grupo Tagar\" \/>\n<meta property=\"article:publisher\" content=\"https:\/\/www.facebook.com\/grupotagar\/\" \/>\n<meta name=\"twitter:card\" content=\"summary_large_image\" \/>\n<meta name=\"twitter:label1\" content=\"Tiempo de lectura\" \/>\n\t<meta name=\"twitter:data1\" content=\"1 minuto\" \/>\n<script type=\"application\/ld+json\" class=\"yoast-schema-graph\">{\"@context\":\"https:\\\/\\\/schema.org\",\"@graph\":[{\"@type\":\"WebPage\",\"@id\":\"https:\\\/\\\/www.grupotagar.com\\\/es\\\/\",\"url\":\"https:\\\/\\\/www.grupotagar.com\\\/es\\\/\",\"name\":\"Alquiler de Gr\u00faas y Equipos - \u00a1Solicite presupuesto! - Grupo Tagar\",\"isPartOf\":{\"@id\":\"https:\\\/\\\/www.grupotagar.com\\\/es\\\/#website\"},\"datePublished\":\"2019-12-12T19:41:53+00:00\",\"breadcrumb\":{\"@id\":\"https:\\\/\\\/www.grupotagar.com\\\/es\\\/#breadcrumb\"},\"inLanguage\":\"es\",\"potentialAction\":[{\"@type\":\"ReadAction\",\"target\":[\"https:\\\/\\\/www.grupotagar.com\\\/es\\\/\"]}]},{\"@type\":\"BreadcrumbList\",\"@id\":\"https:\\\/\\\/www.grupotagar.com\\\/es\\\/#breadcrumb\",\"itemListElement\":[{\"@type\":\"ListItem\",\"position\":1,\"name\":\"In\u00edcio\",\"item\":\"https:\\\/\\\/www.grupotagar.com\\\/es\\\/\"},{\"@type\":\"ListItem\",\"position\":2,\"name\":\"Homepage\"}]},{\"@type\":\"WebSite\",\"@id\":\"https:\\\/\\\/www.grupotagar.com\\\/es\\\/#website\",\"url\":\"https:\\\/\\\/www.grupotagar.com\\\/es\\\/\",\"name\":\"Grupo Tagar\",\"description\":\"We Make Your Project Happen\",\"publisher\":{\"@id\":\"https:\\\/\\\/www.grupotagar.com\\\/es\\\/#organization\"},\"potentialAction\":[{\"@type\":\"SearchAction\",\"target\":{\"@type\":\"EntryPoint\",\"urlTemplate\":\"https:\\\/\\\/www.grupotagar.com\\\/es\\\/?s={search_term_string}\"},\"query-input\":{\"@type\":\"PropertyValueSpecification\",\"valueRequired\":true,\"valueName\":\"search_term_string\"}}],\"inLanguage\":\"es\"},{\"@type\":\"Organization\",\"@id\":\"https:\\\/\\\/www.grupotagar.com\\\/es\\\/#organization\",\"name\":\"Grupo Tagar\",\"url\":\"https:\\\/\\\/www.grupotagar.com\\\/es\\\/\",\"logo\":{\"@type\":\"ImageObject\",\"inLanguage\":\"es\",\"@id\":\"https:\\\/\\\/www.grupotagar.com\\\/es\\\/#\\\/schema\\\/logo\\\/image\\\/\",\"url\":\"https:\\\/\\\/www.grupotagar.com\\\/wp-content\\\/uploads\\\/2019\\\/07\\\/grupotagar.png\",\"contentUrl\":\"https:\\\/\\\/www.grupotagar.com\\\/wp-content\\\/uploads\\\/2019\\\/07\\\/grupotagar.png\",\"width\":210,\"height\":80,\"caption\":\"Grupo Tagar\"},\"image\":{\"@id\":\"https:\\\/\\\/www.grupotagar.com\\\/es\\\/#\\\/schema\\\/logo\\\/image\\\/\"},\"sameAs\":[\"https:\\\/\\\/www.facebook.com\\\/grupotagar\\\/\",\"https:\\\/\\\/www.linkedin.com\\\/company\\\/grupotagar\\\/\",\"https:\\\/\\\/www.youtube.com\\\/user\\\/grupotagar\"]}]}<\/script>\n<!-- \/ Yoast SEO plugin. -->","yoast_head_json":{"title":"Alquiler de Gr\u00faas y Equipos - \u00a1Solicite presupuesto! - Grupo Tagar","robots":{"index":"index","follow":"follow","max-snippet":"max-snippet:-1","max-image-preview":"max-image-preview:large","max-video-preview":"max-video-preview:-1"},"canonical":"https:\/\/www.grupotagar.com\/es\/","og_locale":"es_ES","og_type":"article","og_title":"Alquiler de Gr\u00faas y Equipos - \u00a1Solicite presupuesto! - Grupo Tagar","og_description":"\u00a1Bienvenidos! +35 A\u00f1os de Experiencia Con m\u00e1s de 35 a\u00f1os de experiencia, la historia de GRUPO TAGAR acumula d\u00e9cadas de experiencia, desaf\u00edos y grandes objetivos alcanzados. Hoy, con una dimensi\u00f3n multinacional y know-how para responder ... Ler Mais +","og_url":"https:\/\/www.grupotagar.com\/es\/","og_site_name":"Grupo Tagar","article_publisher":"https:\/\/www.facebook.com\/grupotagar\/","twitter_card":"summary_large_image","twitter_misc":{"Tiempo de lectura":"1 minuto"},"schema":{"@context":"https:\/\/schema.org","@graph":[{"@type":"WebPage","@id":"https:\/\/www.grupotagar.com\/es\/","url":"https:\/\/www.grupotagar.com\/es\/","name":"Alquiler de Gr\u00faas y Equipos - \u00a1Solicite presupuesto! - Grupo Tagar","isPartOf":{"@id":"https:\/\/www.grupotagar.com\/es\/#website"},"datePublished":"2019-12-12T19:41:53+00:00","breadcrumb":{"@id":"https:\/\/www.grupotagar.com\/es\/#breadcrumb"},"inLanguage":"es","potentialAction":[{"@type":"ReadAction","target":["https:\/\/www.grupotagar.com\/es\/"]}]},{"@type":"BreadcrumbList","@id":"https:\/\/www.grupotagar.com\/es\/#breadcrumb","itemListElement":[{"@type":"ListItem","position":1,"name":"In\u00edcio","item":"https:\/\/www.grupotagar.com\/es\/"},{"@type":"ListItem","position":2,"name":"Homepage"}]},{"@type":"WebSite","@id":"https:\/\/www.grupotagar.com\/es\/#website","url":"https:\/\/www.grupotagar.com\/es\/","name":"Grupo Tagar","description":"We Make Your Project Happen","publisher":{"@id":"https:\/\/www.grupotagar.com\/es\/#organization"},"potentialAction":[{"@type":"SearchAction","target":{"@type":"EntryPoint","urlTemplate":"https:\/\/www.grupotagar.com\/es\/?s={search_term_string}"},"query-input":{"@type":"PropertyValueSpecification","valueRequired":true,"valueName":"search_term_string"}}],"inLanguage":"es"},{"@type":"Organization","@id":"https:\/\/www.grupotagar.com\/es\/#organization","name":"Grupo Tagar","url":"https:\/\/www.grupotagar.com\/es\/","logo":{"@type":"ImageObject","inLanguage":"es","@id":"https:\/\/www.grupotagar.com\/es\/#\/schema\/logo\/image\/","url":"https:\/\/www.grupotagar.com\/wp-content\/uploads\/2019\/07\/grupotagar.png","contentUrl":"https:\/\/www.grupotagar.com\/wp-content\/uploads\/2019\/07\/grupotagar.png","width":210,"height":80,"caption":"Grupo Tagar"},"image":{"@id":"https:\/\/www.grupotagar.com\/es\/#\/schema\/logo\/image\/"},"sameAs":["https:\/\/www.facebook.com\/grupotagar\/","https:\/\/www.linkedin.com\/company\/grupotagar\/","https:\/\/www.youtube.com\/user\/grupotagar"]}]}},"_links":{"self":[{"href":"https:\/\/www.grupotagar.com\/es\/wp-json\/wp\/v2\/pages\/3311","targetHints":{"allow":["GET"]}}],"collection":[{"href":"https:\/\/www.grupotagar.com\/es\/wp-json\/wp\/v2\/pages"}],"about":[{"href":"https:\/\/www.grupotagar.com\/es\/wp-json\/wp\/v2\/types\/page"}],"author":[{"embeddable":true,"href":"https:\/\/www.grupotagar.com\/es\/wp-json\/wp\/v2\/users\/1"}],"replies":[{"embeddable":true,"href":"https:\/\/www.grupotagar.com\/es\/wp-json\/wp\/v2\/comments?post=3311"}],"version-history":[{"count":0,"href":"https:\/\/www.grupotagar.com\/es\/wp-json\/wp\/v2\/pages\/3311\/revisions"}],"wp:attachment":[{"href":"https:\/\/www.grupotagar.com\/es\/wp-json\/wp\/v2\/media?parent=3311"}],"curies":[{"name":"wp","href":"https:\/\/api.w.org\/{rel}","templated":true}]}}