{"id":7656,"date":"2025-03-31T14:47:47","date_gmt":"2025-03-31T14:47:47","guid":{"rendered":"https:\/\/www.grupotagar.com\/recrutamento\/"},"modified":"2025-11-18T09:28:12","modified_gmt":"2025-11-18T09:28:12","slug":"candidatura-espontanea","status":"publish","type":"page","link":"https:\/\/www.grupotagar.com\/es\/recrutamento\/candidatura-espontanea\/","title":{"rendered":"Candidatura Espont\u00e1nea"},"content":{"rendered":"<div class=\"gb-container gb-container-b53dfba3\" id=\"historia\">\n<div class=\"gb-container gb-container-d444a297\">\n\n<h1 class=\"gb-headline gb-headline-4076eaeb gb-headline-text\">Candidatura Espont\u00e1nea<\/h1>\n\n\n\n<hr>\n\n\n\n<h3 class=\"gb-headline gb-headline-aa054db1 gb-headline-text\"><strong>Candidatura espont\u00e1nea<\/strong><\/h3>\n\n\n\n<p><strong>\u00a1\u00danete a nuestro equipo!<\/strong><br>Rellena los campos en el siguiente formulario:<\/p>\n\n\n\n<div class=\"wpcf7 no-js\" id=\"wpcf7-f7662-o1\" lang=\"pt-PT\" dir=\"ltr\" data-wpcf7-id=\"7662\">\n<div class=\"screen-reader-response\"><p role=\"status\" aria-live=\"polite\" aria-atomic=\"true\"><\/p> <ul><\/ul><\/div>\n<form action=\"\/es\/wp-json\/wp\/v2\/pages\/7656#wpcf7-f7662-o1\" method=\"post\" class=\"wpcf7-form init\" aria-label=\"Formul\u00e1rio de contacto\" enctype=\"multipart\/form-data\" novalidate=\"novalidate\" data-status=\"init\">\n<fieldset class=\"hidden-fields-container\"><input type=\"hidden\" name=\"_wpcf7\" value=\"7662\" \/><input type=\"hidden\" name=\"_wpcf7_version\" value=\"6.1.5\" \/><input type=\"hidden\" name=\"_wpcf7_locale\" value=\"pt_PT\" \/><input type=\"hidden\" name=\"_wpcf7_unit_tag\" value=\"wpcf7-f7662-o1\" \/><input type=\"hidden\" name=\"_wpcf7_container_post\" value=\"0\" \/><input type=\"hidden\" name=\"_wpcf7_posted_data_hash\" value=\"\" \/><input type=\"hidden\" name=\"_wpcf7dtx_version\" value=\"5.0.5\" \/><input type=\"hidden\" name=\"_wpcf7cf_hidden_group_fields\" value=\"[]\" \/><input type=\"hidden\" name=\"_wpcf7cf_hidden_groups\" value=\"[]\" \/><input type=\"hidden\" name=\"_wpcf7cf_visible_groups\" value=\"[]\" \/><input type=\"hidden\" name=\"_wpcf7cf_repeaters\" value=\"[]\" \/><input type=\"hidden\" name=\"_wpcf7cf_steps\" value=\"{}\" \/><input type=\"hidden\" name=\"_wpcf7cf_options\" value=\"{&quot;form_id&quot;:7662,&quot;conditions&quot;:[],&quot;settings&quot;:{&quot;animation&quot;:&quot;yes&quot;,&quot;animation_intime&quot;:200,&quot;animation_outtime&quot;:200,&quot;conditions_ui&quot;:&quot;normal&quot;,&quot;notice_dismissed&quot;:false,&quot;notice_dismissed_rollback-cf7-5.8&quot;:true,&quot;notice_dismissed_rollback-cf7-5.8.6&quot;:true,&quot;notice_dismissed_rollback-cf7-5.9.2&quot;:true,&quot;notice_dismissed_rollback-cf7-5.9.5&quot;:true}}\" \/><input type=\"hidden\" name=\"_wpcf7_recaptcha_response\" value=\"\" \/>\n<\/fieldset>\n<div class=\"contactform-style1\">\n\t<div class=\"grid-100 tablet-grid-100 mobile-grid-100 first-column\">\n\t\t<p><span class=\"wpcf7-form-control-wrap\" data-name=\"your-name\"><input size=\"40\" maxlength=\"400\" class=\"wpcf7-form-control wpcf7-text wpcf7-validates-as-required\" aria-required=\"true\" aria-invalid=\"false\" placeholder=\"Nombre *\" value=\"\" type=\"text\" name=\"your-name\" \/><\/span>\n\t\t<\/p>\n\t<\/div>\n\t<div class=\"grid-50 tablet-grid-50 mobile-grid-100 first-column\">\n\t\t<p><span class=\"wpcf7-form-control-wrap\" data-name=\"your-email\"><input size=\"40\" maxlength=\"400\" class=\"wpcf7-form-control wpcf7-email wpcf7-validates-as-required wpcf7-text wpcf7-validates-as-email\" aria-required=\"true\" aria-invalid=\"false\" placeholder=\"Direcci\u00f3n de correo electr\u00f3nico *\" value=\"\" type=\"email\" name=\"your-email\" \/><\/span>\n\t\t<\/p>\n\t<\/div>\n\t<div class=\"grid-50 tablet-grid-50 mobile-grid-100 first-column\">\n\t\t<p><span class=\"wpcf7-form-control-wrap\" data-name=\"phone-number\"><input size=\"40\" maxlength=\"400\" class=\"wpcf7-form-control wpcf7-tel wpcf7-validates-as-required wpcf7-text wpcf7-validates-as-tel\" aria-required=\"true\" aria-invalid=\"false\" placeholder=\"Tel\u00e9fono (incluir c\u00f3digo del pa\u00eds) *\" value=\"\" type=\"tel\" name=\"phone-number\" \/><\/span>\n\t\t<\/p>\n\t<\/div>\n\t<div class=\"grid-100 tablet-grid-100 mobile-grid-100 first-column\">\n\t\t<p><span class=\"wpcf7-form-control-wrap\" data-name=\"your-city\"><input size=\"40\" maxlength=\"400\" class=\"wpcf7-form-control wpcf7-text wpcf7-validates-as-required\" aria-required=\"true\" aria-invalid=\"false\" placeholder=\"Lugar de residencia*\" value=\"\" type=\"text\" name=\"your-city\" \/><\/span>\n\t\t<\/p>\n\t<\/div>\n\t<div class=\"grid-50 tablet-grid-100 mobile-grid-100 first-column\" style=\"text-align:left;\">\n\t\t<div style=\"font-weight:bold;font-size:16px;\">\n\t\t\t<p>\u00c1rea*:\n\t\t\t<\/p>\n\t\t<\/div>\n\t\t<p><span class=\"wpcf7-form-control-wrap\" data-name=\"your-areas\"><span class=\"wpcf7-form-control wpcf7-checkbox wpcf7-validates-as-required\"><span class=\"wpcf7-list-item first\"><input type=\"checkbox\" name=\"your-areas[]\" value=\"Comercial\" \/><span class=\"wpcf7-list-item-label\">Comercial<\/span><\/span><span class=\"wpcf7-list-item\"><input type=\"checkbox\" name=\"your-areas[]\" value=\"Departamento Financiero\" \/><span class=\"wpcf7-list-item-label\">Departamento Financiero<\/span><\/span><span class=\"wpcf7-list-item\"><input type=\"checkbox\" name=\"your-areas[]\" value=\"Gesti\u00f3n de Flota\" \/><span class=\"wpcf7-list-item-label\">Gesti\u00f3n de Flota<\/span><\/span><span class=\"wpcf7-list-item\"><input type=\"checkbox\" name=\"your-areas[]\" value=\"IT\" \/><span class=\"wpcf7-list-item-label\">IT<\/span><\/span><span class=\"wpcf7-list-item\"><input type=\"checkbox\" name=\"your-areas[]\" value=\"Mantenimiento\" \/><span class=\"wpcf7-list-item-label\">Mantenimiento<\/span><\/span><span class=\"wpcf7-list-item\"><input type=\"checkbox\" name=\"your-areas[]\" value=\"Conductor\" \/><span class=\"wpcf7-list-item-label\">Conductor<\/span><\/span><span class=\"wpcf7-list-item\"><input type=\"checkbox\" name=\"your-areas[]\" value=\"Calidad, Medio Ambiente y Seguridad\" \/><span class=\"wpcf7-list-item-label\">Calidad, Medio Ambiente y Seguridad<\/span><\/span><span class=\"wpcf7-list-item\"><input type=\"checkbox\" name=\"your-areas[]\" value=\"Recursos Humanos\" \/><span class=\"wpcf7-list-item-label\">Recursos Humanos<\/span><\/span><span class=\"wpcf7-list-item last\"><input type=\"checkbox\" name=\"your-areas[]\" value=\"Tr\u00e1fico\" \/><span class=\"wpcf7-list-item-label\">Tr\u00e1fico<\/span><\/span><\/span><\/span>\n\t\t<\/p>\n\t<\/div>\n\t<div class=\"grid-50 tablet-grid-100 mobile-grid-100 first-column\" style=\"text-align:left;\">\n\t\t<div style=\"font-weight:bold;font-size:16px;\">\n\t\t\t<p>Funci\u00f3n*:\n\t\t\t<\/p>\n\t\t<\/div>\n\t\t<p><span class=\"wpcf7-form-control-wrap\" data-name=\"your-funcao\"><span class=\"wpcf7-form-control wpcf7-checkbox wpcf7-validates-as-required\"><span class=\"wpcf7-list-item first\"><label><input type=\"checkbox\" name=\"your-funcao[]\" value=\"Administrativo\" \/><span class=\"wpcf7-list-item-label\">Administrativo<\/span><\/label><\/span><span class=\"wpcf7-list-item\"><label><input type=\"checkbox\" name=\"your-funcao[]\" value=\"Operativo de Gr\u00faas\" \/><span class=\"wpcf7-list-item-label\">Operativo de Gr\u00faas<\/span><\/label><\/span><span class=\"wpcf7-list-item\"><label><input type=\"checkbox\" name=\"your-funcao[]\" value=\"Operativo de Camiones\" \/><span class=\"wpcf7-list-item-label\">Operativo de Camiones<\/span><\/label><\/span><span class=\"wpcf7-list-item\"><label><input type=\"checkbox\" name=\"your-funcao[]\" value=\"Pintor\" \/><span class=\"wpcf7-list-item-label\">Pintor<\/span><\/label><\/span><span class=\"wpcf7-list-item last\"><label><input type=\"checkbox\" name=\"your-funcao[]\" value=\"Mec\u00e1nico\" \/><span class=\"wpcf7-list-item-label\">Mec\u00e1nico<\/span><\/label><\/span><\/span><\/span>\n\t\t<\/p>\n\t<\/div>\n\t<div class=\"grid-100 tablet-grid-100 mobile-grid-100 first-column\" style=\"text-align:left;\">\n\t\t<p><span class=\"wpcf7-form-control-wrap\" data-name=\"conhecimento\"><select class=\"wpcf7-form-control wpcf7-select wpcf7-validates-as-required\" aria-required=\"true\" aria-invalid=\"false\" name=\"conhecimento\"><option value=\"\">-- \u00bfC\u00f3mo supiste de nuestra empresa?* --<\/option><option value=\"Redes sociales\">Redes sociales<\/option><option value=\"Sitio web del grupo\">Sitio web del grupo<\/option><option value=\"Familia\/Amigos\">Familia\/Amigos<\/option><option value=\"LinkedIn\">LinkedIn<\/option><option value=\"Sitios de empleo\">Sitios de empleo<\/option><option value=\"Folleto\">Folleto<\/option><option value=\"Otros\">Otros<\/option><\/select><\/span>\n\t\t<\/p>\n\t<\/div>\n\t<div class=\"grid-50 tablet-grid-50 mobile-grid-100 first-column\" style=\"text-align:left;\">\n\t\t<p><b>Subir el Curr\u00edculum (CV):<\/b><br \/>\n<i>Archivos admitidos: .pdf o .doc (m\u00e1ximo 16MB)<\/i>\n\t\t<\/p>\n\t\t<p><span class=\"wpcf7-form-control-wrap\" data-name=\"cv\"><input size=\"40\" class=\"wpcf7-form-control wpcf7-file wpcf7-validates-as-required\" accept=\".pdf,.doc,.docx\" aria-required=\"true\" aria-invalid=\"false\" type=\"file\" name=\"cv\" \/><\/span>\n\t\t<\/p>\n\t<\/div>\n\t<div class=\"grid-100 tablet-grid-100 mobile-grid-100 first-column\">\n\t\t<p><span class=\"wpcf7-form-control-wrap\" data-name=\"your-message\"><textarea cols=\"40\" rows=\"10\" maxlength=\"2000\" class=\"wpcf7-form-control wpcf7-textarea wpcf7-validates-as-required\" aria-required=\"true\" aria-invalid=\"false\" placeholder=\"Observaciones *\" name=\"your-message\"><\/textarea><\/span>\n\t\t<\/p>\n\t<\/div>\n\t<div class=\"grid-100 tablet-grid-100 mobile-grid-100 first-column\" style=\"text-align:left;font-size:12px;line-height:2em;margin-top: 10px;\">\n\t\t<p><span class=\"wpcf7-form-control-wrap\" data-name=\"rgpd\"><span class=\"wpcf7-form-control wpcf7-acceptance\"><span class=\"wpcf7-list-item\"><label><input type=\"checkbox\" name=\"rgpd\" value=\"1\" aria-invalid=\"false\" \/><span class=\"wpcf7-list-item-label\">Autorizo a EuroTagar - Comercio de M\u00e1quinas para Construcci\u00f3n S.L. a recoger mis datos personales y utilizarlos exclusivamente para fines de comunicaci\u00f3n sobre la raz\u00f3n del contacto.<\/span><\/label><\/span><\/span><\/span>\n\t\t<\/p>\n\t<\/div>\n\t<div class=\"grid-100 tablet-grid-100 mobile-grid-100 first-column\">\n\t\t<p><input class=\"wpcf7-form-control wpcf7-submit has-spinner\" type=\"submit\" value=\"Enviar &gt;\" \/>\n\t\t<\/p>\n\t<\/div>\n<\/div><div class=\"wpcf7-response-output\" aria-hidden=\"true\"><\/div>\n<\/form>\n<\/div>\n\n\n<\/div>\n<\/div>","protected":false},"excerpt":{"rendered":"<p>Candidatura Espont\u00e1nea Candidatura espont\u00e1nea \u00a1\u00danete a nuestro equipo!Rellena los campos en el siguiente formulario:<\/p>\n","protected":false},"author":1,"featured_media":0,"parent":8255,"menu_order":1,"comment_status":"closed","ping_status":"closed","template":"","meta":{"footnotes":""},"class_list":{"0":"post-7656","1":"page","2":"type-page","3":"status-publish","5":"infinite-scroll-item"},"yoast_head":"<!-- This site is optimized with the Yoast SEO plugin v27.4 - https:\/\/yoast.com\/product\/yoast-seo-wordpress\/ -->\n<title>Grupo Tagar - Mais de 35 Anos de Experi\u00eancia - Sobre N\u00f3s<\/title>\n<meta name=\"description\" content=\"Com mais de 35 anos de experi\u00eancia, a hist\u00f3ria do GRUPO TAGAR soma d\u00e9cadas de experi\u00eancias, desafios e grandes metas alcan\u00e7adas. Conhe\u00e7a a nossa hist\u00f3ria!\" \/>\n<meta name=\"robots\" content=\"index, follow, max-snippet:-1, max-image-preview:large, max-video-preview:-1\" \/>\n<link rel=\"canonical\" href=\"https:\/\/www.grupotagar.com\/es\/recrutamento\/candidatura-espontanea\/\" \/>\n<meta property=\"og:locale\" content=\"es_ES\" \/>\n<meta property=\"og:type\" content=\"article\" \/>\n<meta property=\"og:title\" content=\"Grupo Tagar - Mais de 35 Anos de Experi\u00eancia - Sobre N\u00f3s\" \/>\n<meta property=\"og:description\" content=\"Com mais de 35 anos de experi\u00eancia, a hist\u00f3ria do GRUPO TAGAR soma d\u00e9cadas de experi\u00eancias, desafios e grandes metas alcan\u00e7adas. Conhe\u00e7a a nossa hist\u00f3ria!\" \/>\n<meta property=\"og:url\" content=\"https:\/\/www.grupotagar.com\/es\/recrutamento\/candidatura-espontanea\/\" \/>\n<meta property=\"og:site_name\" content=\"Grupo Tagar\" \/>\n<meta property=\"article:publisher\" content=\"https:\/\/www.facebook.com\/grupotagar\/\" \/>\n<meta property=\"article:modified_time\" content=\"2025-11-18T09:28:12+00:00\" \/>\n<meta name=\"twitter:card\" content=\"summary_large_image\" \/>\n<meta name=\"twitter:label1\" content=\"Tiempo de lectura\" \/>\n\t<meta name=\"twitter:data1\" content=\"1 minuto\" \/>\n<script type=\"application\/ld+json\" class=\"yoast-schema-graph\">{\"@context\":\"https:\\\/\\\/schema.org\",\"@graph\":[{\"@type\":\"WebPage\",\"@id\":\"https:\\\/\\\/www.grupotagar.com\\\/es\\\/recrutamento\\\/candidatura-espontanea\\\/\",\"url\":\"https:\\\/\\\/www.grupotagar.com\\\/es\\\/recrutamento\\\/candidatura-espontanea\\\/\",\"name\":\"Grupo Tagar - Mais de 35 Anos de Experi\u00eancia - Sobre N\u00f3s\",\"isPartOf\":{\"@id\":\"https:\\\/\\\/www.grupotagar.com\\\/es\\\/#website\"},\"datePublished\":\"2025-03-31T14:47:47+00:00\",\"dateModified\":\"2025-11-18T09:28:12+00:00\",\"description\":\"Com mais de 35 anos de experi\u00eancia, a hist\u00f3ria do GRUPO TAGAR soma d\u00e9cadas de experi\u00eancias, desafios e grandes metas alcan\u00e7adas. Conhe\u00e7a a nossa hist\u00f3ria!\",\"breadcrumb\":{\"@id\":\"https:\\\/\\\/www.grupotagar.com\\\/es\\\/recrutamento\\\/candidatura-espontanea\\\/#breadcrumb\"},\"inLanguage\":\"es\",\"potentialAction\":[{\"@type\":\"ReadAction\",\"target\":[\"https:\\\/\\\/www.grupotagar.com\\\/es\\\/recrutamento\\\/candidatura-espontanea\\\/\"]}]},{\"@type\":\"BreadcrumbList\",\"@id\":\"https:\\\/\\\/www.grupotagar.com\\\/es\\\/recrutamento\\\/candidatura-espontanea\\\/#breadcrumb\",\"itemListElement\":[{\"@type\":\"ListItem\",\"position\":1,\"name\":\"In\u00edcio\",\"item\":\"https:\\\/\\\/www.grupotagar.com\\\/es\\\/\"},{\"@type\":\"ListItem\",\"position\":2,\"name\":\"Reclutamiento\",\"item\":\"https:\\\/\\\/www.grupotagar.com\\\/es\\\/recrutamento\\\/\"},{\"@type\":\"ListItem\",\"position\":3,\"name\":\"Candidatura Espont\u00e1nea\"}]},{\"@type\":\"WebSite\",\"@id\":\"https:\\\/\\\/www.grupotagar.com\\\/es\\\/#website\",\"url\":\"https:\\\/\\\/www.grupotagar.com\\\/es\\\/\",\"name\":\"Grupo Tagar\",\"description\":\"We Make Your Project Happen\",\"publisher\":{\"@id\":\"https:\\\/\\\/www.grupotagar.com\\\/es\\\/#organization\"},\"potentialAction\":[{\"@type\":\"SearchAction\",\"target\":{\"@type\":\"EntryPoint\",\"urlTemplate\":\"https:\\\/\\\/www.grupotagar.com\\\/es\\\/?s={search_term_string}\"},\"query-input\":{\"@type\":\"PropertyValueSpecification\",\"valueRequired\":true,\"valueName\":\"search_term_string\"}}],\"inLanguage\":\"es\"},{\"@type\":\"Organization\",\"@id\":\"https:\\\/\\\/www.grupotagar.com\\\/es\\\/#organization\",\"name\":\"Grupo Tagar\",\"url\":\"https:\\\/\\\/www.grupotagar.com\\\/es\\\/\",\"logo\":{\"@type\":\"ImageObject\",\"inLanguage\":\"es\",\"@id\":\"https:\\\/\\\/www.grupotagar.com\\\/es\\\/#\\\/schema\\\/logo\\\/image\\\/\",\"url\":\"https:\\\/\\\/www.grupotagar.com\\\/wp-content\\\/uploads\\\/2019\\\/07\\\/grupotagar.png\",\"contentUrl\":\"https:\\\/\\\/www.grupotagar.com\\\/wp-content\\\/uploads\\\/2019\\\/07\\\/grupotagar.png\",\"width\":210,\"height\":80,\"caption\":\"Grupo Tagar\"},\"image\":{\"@id\":\"https:\\\/\\\/www.grupotagar.com\\\/es\\\/#\\\/schema\\\/logo\\\/image\\\/\"},\"sameAs\":[\"https:\\\/\\\/www.facebook.com\\\/grupotagar\\\/\",\"https:\\\/\\\/www.linkedin.com\\\/company\\\/grupotagar\\\/\",\"https:\\\/\\\/www.youtube.com\\\/user\\\/grupotagar\"]}]}<\/script>\n<!-- \/ Yoast SEO plugin. -->","yoast_head_json":{"title":"Grupo Tagar - Mais de 35 Anos de Experi\u00eancia - Sobre N\u00f3s","description":"Com mais de 35 anos de experi\u00eancia, a hist\u00f3ria do GRUPO TAGAR soma d\u00e9cadas de experi\u00eancias, desafios e grandes metas alcan\u00e7adas. Conhe\u00e7a a nossa hist\u00f3ria!","robots":{"index":"index","follow":"follow","max-snippet":"max-snippet:-1","max-image-preview":"max-image-preview:large","max-video-preview":"max-video-preview:-1"},"canonical":"https:\/\/www.grupotagar.com\/es\/recrutamento\/candidatura-espontanea\/","og_locale":"es_ES","og_type":"article","og_title":"Grupo Tagar - Mais de 35 Anos de Experi\u00eancia - Sobre N\u00f3s","og_description":"Com mais de 35 anos de experi\u00eancia, a hist\u00f3ria do GRUPO TAGAR soma d\u00e9cadas de experi\u00eancias, desafios e grandes metas alcan\u00e7adas. Conhe\u00e7a a nossa hist\u00f3ria!","og_url":"https:\/\/www.grupotagar.com\/es\/recrutamento\/candidatura-espontanea\/","og_site_name":"Grupo Tagar","article_publisher":"https:\/\/www.facebook.com\/grupotagar\/","article_modified_time":"2025-11-18T09:28:12+00:00","twitter_card":"summary_large_image","twitter_misc":{"Tiempo de lectura":"1 minuto"},"schema":{"@context":"https:\/\/schema.org","@graph":[{"@type":"WebPage","@id":"https:\/\/www.grupotagar.com\/es\/recrutamento\/candidatura-espontanea\/","url":"https:\/\/www.grupotagar.com\/es\/recrutamento\/candidatura-espontanea\/","name":"Grupo Tagar - Mais de 35 Anos de Experi\u00eancia - Sobre N\u00f3s","isPartOf":{"@id":"https:\/\/www.grupotagar.com\/es\/#website"},"datePublished":"2025-03-31T14:47:47+00:00","dateModified":"2025-11-18T09:28:12+00:00","description":"Com mais de 35 anos de experi\u00eancia, a hist\u00f3ria do GRUPO TAGAR soma d\u00e9cadas de experi\u00eancias, desafios e grandes metas alcan\u00e7adas. Conhe\u00e7a a nossa hist\u00f3ria!","breadcrumb":{"@id":"https:\/\/www.grupotagar.com\/es\/recrutamento\/candidatura-espontanea\/#breadcrumb"},"inLanguage":"es","potentialAction":[{"@type":"ReadAction","target":["https:\/\/www.grupotagar.com\/es\/recrutamento\/candidatura-espontanea\/"]}]},{"@type":"BreadcrumbList","@id":"https:\/\/www.grupotagar.com\/es\/recrutamento\/candidatura-espontanea\/#breadcrumb","itemListElement":[{"@type":"ListItem","position":1,"name":"In\u00edcio","item":"https:\/\/www.grupotagar.com\/es\/"},{"@type":"ListItem","position":2,"name":"Reclutamiento","item":"https:\/\/www.grupotagar.com\/es\/recrutamento\/"},{"@type":"ListItem","position":3,"name":"Candidatura Espont\u00e1nea"}]},{"@type":"WebSite","@id":"https:\/\/www.grupotagar.com\/es\/#website","url":"https:\/\/www.grupotagar.com\/es\/","name":"Grupo Tagar","description":"We Make Your Project Happen","publisher":{"@id":"https:\/\/www.grupotagar.com\/es\/#organization"},"potentialAction":[{"@type":"SearchAction","target":{"@type":"EntryPoint","urlTemplate":"https:\/\/www.grupotagar.com\/es\/?s={search_term_string}"},"query-input":{"@type":"PropertyValueSpecification","valueRequired":true,"valueName":"search_term_string"}}],"inLanguage":"es"},{"@type":"Organization","@id":"https:\/\/www.grupotagar.com\/es\/#organization","name":"Grupo Tagar","url":"https:\/\/www.grupotagar.com\/es\/","logo":{"@type":"ImageObject","inLanguage":"es","@id":"https:\/\/www.grupotagar.com\/es\/#\/schema\/logo\/image\/","url":"https:\/\/www.grupotagar.com\/wp-content\/uploads\/2019\/07\/grupotagar.png","contentUrl":"https:\/\/www.grupotagar.com\/wp-content\/uploads\/2019\/07\/grupotagar.png","width":210,"height":80,"caption":"Grupo Tagar"},"image":{"@id":"https:\/\/www.grupotagar.com\/es\/#\/schema\/logo\/image\/"},"sameAs":["https:\/\/www.facebook.com\/grupotagar\/","https:\/\/www.linkedin.com\/company\/grupotagar\/","https:\/\/www.youtube.com\/user\/grupotagar"]}]}},"_links":{"self":[{"href":"https:\/\/www.grupotagar.com\/es\/wp-json\/wp\/v2\/pages\/7656","targetHints":{"allow":["GET"]}}],"collection":[{"href":"https:\/\/www.grupotagar.com\/es\/wp-json\/wp\/v2\/pages"}],"about":[{"href":"https:\/\/www.grupotagar.com\/es\/wp-json\/wp\/v2\/types\/page"}],"author":[{"embeddable":true,"href":"https:\/\/www.grupotagar.com\/es\/wp-json\/wp\/v2\/users\/1"}],"replies":[{"embeddable":true,"href":"https:\/\/www.grupotagar.com\/es\/wp-json\/wp\/v2\/comments?post=7656"}],"version-history":[{"count":4,"href":"https:\/\/www.grupotagar.com\/es\/wp-json\/wp\/v2\/pages\/7656\/revisions"}],"predecessor-version":[{"id":8261,"href":"https:\/\/www.grupotagar.com\/es\/wp-json\/wp\/v2\/pages\/7656\/revisions\/8261"}],"up":[{"embeddable":true,"href":"https:\/\/www.grupotagar.com\/es\/wp-json\/wp\/v2\/pages\/8255"}],"wp:attachment":[{"href":"https:\/\/www.grupotagar.com\/es\/wp-json\/wp\/v2\/media?parent=7656"}],"curies":[{"name":"wp","href":"https:\/\/api.w.org\/{rel}","templated":true}]}}