{"id":8266,"date":"2025-11-13T11:41:59","date_gmt":"2025-11-13T11:41:59","guid":{"rendered":"https:\/\/www.grupotagar.com\/recrutamento\/manobrador-de-autogrua\/"},"modified":"2025-11-18T09:56:45","modified_gmt":"2025-11-18T09:56:45","slug":"operador-de-grua-movil","status":"publish","type":"page","link":"https:\/\/www.grupotagar.com\/es\/recrutamento\/operador-de-grua-movil\/","title":{"rendered":"Operador de gr\u00faa m\u00f3vil"},"content":{"rendered":"<div class=\"gb-container gb-container-b53dfba3\">\n<div class=\"gb-container gb-container-e064e93b\">\n\n<a class=\"gb-button gb-button-02ffa48d\" href=\"https:\/\/www.grupotagar.com\/es\/recrutamento\/\"><span class=\"gb-icon\"><svg aria-hidden=\"true\" role=\"img\" height=\"1em\" width=\"1em\" viewBox=\"0 0 256 512\" xmlns=\"http:\/\/www.w3.org\/2000\/svg\"><path fill=\"currentColor\" d=\"M31.7 239l136-136c9.4-9.4 24.6-9.4 33.9 0l22.6 22.6c9.4 9.4 9.4 24.6 0 33.9L127.9 256l96.4 96.4c9.4 9.4 9.4 24.6 0 33.9L201.7 409c-9.4 9.4-24.6 9.4-33.9 0l-136-136c-9.5-9.4-9.5-24.6-.1-34z\"><\/path><\/svg><\/span><span class=\"gb-button-text\">Explorar todas las ofertas<\/span><\/a>\n\n\n\n<h1 class=\"gb-headline gb-headline-4076eaeb gb-headline-text\">Operador de gr\u00faa m\u00f3vil (M\/F)<\/h1>\n\n\n\n<h3 class=\"gb-headline gb-headline-aa054db1 gb-headline-text\">Post\u00falate a este puesto de trabajo<\/h3>\n\n<\/div>\n\n<div class=\"gb-container gb-container-d444a297\">\n<div class=\"gb-container gb-container-87653e3d\">\n\n<p style=\"font-size:16px\"><strong>Grupotagar<\/strong>, empresa de referencia en el sector e\u00f3lico, de la construcci\u00f3n y de servicios industriales, se encuentra en proceso de selecci\u00f3n de un <strong>Operador de gr\u00faa m\u00f3vil<\/strong> para unirse a su equipo.<\/p>\n\n\n\n<p class=\"gb-headline gb-headline-4cc83884\"><span class=\"gb-icon\"><svg aria-hidden=\"true\" role=\"img\" height=\"1em\" width=\"1em\" viewBox=\"0 0 384 512\" xmlns=\"http:\/\/www.w3.org\/2000\/svg\"><path fill=\"currentColor\" d=\"M172.268 501.67C26.97 291.031 0 269.413 0 192 0 85.961 85.961 0 192 0s192 85.961 192 192c0 77.413-26.97 99.031-172.268 309.67-9.535 13.774-29.93 13.773-39.464 0zM192 272c44.183 0 80-35.817 80-80s-35.817-80-80-80-80 35.817-80 80 35.817 80 80 80z\"><\/path><\/svg><\/span><span class=\"gb-headline-text\"><strong>Arrifana<\/strong>, Santa Maria da Feira (PT)<\/span><\/p>\n\n\n\n<div style=\"height:6px\" aria-hidden=\"true\" class=\"wp-block-spacer\"><\/div>\n\n\n\n<p class=\"gb-headline gb-headline-1377ab72\"><span class=\"gb-icon\"><svg xmlns=\"http:\/\/www.w3.org\/2000\/svg\" width=\"512\" viewBox=\"0 0 32 32\" stroke-miterlimit=\"2\" stroke-linejoin=\"round\" height=\"512\" fill-rule=\"evenodd\" clip-rule=\"evenodd\" id=\"fi_3944519\"><path fill=\"rgb(0,0,0)\" d=\"m18.012 4c.199.003.395.064.562.181.267.187.426.493.426.819v22c0 .548-.441.993-.987 1h-.013-11c-.552 0-1-.448-1-1 0 0 0-12.367 0-16.599 0-1.262.789-2.388 1.975-2.82 2.92-1.061 9.683-3.521 9.683-3.521.106-.038.215-.058.324-.06h.015zm2.988 8.198 3.182 1.363c1.103.473 1.818 1.558 1.818 2.758v10.681c0 .552-.448 1-1 1h-4.171c.111-.313.171-.649.171-1zm-6.987 8.802c.546-.007.987-.452.987-1 0-.552-.448-1-1-1h-3c-.552 0-1 .448-1 1s.448 1 1 1h3zm0-4c.546-.007.987-.452.987-1 0-.552-.448-1-1-1h-3c-.552 0-1 .448-1 1s.448 1 1 1h3zm0-4c.546-.007.987-.452.987-1 0-.552-.448-1-1-1h-3c-.552 0-1 .448-1 1s.448 1 1 1h3z\" id=\"path2\"><\/path><\/svg><\/span><span class=\"gb-headline-text\">Grupo Tagar<\/span><\/p>\n\n\n\n<p style=\"font-size:16px\"><strong>Funciones:<\/strong><\/p>\n\n\n\n<ul class=\"wp-block-list\">\n<li>Operar y maniobrar gr\u00faas m\u00f3viles en el contexto de obra y astillero.<\/li>\n\n\n\n<li>Garantizar la seguridad en las operaciones de carga y descarga.<\/li>\n\n\n\n<li>Apoyar al equipo t\u00e9cnico en las maniobras de montaje y desmontaje.<\/li>\n\n\n\n<li>Velar por el mantenimiento b\u00e1sico y buen estado de funcionamiento de la m\u00e1quina.<\/li>\n\n\n\n<li>Realizar inspecciones diarias del equipo.<\/li>\n<\/ul>\n\n\n\n<p style=\"font-size:16px\"><strong>Requisitos:<\/strong><\/p>\n\n\n\n<ul class=\"wp-block-list\">\n<li>Disponibilidad total;<\/li>\n\n\n\n<li>Certificado v\u00e1lido para conducir\/manipular gr\u00faas m\u00f3viles;<\/li>\n\n\n\n<li>Conocimientos de normas de seguridad en obra;<\/li>\n\n\n\n<li>Sentido de responsabilidad y capacidad para trabajar en equipo;<\/li>\n\n\n\n<li>Disponibilidad inmediata o a corto plazo;<\/li>\n\n\n\n<li>Disponibilidad horaria.<\/li>\n<\/ul>\n\n\n\n<p style=\"font-size:16px\"><strong>Ofrecemos:<\/strong><\/p>\n\n\n\n<ul class=\"wp-block-list\">\n<li>Integraci\u00f3n en una empresa s\u00f3lida y en crecimiento.<\/li>\n\n\n\n<li>Contrato de trabajo estable.<\/li>\n\n\n\n<li>Remuneraci\u00f3n acorde con la experiencia demostrada.<\/li>\n\n\n\n<li>Formaci\u00f3n continua y posibilidad de progresi\u00f3n profesional.<\/li>\n<\/ul>\n\n\n\n<p style=\"font-size:16px\"><strong>Candidaturas:<\/strong><\/p>\n\n\n\n<p>Env\u00ede su CV actualizado al correo <a href=\"mailto:rh@grupotagar.com\"><strong>rh@grupotagar.com<\/strong><\/a>, con la referencia \u201c<em>Operador de gr\u00faa m\u00f3vil<\/em>\u201d.<\/p>\n\n<\/div>\n<\/div>\n<\/div>","protected":false},"excerpt":{"rendered":"<p>Operador de gr\u00faa m\u00f3vil (M\/F) Post\u00falate a este puesto de trabajo Grupotagar, empresa de referencia en el sector e\u00f3lico, de la construcci\u00f3n y de servicios industriales, se encuentra en proceso de selecci\u00f3n de un Operador &#8230; <\/p>\n<p class=\"read-more-container\"><a title=\"Operador de gr\u00faa m\u00f3vil\" class=\"read-more button\" href=\"https:\/\/www.grupotagar.com\/es\/recrutamento\/operador-de-grua-movil\/#more-8266\" aria-label=\"Leer m\u00e1s sobre Operador de gr\u00faa m\u00f3vil\">Ler Mais +<\/a><\/p>\n","protected":false},"author":1,"featured_media":8173,"parent":8255,"menu_order":1,"comment_status":"closed","ping_status":"closed","template":"","meta":{"footnotes":""},"class_list":{"0":"post-8266","1":"page","2":"type-page","3":"status-publish","4":"has-post-thumbnail","6":"infinite-scroll-item"},"yoast_head":"<!-- This site is optimized with the Yoast SEO plugin v27.4 - https:\/\/yoast.com\/product\/yoast-seo-wordpress\/ -->\n<title>Operador de gr\u00faa m\u00f3vil - Grupo Tagar<\/title>\n<meta name=\"description\" content=\"Grupotagar, empresa de referencia en el sector e\u00f3lico, de la construcci\u00f3n y de servicios industriales, se encuentra en proceso de selecci\u00f3n de un Operador de gr\u00faa m\u00f3vil para unirse a su equipo.\" \/>\n<meta name=\"robots\" content=\"noindex, follow\" \/>\n<meta property=\"og:locale\" content=\"es_ES\" \/>\n<meta property=\"og:type\" content=\"article\" \/>\n<meta property=\"og:title\" content=\"Operador de gr\u00faa m\u00f3vil - Grupo Tagar\" \/>\n<meta property=\"og:description\" content=\"Grupotagar, empresa de referencia en el sector e\u00f3lico, de la construcci\u00f3n y de servicios industriales, se encuentra en proceso de selecci\u00f3n de un Operador de gr\u00faa m\u00f3vil para unirse a su equipo.\" \/>\n<meta property=\"og:url\" content=\"https:\/\/www.grupotagar.com\/es\/recrutamento\/operador-de-grua-movil\/\" \/>\n<meta property=\"og:site_name\" content=\"Grupo Tagar\" \/>\n<meta property=\"article:publisher\" content=\"https:\/\/www.facebook.com\/grupotagar\/\" \/>\n<meta property=\"article:modified_time\" content=\"2025-11-18T09:56:45+00:00\" \/>\n<meta property=\"og:image\" content=\"https:\/\/www.grupotagar.com\/wp-content\/uploads\/2025\/11\/tagar-cranne2.webp\" \/>\n\t<meta property=\"og:image:width\" content=\"1800\" \/>\n\t<meta property=\"og:image:height\" content=\"1350\" \/>\n\t<meta property=\"og:image:type\" content=\"image\/webp\" \/>\n<meta name=\"twitter:card\" content=\"summary_large_image\" \/>\n<meta name=\"twitter:label1\" content=\"Tiempo de lectura\" \/>\n\t<meta name=\"twitter:data1\" content=\"2 minutos\" \/>\n<script type=\"application\/ld+json\" class=\"yoast-schema-graph\">{\"@context\":\"https:\\\/\\\/schema.org\",\"@graph\":[{\"@type\":\"WebPage\",\"@id\":\"https:\\\/\\\/www.grupotagar.com\\\/es\\\/recrutamento\\\/operador-de-grua-movil\\\/\",\"url\":\"https:\\\/\\\/www.grupotagar.com\\\/es\\\/recrutamento\\\/operador-de-grua-movil\\\/\",\"name\":\"Operador de gr\u00faa m\u00f3vil - Grupo Tagar\",\"isPartOf\":{\"@id\":\"https:\\\/\\\/www.grupotagar.com\\\/es\\\/#website\"},\"primaryImageOfPage\":{\"@id\":\"https:\\\/\\\/www.grupotagar.com\\\/es\\\/recrutamento\\\/operador-de-grua-movil\\\/#primaryimage\"},\"image\":{\"@id\":\"https:\\\/\\\/www.grupotagar.com\\\/es\\\/recrutamento\\\/operador-de-grua-movil\\\/#primaryimage\"},\"thumbnailUrl\":\"https:\\\/\\\/www.grupotagar.com\\\/wp-content\\\/uploads\\\/2025\\\/11\\\/tagar-cranne2.webp\",\"datePublished\":\"2025-11-13T11:41:59+00:00\",\"dateModified\":\"2025-11-18T09:56:45+00:00\",\"description\":\"Grupotagar, empresa de referencia en el sector e\u00f3lico, de la construcci\u00f3n y de servicios industriales, se encuentra en proceso de selecci\u00f3n de un Operador de gr\u00faa m\u00f3vil para unirse a su equipo.\",\"breadcrumb\":{\"@id\":\"https:\\\/\\\/www.grupotagar.com\\\/es\\\/recrutamento\\\/operador-de-grua-movil\\\/#breadcrumb\"},\"inLanguage\":\"es\",\"potentialAction\":[{\"@type\":\"ReadAction\",\"target\":[\"https:\\\/\\\/www.grupotagar.com\\\/es\\\/recrutamento\\\/operador-de-grua-movil\\\/\"]}]},{\"@type\":\"ImageObject\",\"inLanguage\":\"es\",\"@id\":\"https:\\\/\\\/www.grupotagar.com\\\/es\\\/recrutamento\\\/operador-de-grua-movil\\\/#primaryimage\",\"url\":\"https:\\\/\\\/www.grupotagar.com\\\/wp-content\\\/uploads\\\/2025\\\/11\\\/tagar-cranne2.webp\",\"contentUrl\":\"https:\\\/\\\/www.grupotagar.com\\\/wp-content\\\/uploads\\\/2025\\\/11\\\/tagar-cranne2.webp\",\"width\":1800,\"height\":1350,\"caption\":\"Grupo Tagar\"},{\"@type\":\"BreadcrumbList\",\"@id\":\"https:\\\/\\\/www.grupotagar.com\\\/es\\\/recrutamento\\\/operador-de-grua-movil\\\/#breadcrumb\",\"itemListElement\":[{\"@type\":\"ListItem\",\"position\":1,\"name\":\"In\u00edcio\",\"item\":\"https:\\\/\\\/www.grupotagar.com\\\/es\\\/\"},{\"@type\":\"ListItem\",\"position\":2,\"name\":\"Reclutamiento\",\"item\":\"https:\\\/\\\/www.grupotagar.com\\\/es\\\/recrutamento\\\/\"},{\"@type\":\"ListItem\",\"position\":3,\"name\":\"Operador de gr\u00faa m\u00f3vil\"}]},{\"@type\":\"WebSite\",\"@id\":\"https:\\\/\\\/www.grupotagar.com\\\/es\\\/#website\",\"url\":\"https:\\\/\\\/www.grupotagar.com\\\/es\\\/\",\"name\":\"Grupo Tagar\",\"description\":\"We Make Your Project Happen\",\"publisher\":{\"@id\":\"https:\\\/\\\/www.grupotagar.com\\\/es\\\/#organization\"},\"potentialAction\":[{\"@type\":\"SearchAction\",\"target\":{\"@type\":\"EntryPoint\",\"urlTemplate\":\"https:\\\/\\\/www.grupotagar.com\\\/es\\\/?s={search_term_string}\"},\"query-input\":{\"@type\":\"PropertyValueSpecification\",\"valueRequired\":true,\"valueName\":\"search_term_string\"}}],\"inLanguage\":\"es\"},{\"@type\":\"Organization\",\"@id\":\"https:\\\/\\\/www.grupotagar.com\\\/es\\\/#organization\",\"name\":\"Grupo Tagar\",\"url\":\"https:\\\/\\\/www.grupotagar.com\\\/es\\\/\",\"logo\":{\"@type\":\"ImageObject\",\"inLanguage\":\"es\",\"@id\":\"https:\\\/\\\/www.grupotagar.com\\\/es\\\/#\\\/schema\\\/logo\\\/image\\\/\",\"url\":\"https:\\\/\\\/www.grupotagar.com\\\/wp-content\\\/uploads\\\/2019\\\/07\\\/grupotagar.png\",\"contentUrl\":\"https:\\\/\\\/www.grupotagar.com\\\/wp-content\\\/uploads\\\/2019\\\/07\\\/grupotagar.png\",\"width\":210,\"height\":80,\"caption\":\"Grupo Tagar\"},\"image\":{\"@id\":\"https:\\\/\\\/www.grupotagar.com\\\/es\\\/#\\\/schema\\\/logo\\\/image\\\/\"},\"sameAs\":[\"https:\\\/\\\/www.facebook.com\\\/grupotagar\\\/\",\"https:\\\/\\\/www.linkedin.com\\\/company\\\/grupotagar\\\/\",\"https:\\\/\\\/www.youtube.com\\\/user\\\/grupotagar\"]}]}<\/script>\n<!-- \/ Yoast SEO plugin. -->","yoast_head_json":{"title":"Operador de gr\u00faa m\u00f3vil - Grupo Tagar","description":"Grupotagar, empresa de referencia en el sector e\u00f3lico, de la construcci\u00f3n y de servicios industriales, se encuentra en proceso de selecci\u00f3n de un Operador de gr\u00faa m\u00f3vil para unirse a su equipo.","robots":{"index":"noindex","follow":"follow"},"og_locale":"es_ES","og_type":"article","og_title":"Operador de gr\u00faa m\u00f3vil - Grupo Tagar","og_description":"Grupotagar, empresa de referencia en el sector e\u00f3lico, de la construcci\u00f3n y de servicios industriales, se encuentra en proceso de selecci\u00f3n de un Operador de gr\u00faa m\u00f3vil para unirse a su equipo.","og_url":"https:\/\/www.grupotagar.com\/es\/recrutamento\/operador-de-grua-movil\/","og_site_name":"Grupo Tagar","article_publisher":"https:\/\/www.facebook.com\/grupotagar\/","article_modified_time":"2025-11-18T09:56:45+00:00","og_image":[{"width":1800,"height":1350,"url":"https:\/\/www.grupotagar.com\/wp-content\/uploads\/2025\/11\/tagar-cranne2.webp","type":"image\/webp"}],"twitter_card":"summary_large_image","twitter_misc":{"Tiempo de lectura":"2 minutos"},"schema":{"@context":"https:\/\/schema.org","@graph":[{"@type":"WebPage","@id":"https:\/\/www.grupotagar.com\/es\/recrutamento\/operador-de-grua-movil\/","url":"https:\/\/www.grupotagar.com\/es\/recrutamento\/operador-de-grua-movil\/","name":"Operador de gr\u00faa m\u00f3vil - Grupo Tagar","isPartOf":{"@id":"https:\/\/www.grupotagar.com\/es\/#website"},"primaryImageOfPage":{"@id":"https:\/\/www.grupotagar.com\/es\/recrutamento\/operador-de-grua-movil\/#primaryimage"},"image":{"@id":"https:\/\/www.grupotagar.com\/es\/recrutamento\/operador-de-grua-movil\/#primaryimage"},"thumbnailUrl":"https:\/\/www.grupotagar.com\/wp-content\/uploads\/2025\/11\/tagar-cranne2.webp","datePublished":"2025-11-13T11:41:59+00:00","dateModified":"2025-11-18T09:56:45+00:00","description":"Grupotagar, empresa de referencia en el sector e\u00f3lico, de la construcci\u00f3n y de servicios industriales, se encuentra en proceso de selecci\u00f3n de un Operador de gr\u00faa m\u00f3vil para unirse a su equipo.","breadcrumb":{"@id":"https:\/\/www.grupotagar.com\/es\/recrutamento\/operador-de-grua-movil\/#breadcrumb"},"inLanguage":"es","potentialAction":[{"@type":"ReadAction","target":["https:\/\/www.grupotagar.com\/es\/recrutamento\/operador-de-grua-movil\/"]}]},{"@type":"ImageObject","inLanguage":"es","@id":"https:\/\/www.grupotagar.com\/es\/recrutamento\/operador-de-grua-movil\/#primaryimage","url":"https:\/\/www.grupotagar.com\/wp-content\/uploads\/2025\/11\/tagar-cranne2.webp","contentUrl":"https:\/\/www.grupotagar.com\/wp-content\/uploads\/2025\/11\/tagar-cranne2.webp","width":1800,"height":1350,"caption":"Grupo Tagar"},{"@type":"BreadcrumbList","@id":"https:\/\/www.grupotagar.com\/es\/recrutamento\/operador-de-grua-movil\/#breadcrumb","itemListElement":[{"@type":"ListItem","position":1,"name":"In\u00edcio","item":"https:\/\/www.grupotagar.com\/es\/"},{"@type":"ListItem","position":2,"name":"Reclutamiento","item":"https:\/\/www.grupotagar.com\/es\/recrutamento\/"},{"@type":"ListItem","position":3,"name":"Operador de gr\u00faa m\u00f3vil"}]},{"@type":"WebSite","@id":"https:\/\/www.grupotagar.com\/es\/#website","url":"https:\/\/www.grupotagar.com\/es\/","name":"Grupo Tagar","description":"We Make Your Project Happen","publisher":{"@id":"https:\/\/www.grupotagar.com\/es\/#organization"},"potentialAction":[{"@type":"SearchAction","target":{"@type":"EntryPoint","urlTemplate":"https:\/\/www.grupotagar.com\/es\/?s={search_term_string}"},"query-input":{"@type":"PropertyValueSpecification","valueRequired":true,"valueName":"search_term_string"}}],"inLanguage":"es"},{"@type":"Organization","@id":"https:\/\/www.grupotagar.com\/es\/#organization","name":"Grupo Tagar","url":"https:\/\/www.grupotagar.com\/es\/","logo":{"@type":"ImageObject","inLanguage":"es","@id":"https:\/\/www.grupotagar.com\/es\/#\/schema\/logo\/image\/","url":"https:\/\/www.grupotagar.com\/wp-content\/uploads\/2019\/07\/grupotagar.png","contentUrl":"https:\/\/www.grupotagar.com\/wp-content\/uploads\/2019\/07\/grupotagar.png","width":210,"height":80,"caption":"Grupo Tagar"},"image":{"@id":"https:\/\/www.grupotagar.com\/es\/#\/schema\/logo\/image\/"},"sameAs":["https:\/\/www.facebook.com\/grupotagar\/","https:\/\/www.linkedin.com\/company\/grupotagar\/","https:\/\/www.youtube.com\/user\/grupotagar"]}]}},"_links":{"self":[{"href":"https:\/\/www.grupotagar.com\/es\/wp-json\/wp\/v2\/pages\/8266","targetHints":{"allow":["GET"]}}],"collection":[{"href":"https:\/\/www.grupotagar.com\/es\/wp-json\/wp\/v2\/pages"}],"about":[{"href":"https:\/\/www.grupotagar.com\/es\/wp-json\/wp\/v2\/types\/page"}],"author":[{"embeddable":true,"href":"https:\/\/www.grupotagar.com\/es\/wp-json\/wp\/v2\/users\/1"}],"replies":[{"embeddable":true,"href":"https:\/\/www.grupotagar.com\/es\/wp-json\/wp\/v2\/comments?post=8266"}],"version-history":[{"count":4,"href":"https:\/\/www.grupotagar.com\/es\/wp-json\/wp\/v2\/pages\/8266\/revisions"}],"predecessor-version":[{"id":8278,"href":"https:\/\/www.grupotagar.com\/es\/wp-json\/wp\/v2\/pages\/8266\/revisions\/8278"}],"up":[{"embeddable":true,"href":"https:\/\/www.grupotagar.com\/es\/wp-json\/wp\/v2\/pages\/8255"}],"wp:featuredmedia":[{"embeddable":true,"href":"https:\/\/www.grupotagar.com\/es\/wp-json\/wp\/v2\/media\/8173"}],"wp:attachment":[{"href":"https:\/\/www.grupotagar.com\/es\/wp-json\/wp\/v2\/media?parent=8266"}],"curies":[{"name":"wp","href":"https:\/\/api.w.org\/{rel}","templated":true}]}}